{"id":133,"date":"2020-02-03T12:17:27","date_gmt":"2020-02-03T12:17:27","guid":{"rendered":"https:\/\/kosmika-trgovina.si\/LPT\/?post_type=product&#038;p=133"},"modified":"2020-04-08T12:52:59","modified_gmt":"2020-04-08T12:52:59","slug":"zapestnica-vilinski-simbol-ljubezen","status":"publish","type":"product","link":"https:\/\/kosmika-trgovina.si\/LPT\/trgovina\/vilinski-simboli\/zapestnica-vilinski-simbol-ljubezen\/","title":{"rendered":"Zapestnica Vilinski simbol &#8211; LJUBEZEN"},"content":{"rendered":"<p>Energijski simbol Ljubezen je eden najbolj priljubljenih simbolov. Primeren je tako za <i>vezane\u00a0<\/i>kot za\u00a0<i>samske<\/i>, za tiste\u00a0<i>s strtim srcem<\/i>\u00a0in tiste, ki si \u017eelijo narediti vse, da bi\u00a0<i>zveza uspela<\/i>. Njegova skrivnost: v prvi vrsti in najbolj spodbuja<i>\u00a0ljubezen do sebe<\/i>, saj nam \u0161ele ta daje mo\u010d , da ljubimo druge.<\/p>\n<p><strong>UPORABA:\u00a0<\/strong>Preden si zapestnico nadene\u0161 na roko, jo nekaj trenutkov podr\u017ei v dlaneh in izgovori njeno mantro (Amar Nat) vsaj trikrat zaporedoma (lahko tudi v mislih). Potem pa jo nadeni na svojo roko, jo prekrij z drugo dlanjo in ji \u201cpovej,\u201d kak\u0161no pomo\u010d \u017eeli\u0161 od nje, kaj pri\u010dakuje\u0161.<\/p>\n<p>*Vilinski simboli so energijska podpora. \u010ce jim dovoli\u0161, da delujejo, bodo delovali. Vendar pa si vedno zamislimo cilj oziroma spremembo, ter pustimo Univerzumu proste roke, da izbere najbolj\u0161o mo\u017eno pot. Rezultati so lahko razli\u010dni.<\/p>\n","protected":false},"excerpt":{"rendered":"<p>Energijski simbol Ljubezen je eden najbolj priljubljenih simbolov. Primeren je tako za <i>vezane\u00a0<\/i>kot za\u00a0<i>samske<\/i>, za tiste\u00a0<i>s strtim srcem<\/i>\u00a0in tiste, ki si \u017eelijo narediti vse, da bi\u00a0<i>zveza uspela<\/i>. Njegova skrivnost: v prvi vrsti in najbolj spodbuja<i>\u00a0ljubezen do sebe<\/i>, saj nam \u0161ele ta daje mo\u010d , da ljubimo druge.<\/p>\n","protected":false},"featured_media":1390,"template":"","meta":{"site-sidebar-layout":"default","site-content-layout":"","ast-site-content-layout":"default","site-content-style":"default","site-sidebar-style":"default","ast-global-header-display":"","ast-banner-title-visibility":"","ast-main-header-display":"","ast-hfb-above-header-display":"","ast-hfb-below-header-display":"","ast-hfb-mobile-header-display":"","site-post-title":"","ast-breadcrumbs-content":"","ast-featured-img":"","footer-sml-layout":"","ast-disable-related-posts":"","theme-transparent-header-meta":"","adv-header-id-meta":"","stick-header-meta":"","header-above-stick-meta":"","header-main-stick-meta":"","header-below-stick-meta":"","astra-migrate-meta-layouts":"default","ast-page-background-enabled":"default","ast-page-background-meta":{"desktop":{"background-color":"var(--ast-global-color-4)","background-image":"","background-repeat":"repeat","background-position":"center center","background-size":"auto","background-attachment":"scroll","background-type":"","background-media":"","overlay-type":"","overlay-color":"","overlay-opacity":"","overlay-gradient":""},"tablet":{"background-color":"","background-image":"","background-repeat":"repeat","background-position":"center center","background-size":"auto","background-attachment":"scroll","background-type":"","background-media":"","overlay-type":"","overlay-color":"","overlay-opacity":"","overlay-gradient":""},"mobile":{"background-color":"","background-image":"","background-repeat":"repeat","background-position":"center center","background-size":"auto","background-attachment":"scroll","background-type":"","background-media":"","overlay-type":"","overlay-color":"","overlay-opacity":"","overlay-gradient":""}},"ast-content-background-meta":{"desktop":{"background-color":"var(--ast-global-color-5)","background-image":"","background-repeat":"repeat","background-position":"center center","background-size":"auto","background-attachment":"scroll","background-type":"","background-media":"","overlay-type":"","overlay-color":"","overlay-opacity":"","overlay-gradient":""},"tablet":{"background-color":"var(--ast-global-color-5)","background-image":"","background-repeat":"repeat","background-position":"center center","background-size":"auto","background-attachment":"scroll","background-type":"","background-media":"","overlay-type":"","overlay-color":"","overlay-opacity":"","overlay-gradient":""},"mobile":{"background-color":"var(--ast-global-color-5)","background-image":"","background-repeat":"repeat","background-position":"center center","background-size":"auto","background-attachment":"scroll","background-type":"","background-media":"","overlay-type":"","overlay-color":"","overlay-opacity":"","overlay-gradient":""}}},"product_brand":[],"product_cat":[42],"product_tag":[],"class_list":{"0":"post-133","1":"product","2":"type-product","3":"status-publish","4":"has-post-thumbnail","6":"product_cat-vilinski-simboli","7":"product_shipping_class-dostava","8":"desktop-align-left","9":"tablet-align-left","10":"mobile-align-left","12":"first","13":"instock","14":"sale","15":"taxable","16":"shipping-taxable","17":"purchasable","18":"product-type-variable"},"yoast_head":"<!-- This site is optimized with the Yoast SEO plugin v27.4 - https:\/\/yoast.com\/product\/yoast-seo-wordpress\/ -->\n<title>Zapestnica Vilinski simbol - LJUBEZEN - Kosmika trgovina<\/title>\n<meta name=\"robots\" content=\"index, follow, max-snippet:-1, max-image-preview:large, max-video-preview:-1\" \/>\n<link rel=\"canonical\" href=\"https:\/\/kosmika-trgovina.si\/LPT\/trgovina\/vilinski-simboli\/zapestnica-vilinski-simbol-ljubezen\/\" \/>\n<meta property=\"og:locale\" content=\"sl_SI\" \/>\n<meta property=\"og:type\" content=\"article\" \/>\n<meta property=\"og:title\" content=\"Zapestnica Vilinski simbol - LJUBEZEN - Kosmika trgovina\" \/>\n<meta property=\"og:description\" content=\"Energijski simbol Ljubezen je eden najbolj priljubljenih simbolov. Primeren je tako za vezane\u00a0kot za\u00a0samske, za tiste\u00a0s strtim srcem\u00a0in tiste, ki si \u017eelijo narediti vse, da bi\u00a0zveza uspela. Njegova skrivnost: v prvi vrsti in najbolj spodbuja\u00a0ljubezen do sebe, saj nam \u0161ele ta daje mo\u010d , da ljubimo druge.\" \/>\n<meta property=\"og:url\" content=\"https:\/\/kosmika-trgovina.si\/LPT\/trgovina\/vilinski-simboli\/zapestnica-vilinski-simbol-ljubezen\/\" \/>\n<meta property=\"og:site_name\" content=\"Kosmika trgovina\" \/>\n<meta property=\"article:modified_time\" content=\"2020-04-08T12:52:59+00:00\" \/>\n<meta property=\"og:image\" content=\"https:\/\/kosmika-trgovina.si\/LPT\/wp-content\/uploads\/2020\/02\/zapestnica-vilinski-simbol-ljubezen.png\" \/>\n\t<meta property=\"og:image:width\" content=\"800\" \/>\n\t<meta property=\"og:image:height\" content=\"800\" \/>\n\t<meta property=\"og:image:type\" content=\"image\/png\" \/>\n<meta name=\"twitter:card\" content=\"summary_large_image\" \/>\n<meta name=\"twitter:label1\" content=\"Est. reading time\" \/>\n\t<meta name=\"twitter:data1\" content=\"1 minuta\" \/>\n<script type=\"application\/ld+json\" class=\"yoast-schema-graph\">{\"@context\":\"https:\\\/\\\/schema.org\",\"@graph\":[{\"@type\":\"WebPage\",\"@id\":\"https:\\\/\\\/kosmika-trgovina.si\\\/LPT\\\/trgovina\\\/vilinski-simboli\\\/zapestnica-vilinski-simbol-ljubezen\\\/\",\"url\":\"https:\\\/\\\/kosmika-trgovina.si\\\/LPT\\\/trgovina\\\/vilinski-simboli\\\/zapestnica-vilinski-simbol-ljubezen\\\/\",\"name\":\"Zapestnica Vilinski simbol - LJUBEZEN - Kosmika trgovina\",\"isPartOf\":{\"@id\":\"https:\\\/\\\/kosmika-trgovina.si\\\/LPT\\\/#website\"},\"primaryImageOfPage\":{\"@id\":\"https:\\\/\\\/kosmika-trgovina.si\\\/LPT\\\/trgovina\\\/vilinski-simboli\\\/zapestnica-vilinski-simbol-ljubezen\\\/#primaryimage\"},\"image\":{\"@id\":\"https:\\\/\\\/kosmika-trgovina.si\\\/LPT\\\/trgovina\\\/vilinski-simboli\\\/zapestnica-vilinski-simbol-ljubezen\\\/#primaryimage\"},\"thumbnailUrl\":\"https:\\\/\\\/kosmika-trgovina.si\\\/LPT\\\/wp-content\\\/uploads\\\/2020\\\/02\\\/zapestnica-vilinski-simbol-ljubezen.png\",\"datePublished\":\"2020-02-03T12:17:27+00:00\",\"dateModified\":\"2020-04-08T12:52:59+00:00\",\"breadcrumb\":{\"@id\":\"https:\\\/\\\/kosmika-trgovina.si\\\/LPT\\\/trgovina\\\/vilinski-simboli\\\/zapestnica-vilinski-simbol-ljubezen\\\/#breadcrumb\"},\"inLanguage\":\"sl-SI\",\"potentialAction\":[{\"@type\":\"ReadAction\",\"target\":[\"https:\\\/\\\/kosmika-trgovina.si\\\/LPT\\\/trgovina\\\/vilinski-simboli\\\/zapestnica-vilinski-simbol-ljubezen\\\/\"]}]},{\"@type\":\"ImageObject\",\"inLanguage\":\"sl-SI\",\"@id\":\"https:\\\/\\\/kosmika-trgovina.si\\\/LPT\\\/trgovina\\\/vilinski-simboli\\\/zapestnica-vilinski-simbol-ljubezen\\\/#primaryimage\",\"url\":\"https:\\\/\\\/kosmika-trgovina.si\\\/LPT\\\/wp-content\\\/uploads\\\/2020\\\/02\\\/zapestnica-vilinski-simbol-ljubezen.png\",\"contentUrl\":\"https:\\\/\\\/kosmika-trgovina.si\\\/LPT\\\/wp-content\\\/uploads\\\/2020\\\/02\\\/zapestnica-vilinski-simbol-ljubezen.png\",\"width\":800,\"height\":800},{\"@type\":\"BreadcrumbList\",\"@id\":\"https:\\\/\\\/kosmika-trgovina.si\\\/LPT\\\/trgovina\\\/vilinski-simboli\\\/zapestnica-vilinski-simbol-ljubezen\\\/#breadcrumb\",\"itemListElement\":[{\"@type\":\"ListItem\",\"position\":1,\"name\":\"Home\",\"item\":\"https:\\\/\\\/kosmika-trgovina.si\\\/LPT\\\/\"},{\"@type\":\"ListItem\",\"position\":2,\"name\":\"Trgovina\",\"item\":\"https:\\\/\\\/kosmika-trgovina.si\\\/LPT\\\/\"},{\"@type\":\"ListItem\",\"position\":3,\"name\":\"Zapestnica Vilinski simbol &#8211; LJUBEZEN\"}]},{\"@type\":\"WebSite\",\"@id\":\"https:\\\/\\\/kosmika-trgovina.si\\\/LPT\\\/#website\",\"url\":\"https:\\\/\\\/kosmika-trgovina.si\\\/LPT\\\/\",\"name\":\"Kosmika trgovina\",\"description\":\"Kosmika trgovina\",\"publisher\":{\"@id\":\"https:\\\/\\\/kosmika-trgovina.si\\\/LPT\\\/#organization\"},\"potentialAction\":[{\"@type\":\"SearchAction\",\"target\":{\"@type\":\"EntryPoint\",\"urlTemplate\":\"https:\\\/\\\/kosmika-trgovina.si\\\/LPT\\\/?s={search_term_string}\"},\"query-input\":{\"@type\":\"PropertyValueSpecification\",\"valueRequired\":true,\"valueName\":\"search_term_string\"}}],\"inLanguage\":\"sl-SI\"},{\"@type\":\"Organization\",\"@id\":\"https:\\\/\\\/kosmika-trgovina.si\\\/LPT\\\/#organization\",\"name\":\"Kosmika trgovina\",\"url\":\"https:\\\/\\\/kosmika-trgovina.si\\\/LPT\\\/\",\"logo\":{\"@type\":\"ImageObject\",\"inLanguage\":\"sl-SI\",\"@id\":\"https:\\\/\\\/kosmika-trgovina.si\\\/LPT\\\/#\\\/schema\\\/logo\\\/image\\\/\",\"url\":\"https:\\\/\\\/kosmika-trgovina.si\\\/LPT\\\/wp-content\\\/uploads\\\/2020\\\/01\\\/cropped-horoskop-logo_top-2.png\",\"contentUrl\":\"https:\\\/\\\/kosmika-trgovina.si\\\/LPT\\\/wp-content\\\/uploads\\\/2020\\\/01\\\/cropped-horoskop-logo_top-2.png\",\"width\":404,\"height\":101,\"caption\":\"Kosmika trgovina\"},\"image\":{\"@id\":\"https:\\\/\\\/kosmika-trgovina.si\\\/LPT\\\/#\\\/schema\\\/logo\\\/image\\\/\"}}]}<\/script>\n<!-- \/ Yoast SEO plugin. -->","yoast_head_json":{"title":"Zapestnica Vilinski simbol - LJUBEZEN - Kosmika trgovina","robots":{"index":"index","follow":"follow","max-snippet":"max-snippet:-1","max-image-preview":"max-image-preview:large","max-video-preview":"max-video-preview:-1"},"canonical":"https:\/\/kosmika-trgovina.si\/LPT\/trgovina\/vilinski-simboli\/zapestnica-vilinski-simbol-ljubezen\/","og_locale":"sl_SI","og_type":"article","og_title":"Zapestnica Vilinski simbol - LJUBEZEN - Kosmika trgovina","og_description":"Energijski simbol Ljubezen je eden najbolj priljubljenih simbolov. Primeren je tako za vezane\u00a0kot za\u00a0samske, za tiste\u00a0s strtim srcem\u00a0in tiste, ki si \u017eelijo narediti vse, da bi\u00a0zveza uspela. Njegova skrivnost: v prvi vrsti in najbolj spodbuja\u00a0ljubezen do sebe, saj nam \u0161ele ta daje mo\u010d , da ljubimo druge.","og_url":"https:\/\/kosmika-trgovina.si\/LPT\/trgovina\/vilinski-simboli\/zapestnica-vilinski-simbol-ljubezen\/","og_site_name":"Kosmika trgovina","article_modified_time":"2020-04-08T12:52:59+00:00","og_image":[{"width":800,"height":800,"url":"https:\/\/kosmika-trgovina.si\/LPT\/wp-content\/uploads\/2020\/02\/zapestnica-vilinski-simbol-ljubezen.png","type":"image\/png"}],"twitter_card":"summary_large_image","twitter_misc":{"Est. reading time":"1 minuta"},"schema":{"@context":"https:\/\/schema.org","@graph":[{"@type":"WebPage","@id":"https:\/\/kosmika-trgovina.si\/LPT\/trgovina\/vilinski-simboli\/zapestnica-vilinski-simbol-ljubezen\/","url":"https:\/\/kosmika-trgovina.si\/LPT\/trgovina\/vilinski-simboli\/zapestnica-vilinski-simbol-ljubezen\/","name":"Zapestnica Vilinski simbol - LJUBEZEN - Kosmika trgovina","isPartOf":{"@id":"https:\/\/kosmika-trgovina.si\/LPT\/#website"},"primaryImageOfPage":{"@id":"https:\/\/kosmika-trgovina.si\/LPT\/trgovina\/vilinski-simboli\/zapestnica-vilinski-simbol-ljubezen\/#primaryimage"},"image":{"@id":"https:\/\/kosmika-trgovina.si\/LPT\/trgovina\/vilinski-simboli\/zapestnica-vilinski-simbol-ljubezen\/#primaryimage"},"thumbnailUrl":"https:\/\/kosmika-trgovina.si\/LPT\/wp-content\/uploads\/2020\/02\/zapestnica-vilinski-simbol-ljubezen.png","datePublished":"2020-02-03T12:17:27+00:00","dateModified":"2020-04-08T12:52:59+00:00","breadcrumb":{"@id":"https:\/\/kosmika-trgovina.si\/LPT\/trgovina\/vilinski-simboli\/zapestnica-vilinski-simbol-ljubezen\/#breadcrumb"},"inLanguage":"sl-SI","potentialAction":[{"@type":"ReadAction","target":["https:\/\/kosmika-trgovina.si\/LPT\/trgovina\/vilinski-simboli\/zapestnica-vilinski-simbol-ljubezen\/"]}]},{"@type":"ImageObject","inLanguage":"sl-SI","@id":"https:\/\/kosmika-trgovina.si\/LPT\/trgovina\/vilinski-simboli\/zapestnica-vilinski-simbol-ljubezen\/#primaryimage","url":"https:\/\/kosmika-trgovina.si\/LPT\/wp-content\/uploads\/2020\/02\/zapestnica-vilinski-simbol-ljubezen.png","contentUrl":"https:\/\/kosmika-trgovina.si\/LPT\/wp-content\/uploads\/2020\/02\/zapestnica-vilinski-simbol-ljubezen.png","width":800,"height":800},{"@type":"BreadcrumbList","@id":"https:\/\/kosmika-trgovina.si\/LPT\/trgovina\/vilinski-simboli\/zapestnica-vilinski-simbol-ljubezen\/#breadcrumb","itemListElement":[{"@type":"ListItem","position":1,"name":"Home","item":"https:\/\/kosmika-trgovina.si\/LPT\/"},{"@type":"ListItem","position":2,"name":"Trgovina","item":"https:\/\/kosmika-trgovina.si\/LPT\/"},{"@type":"ListItem","position":3,"name":"Zapestnica Vilinski simbol &#8211; LJUBEZEN"}]},{"@type":"WebSite","@id":"https:\/\/kosmika-trgovina.si\/LPT\/#website","url":"https:\/\/kosmika-trgovina.si\/LPT\/","name":"Kosmika trgovina","description":"Kosmika trgovina","publisher":{"@id":"https:\/\/kosmika-trgovina.si\/LPT\/#organization"},"potentialAction":[{"@type":"SearchAction","target":{"@type":"EntryPoint","urlTemplate":"https:\/\/kosmika-trgovina.si\/LPT\/?s={search_term_string}"},"query-input":{"@type":"PropertyValueSpecification","valueRequired":true,"valueName":"search_term_string"}}],"inLanguage":"sl-SI"},{"@type":"Organization","@id":"https:\/\/kosmika-trgovina.si\/LPT\/#organization","name":"Kosmika trgovina","url":"https:\/\/kosmika-trgovina.si\/LPT\/","logo":{"@type":"ImageObject","inLanguage":"sl-SI","@id":"https:\/\/kosmika-trgovina.si\/LPT\/#\/schema\/logo\/image\/","url":"https:\/\/kosmika-trgovina.si\/LPT\/wp-content\/uploads\/2020\/01\/cropped-horoskop-logo_top-2.png","contentUrl":"https:\/\/kosmika-trgovina.si\/LPT\/wp-content\/uploads\/2020\/01\/cropped-horoskop-logo_top-2.png","width":404,"height":101,"caption":"Kosmika trgovina"},"image":{"@id":"https:\/\/kosmika-trgovina.si\/LPT\/#\/schema\/logo\/image\/"}}]}},"_links":{"self":[{"href":"https:\/\/kosmika-trgovina.si\/LPT\/wp-json\/wp\/v2\/product\/133","targetHints":{"allow":["GET"]}}],"collection":[{"href":"https:\/\/kosmika-trgovina.si\/LPT\/wp-json\/wp\/v2\/product"}],"about":[{"href":"https:\/\/kosmika-trgovina.si\/LPT\/wp-json\/wp\/v2\/types\/product"}],"version-history":[{"count":0,"href":"https:\/\/kosmika-trgovina.si\/LPT\/wp-json\/wp\/v2\/product\/133\/revisions"}],"wp:featuredmedia":[{"embeddable":true,"href":"https:\/\/kosmika-trgovina.si\/LPT\/wp-json\/wp\/v2\/media\/1390"}],"wp:attachment":[{"href":"https:\/\/kosmika-trgovina.si\/LPT\/wp-json\/wp\/v2\/media?parent=133"}],"wp:term":[{"taxonomy":"product_brand","embeddable":true,"href":"https:\/\/kosmika-trgovina.si\/LPT\/wp-json\/wp\/v2\/product_brand?post=133"},{"taxonomy":"product_cat","embeddable":true,"href":"https:\/\/kosmika-trgovina.si\/LPT\/wp-json\/wp\/v2\/product_cat?post=133"},{"taxonomy":"product_tag","embeddable":true,"href":"https:\/\/kosmika-trgovina.si\/LPT\/wp-json\/wp\/v2\/product_tag?post=133"}],"curies":[{"name":"wp","href":"https:\/\/api.w.org\/{rel}","templated":true}]}}