{"id":1411,"date":"2020-04-09T11:57:41","date_gmt":"2020-04-09T11:57:41","guid":{"rendered":"https:\/\/kosmika-trgovina.si\/LPT\/?post_type=product&#038;p=1411"},"modified":"2022-12-08T10:30:38","modified_gmt":"2022-12-08T10:30:38","slug":"energijsko-jajce","status":"publish","type":"product","link":"https:\/\/kosmika-trgovina.si\/LPT\/trgovina\/kristali\/energijsko-jajce\/","title":{"rendered":"Energijsko jajce"},"content":{"rendered":"<p style=\"font-weight: 400;\">Obesek iz kristala, ki v Indiji velja za sveti kamen.<\/p>\n<ul style=\"font-weight: 400;\">\n<li>pove\u010duje vitalnost<\/li>\n<li>dviga raven energije<\/li>\n<li>spodbuja dobro po\u010dutje<\/li>\n<li>krepi povezavo med mo\u0161kim in \u017eensko<\/li>\n<li>pomaga pri osebni preobrazbi<\/li>\n<\/ul>\n<p style=\"font-weight: 400;\">Ne glede na to, na katerem podro\u010dju potrebujete spremembo, vas bo ta obesek vedno podpiral. Njegova skrivna mo\u010d je v tem, da vam pomaga<strong>\u00a0spoznati, kdo ste<\/strong>, zato z njegovo pomo\u010djo ne boste ve\u010d sprejemali napa\u010dnih odlo\u010ditev. Ravno tako se boste manj bali, \u010de se morate postaviti zase ali narediti kaj, kar drugim ne bo preve\u010d v\u0161e\u010d.<\/p>\n<p style=\"font-weight: 400;\">Kot simbol kozmi\u010dnega jajca, iz katerega se je rodilo \u017eivljenje, ta obesek spodbuja trdnost in mehkost, mo\u0161ki in \u017eenski princip. Vedno tisto,<strong>\u00a0kar potrebujemo za svoj uspeh<\/strong>.<\/p>\n<p style=\"font-weight: 400;\"><strong>Uporaba<br \/>\n<\/strong>Energijsko jajce je kristal z imenom Shiva Lingam, ki se pri navadni uporabi sam od sebe \u010disti in polni. Vseeno vam svetujemo, da ga pred prvo uporabo (torej takoj, ko ga dobite) najprej splaknete pod teko\u010do hladno vodo, nato pa ga previdno podr\u017eite za nekaj minut nad plamenom sve\u010de.<\/p>\n<p style=\"font-weight: 400;\">Obesek dobite na vrvici (<strong>brezpla\u010den dodatek<\/strong>). Priporo\u010dljivo je, da ga \u010dim pogosteje nosite. Lahko ga imate tudi v torbici, \u017eepu ipd. Primeren je tudi za uporabo pri meditaciji (polo\u017eite ga v levo dlan).<\/p>\n<p>*Brezpla\u010dna po\u0161tnina za vse vrste predpla\u010dil. Ne velja v primeru izbire pla\u010dila &#8220;Po povzetju&#8221;.<\/p>\n","protected":false},"excerpt":{"rendered":"<p style=\"font-weight: 400;\">Obesek iz kristala, ki v Indiji velja za sveti kamen.<\/p>\n<ul style=\"font-weight: 400;\">\n<li>pove\u010duje vitalnost<\/li>\n<li>dviga raven energije<\/li>\n<li>spodbuja dobro po\u010dutje<\/li>\n<li>krepi povezavo med mo\u0161kim in \u017eensko<\/li>\n<li>pomaga pri osebni preobrazbi<\/li>\n<\/ul>\n<p style=\"font-weight: 400;\">Ne glede na to, na katerem podro\u010dju potrebujete spremembo, vas bo ta obesek vedno podpiral. Njegova skrivna mo\u010d je v tem, da vam pomaga<strong>\u00a0spoznati, kdo ste<\/strong>, zato z njegovo pomo\u010djo ne boste ve\u010d sprejemali napa\u010dnih odlo\u010ditev. Ravno tako se boste manj bali, \u010de se morate postaviti zase ali narediti kaj, kar drugim ne bo preve\u010d v\u0161e\u010d.<br \/>\nKot simbol kozmi\u010dnega jajca, iz katerega se je rodilo \u017eivljenje, ta obesek spodbuja trdnost in mehkost, mo\u0161ki in \u017eenski princip. Vedno tisto,<strong>\u00a0kar potrebujemo za svoj uspeh<\/strong>.<br \/>\nObesek dobite na vrvici (<strong>brezpla\u010den dodatek<\/strong>).<\/p>\n","protected":false},"featured_media":1414,"template":"","meta":{"site-sidebar-layout":"default","site-content-layout":"default","ast-site-content-layout":"default","site-content-style":"default","site-sidebar-style":"default","ast-global-header-display":"","ast-banner-title-visibility":"","ast-main-header-display":"","ast-hfb-above-header-display":"","ast-hfb-below-header-display":"","ast-hfb-mobile-header-display":"","site-post-title":"","ast-breadcrumbs-content":"","ast-featured-img":"","footer-sml-layout":"","ast-disable-related-posts":"","theme-transparent-header-meta":"default","adv-header-id-meta":"","stick-header-meta":"","header-above-stick-meta":"","header-main-stick-meta":"","header-below-stick-meta":"","astra-migrate-meta-layouts":"default","ast-page-background-enabled":"default","ast-page-background-meta":{"desktop":{"background-color":"var(--ast-global-color-4)","background-image":"","background-repeat":"repeat","background-position":"center center","background-size":"auto","background-attachment":"scroll","background-type":"","background-media":"","overlay-type":"","overlay-color":"","overlay-opacity":"","overlay-gradient":""},"tablet":{"background-color":"","background-image":"","background-repeat":"repeat","background-position":"center center","background-size":"auto","background-attachment":"scroll","background-type":"","background-media":"","overlay-type":"","overlay-color":"","overlay-opacity":"","overlay-gradient":""},"mobile":{"background-color":"","background-image":"","background-repeat":"repeat","background-position":"center center","background-size":"auto","background-attachment":"scroll","background-type":"","background-media":"","overlay-type":"","overlay-color":"","overlay-opacity":"","overlay-gradient":""}},"ast-content-background-meta":{"desktop":{"background-color":"var(--ast-global-color-5)","background-image":"","background-repeat":"repeat","background-position":"center center","background-size":"auto","background-attachment":"scroll","background-type":"","background-media":"","overlay-type":"","overlay-color":"","overlay-opacity":"","overlay-gradient":""},"tablet":{"background-color":"var(--ast-global-color-5)","background-image":"","background-repeat":"repeat","background-position":"center center","background-size":"auto","background-attachment":"scroll","background-type":"","background-media":"","overlay-type":"","overlay-color":"","overlay-opacity":"","overlay-gradient":""},"mobile":{"background-color":"var(--ast-global-color-5)","background-image":"","background-repeat":"repeat","background-position":"center center","background-size":"auto","background-attachment":"scroll","background-type":"","background-media":"","overlay-type":"","overlay-color":"","overlay-opacity":"","overlay-gradient":""}}},"product_brand":[],"product_cat":[55,114],"product_tag":[],"class_list":{"0":"post-1411","1":"product","2":"type-product","3":"status-publish","4":"has-post-thumbnail","6":"product_cat-kristali","7":"product_cat-nakit","8":"product_shipping_class-brezplacna-dostava","9":"desktop-align-left","10":"tablet-align-left","11":"mobile-align-left","13":"first","14":"instock","15":"sale","16":"taxable","17":"shipping-taxable","18":"purchasable","19":"product-type-simple"},"yoast_head":"<!-- This site is optimized with the Yoast SEO plugin v27.5 - https:\/\/yoast.com\/product\/yoast-seo-wordpress\/ -->\n<title>Energijsko jajce - Kosmika trgovina<\/title>\n<meta name=\"robots\" content=\"index, follow, max-snippet:-1, max-image-preview:large, max-video-preview:-1\" \/>\n<link rel=\"canonical\" href=\"https:\/\/kosmika-trgovina.si\/LPT\/trgovina\/kristali\/energijsko-jajce\/\" \/>\n<meta property=\"og:locale\" content=\"sl_SI\" \/>\n<meta property=\"og:type\" content=\"article\" \/>\n<meta property=\"og:title\" content=\"Energijsko jajce - Kosmika trgovina\" \/>\n<meta property=\"og:description\" content=\"Obesek iz kristala, ki v Indiji velja za sveti kamen.    pove\u010duje vitalnost  dviga raven energije  spodbuja dobro po\u010dutje  krepi povezavo med mo\u0161kim in \u017eensko  pomaga pri osebni preobrazbi  Ne glede na to, na katerem podro\u010dju potrebujete spremembo, vas bo ta obesek vedno podpiral. Njegova skrivna mo\u010d je v tem, da vam pomaga\u00a0spoznati, kdo ste, zato z njegovo pomo\u010djo ne boste ve\u010d sprejemali napa\u010dnih odlo\u010ditev. Ravno tako se boste manj bali, \u010de se morate postaviti zase ali narediti kaj, kar drugim ne bo preve\u010d v\u0161e\u010d. Kot simbol kozmi\u010dnega jajca, iz katerega se je rodilo \u017eivljenje, ta obesek spodbuja trdnost in mehkost, mo\u0161ki in \u017eenski princip. Vedno tisto,\u00a0kar potrebujemo za svoj uspeh. Obesek dobite na vrvici (brezpla\u010den dodatek).\" \/>\n<meta property=\"og:url\" content=\"https:\/\/kosmika-trgovina.si\/LPT\/trgovina\/kristali\/energijsko-jajce\/\" \/>\n<meta property=\"og:site_name\" content=\"Kosmika trgovina\" \/>\n<meta property=\"article:modified_time\" content=\"2022-12-08T10:30:38+00:00\" \/>\n<meta property=\"og:image\" content=\"https:\/\/kosmika-trgovina.si\/LPT\/wp-content\/uploads\/2020\/04\/energijsko-jajce.jpg\" \/>\n\t<meta property=\"og:image:width\" content=\"500\" \/>\n\t<meta property=\"og:image:height\" content=\"500\" \/>\n\t<meta property=\"og:image:type\" content=\"image\/jpeg\" \/>\n<meta name=\"twitter:card\" content=\"summary_large_image\" \/>\n<meta name=\"twitter:label1\" content=\"Est. reading time\" \/>\n\t<meta name=\"twitter:data1\" content=\"1 minuta\" \/>\n<script type=\"application\/ld+json\" class=\"yoast-schema-graph\">{\"@context\":\"https:\\\/\\\/schema.org\",\"@graph\":[{\"@type\":\"WebPage\",\"@id\":\"https:\\\/\\\/kosmika-trgovina.si\\\/LPT\\\/trgovina\\\/kristali\\\/energijsko-jajce\\\/\",\"url\":\"https:\\\/\\\/kosmika-trgovina.si\\\/LPT\\\/trgovina\\\/kristali\\\/energijsko-jajce\\\/\",\"name\":\"Energijsko jajce - Kosmika trgovina\",\"isPartOf\":{\"@id\":\"https:\\\/\\\/kosmika-trgovina.si\\\/LPT\\\/#website\"},\"primaryImageOfPage\":{\"@id\":\"https:\\\/\\\/kosmika-trgovina.si\\\/LPT\\\/trgovina\\\/kristali\\\/energijsko-jajce\\\/#primaryimage\"},\"image\":{\"@id\":\"https:\\\/\\\/kosmika-trgovina.si\\\/LPT\\\/trgovina\\\/kristali\\\/energijsko-jajce\\\/#primaryimage\"},\"thumbnailUrl\":\"https:\\\/\\\/kosmika-trgovina.si\\\/LPT\\\/wp-content\\\/uploads\\\/2020\\\/04\\\/energijsko-jajce.jpg\",\"datePublished\":\"2020-04-09T11:57:41+00:00\",\"dateModified\":\"2022-12-08T10:30:38+00:00\",\"breadcrumb\":{\"@id\":\"https:\\\/\\\/kosmika-trgovina.si\\\/LPT\\\/trgovina\\\/kristali\\\/energijsko-jajce\\\/#breadcrumb\"},\"inLanguage\":\"sl-SI\",\"potentialAction\":[{\"@type\":\"ReadAction\",\"target\":[\"https:\\\/\\\/kosmika-trgovina.si\\\/LPT\\\/trgovina\\\/kristali\\\/energijsko-jajce\\\/\"]}]},{\"@type\":\"ImageObject\",\"inLanguage\":\"sl-SI\",\"@id\":\"https:\\\/\\\/kosmika-trgovina.si\\\/LPT\\\/trgovina\\\/kristali\\\/energijsko-jajce\\\/#primaryimage\",\"url\":\"https:\\\/\\\/kosmika-trgovina.si\\\/LPT\\\/wp-content\\\/uploads\\\/2020\\\/04\\\/energijsko-jajce.jpg\",\"contentUrl\":\"https:\\\/\\\/kosmika-trgovina.si\\\/LPT\\\/wp-content\\\/uploads\\\/2020\\\/04\\\/energijsko-jajce.jpg\",\"width\":500,\"height\":500},{\"@type\":\"BreadcrumbList\",\"@id\":\"https:\\\/\\\/kosmika-trgovina.si\\\/LPT\\\/trgovina\\\/kristali\\\/energijsko-jajce\\\/#breadcrumb\",\"itemListElement\":[{\"@type\":\"ListItem\",\"position\":1,\"name\":\"Home\",\"item\":\"https:\\\/\\\/kosmika-trgovina.si\\\/LPT\\\/\"},{\"@type\":\"ListItem\",\"position\":2,\"name\":\"Trgovina\",\"item\":\"https:\\\/\\\/kosmika-trgovina.si\\\/LPT\\\/\"},{\"@type\":\"ListItem\",\"position\":3,\"name\":\"Energijsko jajce\"}]},{\"@type\":\"WebSite\",\"@id\":\"https:\\\/\\\/kosmika-trgovina.si\\\/LPT\\\/#website\",\"url\":\"https:\\\/\\\/kosmika-trgovina.si\\\/LPT\\\/\",\"name\":\"Kosmika trgovina\",\"description\":\"Kosmika trgovina\",\"publisher\":{\"@id\":\"https:\\\/\\\/kosmika-trgovina.si\\\/LPT\\\/#organization\"},\"potentialAction\":[{\"@type\":\"SearchAction\",\"target\":{\"@type\":\"EntryPoint\",\"urlTemplate\":\"https:\\\/\\\/kosmika-trgovina.si\\\/LPT\\\/?s={search_term_string}\"},\"query-input\":{\"@type\":\"PropertyValueSpecification\",\"valueRequired\":true,\"valueName\":\"search_term_string\"}}],\"inLanguage\":\"sl-SI\"},{\"@type\":\"Organization\",\"@id\":\"https:\\\/\\\/kosmika-trgovina.si\\\/LPT\\\/#organization\",\"name\":\"Kosmika trgovina\",\"url\":\"https:\\\/\\\/kosmika-trgovina.si\\\/LPT\\\/\",\"logo\":{\"@type\":\"ImageObject\",\"inLanguage\":\"sl-SI\",\"@id\":\"https:\\\/\\\/kosmika-trgovina.si\\\/LPT\\\/#\\\/schema\\\/logo\\\/image\\\/\",\"url\":\"https:\\\/\\\/kosmika-trgovina.si\\\/LPT\\\/wp-content\\\/uploads\\\/2020\\\/01\\\/cropped-horoskop-logo_top-2.png\",\"contentUrl\":\"https:\\\/\\\/kosmika-trgovina.si\\\/LPT\\\/wp-content\\\/uploads\\\/2020\\\/01\\\/cropped-horoskop-logo_top-2.png\",\"width\":404,\"height\":101,\"caption\":\"Kosmika trgovina\"},\"image\":{\"@id\":\"https:\\\/\\\/kosmika-trgovina.si\\\/LPT\\\/#\\\/schema\\\/logo\\\/image\\\/\"}}]}<\/script>\n<!-- \/ Yoast SEO plugin. -->","yoast_head_json":{"title":"Energijsko jajce - Kosmika trgovina","robots":{"index":"index","follow":"follow","max-snippet":"max-snippet:-1","max-image-preview":"max-image-preview:large","max-video-preview":"max-video-preview:-1"},"canonical":"https:\/\/kosmika-trgovina.si\/LPT\/trgovina\/kristali\/energijsko-jajce\/","og_locale":"sl_SI","og_type":"article","og_title":"Energijsko jajce - Kosmika trgovina","og_description":"Obesek iz kristala, ki v Indiji velja za sveti kamen.    pove\u010duje vitalnost  dviga raven energije  spodbuja dobro po\u010dutje  krepi povezavo med mo\u0161kim in \u017eensko  pomaga pri osebni preobrazbi  Ne glede na to, na katerem podro\u010dju potrebujete spremembo, vas bo ta obesek vedno podpiral. Njegova skrivna mo\u010d je v tem, da vam pomaga\u00a0spoznati, kdo ste, zato z njegovo pomo\u010djo ne boste ve\u010d sprejemali napa\u010dnih odlo\u010ditev. Ravno tako se boste manj bali, \u010de se morate postaviti zase ali narediti kaj, kar drugim ne bo preve\u010d v\u0161e\u010d. Kot simbol kozmi\u010dnega jajca, iz katerega se je rodilo \u017eivljenje, ta obesek spodbuja trdnost in mehkost, mo\u0161ki in \u017eenski princip. Vedno tisto,\u00a0kar potrebujemo za svoj uspeh. Obesek dobite na vrvici (brezpla\u010den dodatek).","og_url":"https:\/\/kosmika-trgovina.si\/LPT\/trgovina\/kristali\/energijsko-jajce\/","og_site_name":"Kosmika trgovina","article_modified_time":"2022-12-08T10:30:38+00:00","og_image":[{"width":500,"height":500,"url":"https:\/\/kosmika-trgovina.si\/LPT\/wp-content\/uploads\/2020\/04\/energijsko-jajce.jpg","type":"image\/jpeg"}],"twitter_card":"summary_large_image","twitter_misc":{"Est. reading time":"1 minuta"},"schema":{"@context":"https:\/\/schema.org","@graph":[{"@type":"WebPage","@id":"https:\/\/kosmika-trgovina.si\/LPT\/trgovina\/kristali\/energijsko-jajce\/","url":"https:\/\/kosmika-trgovina.si\/LPT\/trgovina\/kristali\/energijsko-jajce\/","name":"Energijsko jajce - Kosmika trgovina","isPartOf":{"@id":"https:\/\/kosmika-trgovina.si\/LPT\/#website"},"primaryImageOfPage":{"@id":"https:\/\/kosmika-trgovina.si\/LPT\/trgovina\/kristali\/energijsko-jajce\/#primaryimage"},"image":{"@id":"https:\/\/kosmika-trgovina.si\/LPT\/trgovina\/kristali\/energijsko-jajce\/#primaryimage"},"thumbnailUrl":"https:\/\/kosmika-trgovina.si\/LPT\/wp-content\/uploads\/2020\/04\/energijsko-jajce.jpg","datePublished":"2020-04-09T11:57:41+00:00","dateModified":"2022-12-08T10:30:38+00:00","breadcrumb":{"@id":"https:\/\/kosmika-trgovina.si\/LPT\/trgovina\/kristali\/energijsko-jajce\/#breadcrumb"},"inLanguage":"sl-SI","potentialAction":[{"@type":"ReadAction","target":["https:\/\/kosmika-trgovina.si\/LPT\/trgovina\/kristali\/energijsko-jajce\/"]}]},{"@type":"ImageObject","inLanguage":"sl-SI","@id":"https:\/\/kosmika-trgovina.si\/LPT\/trgovina\/kristali\/energijsko-jajce\/#primaryimage","url":"https:\/\/kosmika-trgovina.si\/LPT\/wp-content\/uploads\/2020\/04\/energijsko-jajce.jpg","contentUrl":"https:\/\/kosmika-trgovina.si\/LPT\/wp-content\/uploads\/2020\/04\/energijsko-jajce.jpg","width":500,"height":500},{"@type":"BreadcrumbList","@id":"https:\/\/kosmika-trgovina.si\/LPT\/trgovina\/kristali\/energijsko-jajce\/#breadcrumb","itemListElement":[{"@type":"ListItem","position":1,"name":"Home","item":"https:\/\/kosmika-trgovina.si\/LPT\/"},{"@type":"ListItem","position":2,"name":"Trgovina","item":"https:\/\/kosmika-trgovina.si\/LPT\/"},{"@type":"ListItem","position":3,"name":"Energijsko jajce"}]},{"@type":"WebSite","@id":"https:\/\/kosmika-trgovina.si\/LPT\/#website","url":"https:\/\/kosmika-trgovina.si\/LPT\/","name":"Kosmika trgovina","description":"Kosmika trgovina","publisher":{"@id":"https:\/\/kosmika-trgovina.si\/LPT\/#organization"},"potentialAction":[{"@type":"SearchAction","target":{"@type":"EntryPoint","urlTemplate":"https:\/\/kosmika-trgovina.si\/LPT\/?s={search_term_string}"},"query-input":{"@type":"PropertyValueSpecification","valueRequired":true,"valueName":"search_term_string"}}],"inLanguage":"sl-SI"},{"@type":"Organization","@id":"https:\/\/kosmika-trgovina.si\/LPT\/#organization","name":"Kosmika trgovina","url":"https:\/\/kosmika-trgovina.si\/LPT\/","logo":{"@type":"ImageObject","inLanguage":"sl-SI","@id":"https:\/\/kosmika-trgovina.si\/LPT\/#\/schema\/logo\/image\/","url":"https:\/\/kosmika-trgovina.si\/LPT\/wp-content\/uploads\/2020\/01\/cropped-horoskop-logo_top-2.png","contentUrl":"https:\/\/kosmika-trgovina.si\/LPT\/wp-content\/uploads\/2020\/01\/cropped-horoskop-logo_top-2.png","width":404,"height":101,"caption":"Kosmika trgovina"},"image":{"@id":"https:\/\/kosmika-trgovina.si\/LPT\/#\/schema\/logo\/image\/"}}]}},"_links":{"self":[{"href":"https:\/\/kosmika-trgovina.si\/LPT\/wp-json\/wp\/v2\/product\/1411","targetHints":{"allow":["GET"]}}],"collection":[{"href":"https:\/\/kosmika-trgovina.si\/LPT\/wp-json\/wp\/v2\/product"}],"about":[{"href":"https:\/\/kosmika-trgovina.si\/LPT\/wp-json\/wp\/v2\/types\/product"}],"version-history":[{"count":2,"href":"https:\/\/kosmika-trgovina.si\/LPT\/wp-json\/wp\/v2\/product\/1411\/revisions"}],"predecessor-version":[{"id":9937,"href":"https:\/\/kosmika-trgovina.si\/LPT\/wp-json\/wp\/v2\/product\/1411\/revisions\/9937"}],"wp:featuredmedia":[{"embeddable":true,"href":"https:\/\/kosmika-trgovina.si\/LPT\/wp-json\/wp\/v2\/media\/1414"}],"wp:attachment":[{"href":"https:\/\/kosmika-trgovina.si\/LPT\/wp-json\/wp\/v2\/media?parent=1411"}],"wp:term":[{"taxonomy":"product_brand","embeddable":true,"href":"https:\/\/kosmika-trgovina.si\/LPT\/wp-json\/wp\/v2\/product_brand?post=1411"},{"taxonomy":"product_cat","embeddable":true,"href":"https:\/\/kosmika-trgovina.si\/LPT\/wp-json\/wp\/v2\/product_cat?post=1411"},{"taxonomy":"product_tag","embeddable":true,"href":"https:\/\/kosmika-trgovina.si\/LPT\/wp-json\/wp\/v2\/product_tag?post=1411"}],"curies":[{"name":"wp","href":"https:\/\/api.w.org\/{rel}","templated":true}]}}