{"id":1762,"date":"2020-04-22T13:30:44","date_gmt":"2020-04-22T13:30:44","guid":{"rendered":"https:\/\/kosmika-trgovina.si\/LPT\/?post_type=product&#038;p=1762"},"modified":"2020-04-23T12:53:42","modified_gmt":"2020-04-23T12:53:42","slug":"feng-shui-set","status":"publish","type":"product","link":"https:\/\/kosmika-trgovina.si\/LPT\/trgovina\/izdelki-za-dom\/feng-shui-set\/","title":{"rendered":"Feng shui set"},"content":{"rendered":"<p>Feng shui je starodavna kitajska modrost o ravnovesju in dobrem pretoku energije. Upo\u0161teva Naravne in Vi\u0161je zakone in nas tako u\u010di, kaj naj naredimo, da nas bodo podpirale <strong>energije prostora<\/strong>.<\/p>\n<p>Veliko ljudi, ki dajo nekaj nase, namre\u010d dobro poskrbi za svoje <strong>osebne energije<\/strong>. To je tako, kot \u010de bi vsak dan oblekli \u010disto belo srajco. Ampak \u010de bomo \u0161li z njo v <strong>umazan prostor<\/strong>, kak\u0161na bo postala ta srajca?<\/p>\n<p>Ja <strong>umazana<\/strong>, seveda. Pa to \u0161e ni vse. \u010ce poskrbite za dobre energije v prostoru, ne boste naredili nekaj dobrega samo zase, ampak tudi za druge ljudi, \u017eivali in rastline, ki \u017eivijo z vami. Pa \u0161e celo za tiste, ki pridejo samo na obisk! Va\u0161e stanovanje bo dobesedno postalo <strong>prostor dobrih energij<\/strong> in boste videli, da boste to tudi zelo hitro ob\u010dutili.<\/p>\n<p>Obstajajo dolo\u010dena osnovna pravila za feng shui, ki se jih ve\u010dinoma tako ali tako dr\u017eimo, ne da bi razumeli, zakaj. Gotovo vidite, da se bolje po\u010dutite v pospravljenem prostoru kot v razmetanem, kajne?<\/p>\n<h1 style=\"font-weight: 900; font-size: 20px;\">Piramida Za\u0161\u010dite (material: oniks marmor)<\/h1>\n<p>\u017de iz prastarih \u010dasov \u2013 vse od starega Egipta so piramide znane kot izredno mo\u010dna oblika, ki omogo\u010da povezovanje z razli\u010dnimi vrstami energij. Njihova posebnost je v tem, da so sposobne tudi oddajati ugodno energijo. In sicer tako, da po eni strani <strong>zbirajo energijo<\/strong> v dolo\u010deni to\u010dki znotraj sebe (1\/3 navpi\u010dnice, ki gre skozi vrh), po drugi strani pa <strong>oddajajo energijo v spiralni obliki<\/strong> od svojega vrha navzven.<\/p>\n<p>Sigurno so se \u017ee stari Egip\u010dani zavedali teh energijskih vzorcev, ko so gradili veli\u010dastne piramide za svoje kralje. Pa tudi ve\u010d sodobnih ezoteri\u010dnih raziskovanj je potrdilo, da je piramida \u010disto posebna oblika, <strong>ve\u010d kot primerna za energijsko delo<\/strong>. Nekaj primerov:<\/p>\n<ul>\n<li><em><u>pod pokrovom v obliki piramide<\/u> <strong>voda<\/strong> pridobi ve\u010djo energijsko vrednost in bolj\u0161i okus;<\/em><\/li>\n<li><strong><em>rastline<\/em><\/strong><em> v svojem zgodnjem obdobju rastejo kar dvakrat hitreje;<\/em><\/li>\n<li><strong><em>hrana <\/em><\/strong><em>ostane sve\u017ea dva do tri dni dlje in<\/em><\/li>\n<li><em>celo <strong>rezila<\/strong> <strong>britvic<\/strong> ostanejo dlje \u010dasa ostra.<\/em><\/li>\n<li><em>Veliko ljudi uporablja obliko piramide za polnjenje svojih kristalov (posoda za kristale v obliki piramide),<\/em><\/li>\n<li><em>nekateri pa celo dajejo vanje fotografije svojih dragih, da jim tako kanalizirajo pozitivno energijo.<\/em><\/li>\n<\/ul>\n<p>Feng shui strokovnjaki pravijo: <strong>kjer \u017eeli\u0161 ustvarjati energijo, uporabi trikotne oblike<\/strong>. Ker je trikotnik oblika elementa <strong>ognja<\/strong>, deluje kot nekak\u0161en <strong>energijski pospe\u0161evalnik<\/strong> in ustvarja pozitivno dinamiko. Prav tako lahko pomagajo fokusirati energijo v dolo\u010deni to\u010dki, zato so uporabne za graditev in obrambo avtoritete, osebne mo\u010di ali dolo\u010denega polo\u017eaja.<\/p>\n<p>Oblika piramide je zato sigurno dobrodo\u0161la v vseh prostorih, ki so namenjeni dru\u017eenju in delu. Vam pa svetujem, da je <strong>ne uporabljate v spalnici<\/strong>. Najprej seveda zato, ker je to prostor <strong>umiritve<\/strong> in prevelika dinamika tam ni dobrodo\u0161la. Potem pa tudi zato, ker je njeno \u0161tevilo 3, kar pa lahko pomeni tudi <strong>ljubezenski trikotnik<\/strong>.<\/p>\n<p>Mi pa smo zdru\u017eili to starodavno in energijsko izjemno mo\u010dno obliko \u0161e s prav posebnim kristalom, ki je znan po svoji <strong>za\u0161\u010ditni mo\u010di<\/strong>. To je <strong>oniks<\/strong>, ki je prav tako zaveznik \u010dlove\u0161tva tako reko\u010d \u017ee od najbolj zgodnjih \u010dasov. Uporabljali so ga v najrazli\u010dnej\u0161ih obredih, \u0161e posebno pa je bil priljubljen kot <strong>amulet za za\u0161\u010dito in krepitev bojevnikov<\/strong>.<\/p>\n<p>Dandanes pa se uporablja predvsem zato, da <strong>okrepi energijske pretoke<\/strong> in <strong>za\u0161\u010diti pred vsem negativnim<\/strong>. Z oniksom se boste po\u010dutili bolj lahkotne in energi\u010dne, kon\u010dno boste v sebi na\u0161li mo\u010d, da dose\u017eete svoje cilje. Pogosto ga pohvalijo tudi zato, ker <strong>njegov energijski vpliv uti\u0161a slabe stvari, ki jih drugi govorijo o vas<\/strong>.<\/p>\n<p>Oniks ima ve\u010d barvnih razli\u010dic. Najbolj znan je <strong>\u010drn<\/strong>, mi pa smo izbrali oniks marmor. Energijski u\u010dinki so prakti\u010dno enaki, \u010de ne \u0161e bolj\u0161i, saj zaradi svoje barvitosti oniks marmor iz\u017eareva veselje in voljo do \u017eivljenja.<\/p>\n<h1 style=\"font-weight: 900; font-size: 20px;\">Feng shui ogledalo<\/h1>\n<p>Obstajajo posebni primeri, ko v va\u0161e stanovanje vstopa dolo\u010dena negativna energija od zunaj. Nekateri ljudje \u010dutijo, da jim jo povzro\u010dajo drugi, bodisi namerno ali pa nenamerno. Razen tega pa obstaja \u0161e nekaj feng shui pravil, \u010demu se je potrebno izogibati:<\/p>\n<ul>\n<li>velike stavbe in koti stavb, \u0161e posebno kadar gre za zgradbo, ki je \u017ee sama po sebi negativna (recimo zapor, bolni\u0161nica, policijska postaja, voja\u0161ki objekti, objekti, kjer so nakopi\u010dene \u017eivali, pa tudi dr\u017eavni objekti in podobno),<\/li>\n<li>elektri\u010dni stebri (stebri elektri\u010dne napeljave),<\/li>\n<li>kri\u017ei\u0161\u010da v obliki \u010drke T, kjer cesta ka\u017ee proti va\u0161emu domu ali pisarni,<\/li>\n<li>zelo velika drevesa, ki so zelo blizu stavbe,<\/li>\n<li>telegrafski stebri ali kakr\u0161ni koli stolpi,<\/li>\n<li>klavnice in objekti, kjer se predeluje meso,<\/li>\n<li>stavbe, pokrajina in drugo, kar se vam zdi grdo (vas odbija),<\/li>\n<li>elektri\u010dna postaja nasproti stavbe<\/li>\n<li>pokopali\u0161\u010da, mrtva\u0161nice, pogrebni zavod in sorodno.<\/li>\n<\/ul>\n<p><strong>Kako se za\u0161\u010dititi?<\/strong><\/p>\n<p>Tradicionalen na\u010din za\u0161\u010dite po feng shuiju so ogledala. V tem setu imamo za vas <strong>Feng shui Bagua ogledalo<\/strong>. To je mo\u010dno energijsko orodje, ki smo ga pri Kosmiki izbrali tako, da je \u0161e vedno varno za va\u0161o uporabo, tudi \u010de niste strokovnjak za feng shui. Zapomniti si morate samo to, da je <strong>nujno, da va\u0161e Feng Shui Bagua ogledalo obesite zunaj<\/strong>. Ne smete ga imeti v prostoru, ampak je namenjeno temu, da ga obesite bodisi nad vhodna vrata bodisi ob oknu na zunanji strani.<\/p>\n<p>Najbolje je, da je va\u0161e <strong>Feng shui Bagua ogledalo<\/strong> obrnjeno tako, da se vanj ujame pogled na tisto, kar vam po\u0161ilja negativno energijo. \u010ce so to npr. sosedi, ga namestite na okno, ki gleda proti sosedom.<\/p>\n<p>Kot u\u010di tradicija Feng shuia, ima ogledalo namre\u010d to mo\u010d, da zaustavi energijo in jo lahko celo vrne po\u0161iljatelju. Z njihovo pomo\u010djo se boste znebili energijskega u\u010dinka gostega prometa, mote\u010dih objektov in vseh drugih energijskih vplivov, ki nepovabljeni vstopajo v va\u0161 dom.<\/p>\n<p>To je neverjetno enostaven, preizku\u0161eno u\u010dinkovit pripomo\u010dek, ki ne zahteva drugega kot samo to, da ga vsake toliko obri\u0161ete s krpo.Vse ostalo delo pa bo namesto vas opravilo zrcalo.<\/p>\n<h1 style=\"font-weight: 900; font-size: 20px;\">Priro\u010dnik<\/h1>\n<p>Priro\u010dnik smo napisali, da si boste z njim lahko pomagali izbolj\u0161ati energije v va\u0161ih bivalnih prostorih. Cilj je preprost:\u00a0<strong>ustvarite si energijsko podporo, ki bo neodvisna od tega, kar sem dnevno dogaja v svetu. Trdna in varna kot va\u0161 dom.\u00a0<\/strong>S priro\u010dnikom boste spremembe lahko naredili sami, v njem pa boste na\u0161li tudi nasvete za napredno uporabo feng shuia. V njem so zapisane feng shui zakonitosti za posamezen prostor v domu (kuhinja, spalnica, kopalnica, dnevna soba itd.) in zakonitosti, ki veljajo glede na razli\u010dna podro\u010dja (npr. zdravje, dru\u017eina, finance, ljubezen itd.).<\/p>\n","protected":false},"excerpt":{"rendered":"<p>Uredite svoj dom po Feng shui-ju!<\/p>\n<p>Vsebuje:<\/p>\n<ul>\n<li>Feng shui ogledalo<\/li>\n<li>Piramida za\u0161\u010dite (oniks marmor)<\/li>\n<li>Feng shui priro\u010dnik<\/li>\n<\/ul>\n<p>Feng shui je starodavna kitajska modrost o ravnovesju in dobrem pretoku energije. Upo\u0161teva Naravne in Vi\u0161je zakone in nas tako u\u010di, kaj naj naredimo, da nas bodo podpirale energije prostora.<\/p>\n<p>\u010ce poskrbite za dobre energije v prostoru, ne boste naredili nekaj dobrega samo zase, ampak tudi za druge ljudi, \u017eivali in rastline, ki \u017eivijo z vami. Pa \u0161e celo za tiste, ki pridejo samo na obisk! Va\u0161e stanovanje bo dobesedno postalo prostor dobrih energij in boste videli, da boste to tudi zelo hitro ob\u010dutili.<\/p>\n<p><strong>Feng shui set<\/strong> predstavlja kompletno za\u0161\u010dito doma, ki vklju\u010duje:<\/p>\n<ol>\n<li><strong>Priro\u010dnik<\/strong>: z njim boste enostavno vnesli pozitivne spremembe v svoj dom. To je knjiga, kjer so zapisane vse informacije, ki vam bodo pomagale dom urediti tako, da bodo energije v njem pozitivne.<\/li>\n<li><strong>Piramida za\u0161\u010dite<\/strong> iz oniks marmorja je namenjena okrepitvi in notranji za\u0161\u010diti najbolj kriti\u010dnih podro\u010dij. Piramido lahko po dolo\u010denem obdobju prestavite v drug prostor, kjer je potrebna za\u0161\u010dita<\/li>\n<li><strong>Feng shui ogledalo<\/strong> je namenjeno zunanji za\u0161\u010diti pred negativnimi energijskimi vplivi okolice.<\/li>\n<\/ol>\n<p>&nbsp;<\/p>\n","protected":false},"featured_media":1772,"template":"","meta":{"site-sidebar-layout":"default","site-content-layout":"default","ast-site-content-layout":"default","site-content-style":"default","site-sidebar-style":"default","ast-global-header-display":"","ast-banner-title-visibility":"","ast-main-header-display":"","ast-hfb-above-header-display":"","ast-hfb-below-header-display":"","ast-hfb-mobile-header-display":"","site-post-title":"","ast-breadcrumbs-content":"","ast-featured-img":"","footer-sml-layout":"","ast-disable-related-posts":"","theme-transparent-header-meta":"default","adv-header-id-meta":"","stick-header-meta":"","header-above-stick-meta":"","header-main-stick-meta":"","header-below-stick-meta":"","astra-migrate-meta-layouts":"default","ast-page-background-enabled":"default","ast-page-background-meta":{"desktop":{"background-color":"var(--ast-global-color-4)","background-image":"","background-repeat":"repeat","background-position":"center center","background-size":"auto","background-attachment":"scroll","background-type":"","background-media":"","overlay-type":"","overlay-color":"","overlay-opacity":"","overlay-gradient":""},"tablet":{"background-color":"","background-image":"","background-repeat":"repeat","background-position":"center center","background-size":"auto","background-attachment":"scroll","background-type":"","background-media":"","overlay-type":"","overlay-color":"","overlay-opacity":"","overlay-gradient":""},"mobile":{"background-color":"","background-image":"","background-repeat":"repeat","background-position":"center center","background-size":"auto","background-attachment":"scroll","background-type":"","background-media":"","overlay-type":"","overlay-color":"","overlay-opacity":"","overlay-gradient":""}},"ast-content-background-meta":{"desktop":{"background-color":"var(--ast-global-color-5)","background-image":"","background-repeat":"repeat","background-position":"center center","background-size":"auto","background-attachment":"scroll","background-type":"","background-media":"","overlay-type":"","overlay-color":"","overlay-opacity":"","overlay-gradient":""},"tablet":{"background-color":"var(--ast-global-color-5)","background-image":"","background-repeat":"repeat","background-position":"center center","background-size":"auto","background-attachment":"scroll","background-type":"","background-media":"","overlay-type":"","overlay-color":"","overlay-opacity":"","overlay-gradient":""},"mobile":{"background-color":"var(--ast-global-color-5)","background-image":"","background-repeat":"repeat","background-position":"center center","background-size":"auto","background-attachment":"scroll","background-type":"","background-media":"","overlay-type":"","overlay-color":"","overlay-opacity":"","overlay-gradient":""}}},"product_brand":[],"product_cat":[59],"product_tag":[],"class_list":{"0":"post-1762","1":"product","2":"type-product","3":"status-publish","4":"has-post-thumbnail","6":"product_cat-izdelki-za-dom","7":"product_shipping_class-dostava","8":"desktop-align-left","9":"tablet-align-left","10":"mobile-align-left","12":"first","13":"instock","14":"sale","15":"taxable","16":"shipping-taxable","17":"purchasable","18":"product-type-variable"},"yoast_head":"<!-- This site is optimized with the Yoast SEO plugin v27.5 - https:\/\/yoast.com\/product\/yoast-seo-wordpress\/ -->\n<title>Feng shui set - Kosmika trgovina<\/title>\n<meta name=\"robots\" content=\"index, follow, max-snippet:-1, max-image-preview:large, max-video-preview:-1\" \/>\n<link rel=\"canonical\" href=\"https:\/\/kosmika-trgovina.si\/LPT\/trgovina\/izdelki-za-dom\/feng-shui-set\/\" \/>\n<meta property=\"og:locale\" content=\"sl_SI\" \/>\n<meta property=\"og:type\" content=\"article\" \/>\n<meta property=\"og:title\" content=\"Feng shui set - Kosmika trgovina\" \/>\n<meta property=\"og:description\" content=\"Uredite svoj dom po Feng shui-ju!  Vsebuje:   Feng shui ogledalo  Piramida za\u0161\u010dite (oniks marmor)  Feng shui priro\u010dnik  Feng shui je starodavna kitajska modrost o ravnovesju in dobrem pretoku energije. Upo\u0161teva Naravne in Vi\u0161je zakone in nas tako u\u010di, kaj naj naredimo, da nas bodo podpirale energije prostora.  \u010ce poskrbite za dobre energije v prostoru, ne boste naredili nekaj dobrega samo zase, ampak tudi za druge ljudi, \u017eivali in rastline, ki \u017eivijo z vami. Pa \u0161e celo za tiste, ki pridejo samo na obisk! Va\u0161e stanovanje bo dobesedno postalo prostor dobrih energij in boste videli, da boste to tudi zelo hitro ob\u010dutili.  Feng shui set predstavlja kompletno za\u0161\u010dito doma, ki vklju\u010duje:   Priro\u010dnik: z njim boste enostavno vnesli pozitivne spremembe v svoj dom. To je knjiga, kjer so zapisane vse informacije, ki vam bodo pomagale dom urediti tako, da bodo energije v njem pozitivne.  Piramida za\u0161\u010dite iz oniks marmorja je namenjena okrepitvi in notranji za\u0161\u010diti najbolj kriti\u010dnih podro\u010dij. Piramido lahko po dolo\u010denem obdobju prestavite v drug prostor, kjer je potrebna za\u0161\u010dita  Feng shui ogledalo je namenjeno zunanji za\u0161\u010diti pred negativnimi energijskimi vplivi okolice.  &nbsp;\" \/>\n<meta property=\"og:url\" content=\"https:\/\/kosmika-trgovina.si\/LPT\/trgovina\/izdelki-za-dom\/feng-shui-set\/\" \/>\n<meta property=\"og:site_name\" content=\"Kosmika trgovina\" \/>\n<meta property=\"article:modified_time\" content=\"2020-04-23T12:53:42+00:00\" \/>\n<meta property=\"og:image\" content=\"https:\/\/kosmika-trgovina.si\/LPT\/wp-content\/uploads\/2020\/04\/Feng-shui-set.jpg\" \/>\n\t<meta property=\"og:image:width\" content=\"1000\" \/>\n\t<meta property=\"og:image:height\" content=\"1000\" \/>\n\t<meta property=\"og:image:type\" content=\"image\/jpeg\" \/>\n<meta name=\"twitter:card\" content=\"summary_large_image\" \/>\n<meta name=\"twitter:label1\" content=\"Est. reading time\" \/>\n\t<meta name=\"twitter:data1\" content=\"6 minut\" \/>\n<script type=\"application\/ld+json\" class=\"yoast-schema-graph\">{\"@context\":\"https:\\\/\\\/schema.org\",\"@graph\":[{\"@type\":\"WebPage\",\"@id\":\"https:\\\/\\\/kosmika-trgovina.si\\\/LPT\\\/trgovina\\\/izdelki-za-dom\\\/feng-shui-set\\\/\",\"url\":\"https:\\\/\\\/kosmika-trgovina.si\\\/LPT\\\/trgovina\\\/izdelki-za-dom\\\/feng-shui-set\\\/\",\"name\":\"Feng shui set - Kosmika trgovina\",\"isPartOf\":{\"@id\":\"https:\\\/\\\/kosmika-trgovina.si\\\/LPT\\\/#website\"},\"primaryImageOfPage\":{\"@id\":\"https:\\\/\\\/kosmika-trgovina.si\\\/LPT\\\/trgovina\\\/izdelki-za-dom\\\/feng-shui-set\\\/#primaryimage\"},\"image\":{\"@id\":\"https:\\\/\\\/kosmika-trgovina.si\\\/LPT\\\/trgovina\\\/izdelki-za-dom\\\/feng-shui-set\\\/#primaryimage\"},\"thumbnailUrl\":\"https:\\\/\\\/kosmika-trgovina.si\\\/LPT\\\/wp-content\\\/uploads\\\/2020\\\/04\\\/Feng-shui-set.jpg\",\"datePublished\":\"2020-04-22T13:30:44+00:00\",\"dateModified\":\"2020-04-23T12:53:42+00:00\",\"breadcrumb\":{\"@id\":\"https:\\\/\\\/kosmika-trgovina.si\\\/LPT\\\/trgovina\\\/izdelki-za-dom\\\/feng-shui-set\\\/#breadcrumb\"},\"inLanguage\":\"sl-SI\",\"potentialAction\":[{\"@type\":\"ReadAction\",\"target\":[\"https:\\\/\\\/kosmika-trgovina.si\\\/LPT\\\/trgovina\\\/izdelki-za-dom\\\/feng-shui-set\\\/\"]}]},{\"@type\":\"ImageObject\",\"inLanguage\":\"sl-SI\",\"@id\":\"https:\\\/\\\/kosmika-trgovina.si\\\/LPT\\\/trgovina\\\/izdelki-za-dom\\\/feng-shui-set\\\/#primaryimage\",\"url\":\"https:\\\/\\\/kosmika-trgovina.si\\\/LPT\\\/wp-content\\\/uploads\\\/2020\\\/04\\\/Feng-shui-set.jpg\",\"contentUrl\":\"https:\\\/\\\/kosmika-trgovina.si\\\/LPT\\\/wp-content\\\/uploads\\\/2020\\\/04\\\/Feng-shui-set.jpg\",\"width\":1000,\"height\":1000},{\"@type\":\"BreadcrumbList\",\"@id\":\"https:\\\/\\\/kosmika-trgovina.si\\\/LPT\\\/trgovina\\\/izdelki-za-dom\\\/feng-shui-set\\\/#breadcrumb\",\"itemListElement\":[{\"@type\":\"ListItem\",\"position\":1,\"name\":\"Home\",\"item\":\"https:\\\/\\\/kosmika-trgovina.si\\\/LPT\\\/\"},{\"@type\":\"ListItem\",\"position\":2,\"name\":\"Trgovina\",\"item\":\"https:\\\/\\\/kosmika-trgovina.si\\\/LPT\\\/\"},{\"@type\":\"ListItem\",\"position\":3,\"name\":\"Feng shui set\"}]},{\"@type\":\"WebSite\",\"@id\":\"https:\\\/\\\/kosmika-trgovina.si\\\/LPT\\\/#website\",\"url\":\"https:\\\/\\\/kosmika-trgovina.si\\\/LPT\\\/\",\"name\":\"Kosmika trgovina\",\"description\":\"Kosmika trgovina\",\"publisher\":{\"@id\":\"https:\\\/\\\/kosmika-trgovina.si\\\/LPT\\\/#organization\"},\"potentialAction\":[{\"@type\":\"SearchAction\",\"target\":{\"@type\":\"EntryPoint\",\"urlTemplate\":\"https:\\\/\\\/kosmika-trgovina.si\\\/LPT\\\/?s={search_term_string}\"},\"query-input\":{\"@type\":\"PropertyValueSpecification\",\"valueRequired\":true,\"valueName\":\"search_term_string\"}}],\"inLanguage\":\"sl-SI\"},{\"@type\":\"Organization\",\"@id\":\"https:\\\/\\\/kosmika-trgovina.si\\\/LPT\\\/#organization\",\"name\":\"Kosmika trgovina\",\"url\":\"https:\\\/\\\/kosmika-trgovina.si\\\/LPT\\\/\",\"logo\":{\"@type\":\"ImageObject\",\"inLanguage\":\"sl-SI\",\"@id\":\"https:\\\/\\\/kosmika-trgovina.si\\\/LPT\\\/#\\\/schema\\\/logo\\\/image\\\/\",\"url\":\"https:\\\/\\\/kosmika-trgovina.si\\\/LPT\\\/wp-content\\\/uploads\\\/2020\\\/01\\\/cropped-horoskop-logo_top-2.png\",\"contentUrl\":\"https:\\\/\\\/kosmika-trgovina.si\\\/LPT\\\/wp-content\\\/uploads\\\/2020\\\/01\\\/cropped-horoskop-logo_top-2.png\",\"width\":404,\"height\":101,\"caption\":\"Kosmika trgovina\"},\"image\":{\"@id\":\"https:\\\/\\\/kosmika-trgovina.si\\\/LPT\\\/#\\\/schema\\\/logo\\\/image\\\/\"}}]}<\/script>\n<!-- \/ Yoast SEO plugin. -->","yoast_head_json":{"title":"Feng shui set - Kosmika trgovina","robots":{"index":"index","follow":"follow","max-snippet":"max-snippet:-1","max-image-preview":"max-image-preview:large","max-video-preview":"max-video-preview:-1"},"canonical":"https:\/\/kosmika-trgovina.si\/LPT\/trgovina\/izdelki-za-dom\/feng-shui-set\/","og_locale":"sl_SI","og_type":"article","og_title":"Feng shui set - Kosmika trgovina","og_description":"Uredite svoj dom po Feng shui-ju!  Vsebuje:   Feng shui ogledalo  Piramida za\u0161\u010dite (oniks marmor)  Feng shui priro\u010dnik  Feng shui je starodavna kitajska modrost o ravnovesju in dobrem pretoku energije. Upo\u0161teva Naravne in Vi\u0161je zakone in nas tako u\u010di, kaj naj naredimo, da nas bodo podpirale energije prostora.  \u010ce poskrbite za dobre energije v prostoru, ne boste naredili nekaj dobrega samo zase, ampak tudi za druge ljudi, \u017eivali in rastline, ki \u017eivijo z vami. Pa \u0161e celo za tiste, ki pridejo samo na obisk! Va\u0161e stanovanje bo dobesedno postalo prostor dobrih energij in boste videli, da boste to tudi zelo hitro ob\u010dutili.  Feng shui set predstavlja kompletno za\u0161\u010dito doma, ki vklju\u010duje:   Priro\u010dnik: z njim boste enostavno vnesli pozitivne spremembe v svoj dom. To je knjiga, kjer so zapisane vse informacije, ki vam bodo pomagale dom urediti tako, da bodo energije v njem pozitivne.  Piramida za\u0161\u010dite iz oniks marmorja je namenjena okrepitvi in notranji za\u0161\u010diti najbolj kriti\u010dnih podro\u010dij. Piramido lahko po dolo\u010denem obdobju prestavite v drug prostor, kjer je potrebna za\u0161\u010dita  Feng shui ogledalo je namenjeno zunanji za\u0161\u010diti pred negativnimi energijskimi vplivi okolice.  &nbsp;","og_url":"https:\/\/kosmika-trgovina.si\/LPT\/trgovina\/izdelki-za-dom\/feng-shui-set\/","og_site_name":"Kosmika trgovina","article_modified_time":"2020-04-23T12:53:42+00:00","og_image":[{"width":1000,"height":1000,"url":"https:\/\/kosmika-trgovina.si\/LPT\/wp-content\/uploads\/2020\/04\/Feng-shui-set.jpg","type":"image\/jpeg"}],"twitter_card":"summary_large_image","twitter_misc":{"Est. reading time":"6 minut"},"schema":{"@context":"https:\/\/schema.org","@graph":[{"@type":"WebPage","@id":"https:\/\/kosmika-trgovina.si\/LPT\/trgovina\/izdelki-za-dom\/feng-shui-set\/","url":"https:\/\/kosmika-trgovina.si\/LPT\/trgovina\/izdelki-za-dom\/feng-shui-set\/","name":"Feng shui set - Kosmika trgovina","isPartOf":{"@id":"https:\/\/kosmika-trgovina.si\/LPT\/#website"},"primaryImageOfPage":{"@id":"https:\/\/kosmika-trgovina.si\/LPT\/trgovina\/izdelki-za-dom\/feng-shui-set\/#primaryimage"},"image":{"@id":"https:\/\/kosmika-trgovina.si\/LPT\/trgovina\/izdelki-za-dom\/feng-shui-set\/#primaryimage"},"thumbnailUrl":"https:\/\/kosmika-trgovina.si\/LPT\/wp-content\/uploads\/2020\/04\/Feng-shui-set.jpg","datePublished":"2020-04-22T13:30:44+00:00","dateModified":"2020-04-23T12:53:42+00:00","breadcrumb":{"@id":"https:\/\/kosmika-trgovina.si\/LPT\/trgovina\/izdelki-za-dom\/feng-shui-set\/#breadcrumb"},"inLanguage":"sl-SI","potentialAction":[{"@type":"ReadAction","target":["https:\/\/kosmika-trgovina.si\/LPT\/trgovina\/izdelki-za-dom\/feng-shui-set\/"]}]},{"@type":"ImageObject","inLanguage":"sl-SI","@id":"https:\/\/kosmika-trgovina.si\/LPT\/trgovina\/izdelki-za-dom\/feng-shui-set\/#primaryimage","url":"https:\/\/kosmika-trgovina.si\/LPT\/wp-content\/uploads\/2020\/04\/Feng-shui-set.jpg","contentUrl":"https:\/\/kosmika-trgovina.si\/LPT\/wp-content\/uploads\/2020\/04\/Feng-shui-set.jpg","width":1000,"height":1000},{"@type":"BreadcrumbList","@id":"https:\/\/kosmika-trgovina.si\/LPT\/trgovina\/izdelki-za-dom\/feng-shui-set\/#breadcrumb","itemListElement":[{"@type":"ListItem","position":1,"name":"Home","item":"https:\/\/kosmika-trgovina.si\/LPT\/"},{"@type":"ListItem","position":2,"name":"Trgovina","item":"https:\/\/kosmika-trgovina.si\/LPT\/"},{"@type":"ListItem","position":3,"name":"Feng shui set"}]},{"@type":"WebSite","@id":"https:\/\/kosmika-trgovina.si\/LPT\/#website","url":"https:\/\/kosmika-trgovina.si\/LPT\/","name":"Kosmika trgovina","description":"Kosmika trgovina","publisher":{"@id":"https:\/\/kosmika-trgovina.si\/LPT\/#organization"},"potentialAction":[{"@type":"SearchAction","target":{"@type":"EntryPoint","urlTemplate":"https:\/\/kosmika-trgovina.si\/LPT\/?s={search_term_string}"},"query-input":{"@type":"PropertyValueSpecification","valueRequired":true,"valueName":"search_term_string"}}],"inLanguage":"sl-SI"},{"@type":"Organization","@id":"https:\/\/kosmika-trgovina.si\/LPT\/#organization","name":"Kosmika trgovina","url":"https:\/\/kosmika-trgovina.si\/LPT\/","logo":{"@type":"ImageObject","inLanguage":"sl-SI","@id":"https:\/\/kosmika-trgovina.si\/LPT\/#\/schema\/logo\/image\/","url":"https:\/\/kosmika-trgovina.si\/LPT\/wp-content\/uploads\/2020\/01\/cropped-horoskop-logo_top-2.png","contentUrl":"https:\/\/kosmika-trgovina.si\/LPT\/wp-content\/uploads\/2020\/01\/cropped-horoskop-logo_top-2.png","width":404,"height":101,"caption":"Kosmika trgovina"},"image":{"@id":"https:\/\/kosmika-trgovina.si\/LPT\/#\/schema\/logo\/image\/"}}]}},"_links":{"self":[{"href":"https:\/\/kosmika-trgovina.si\/LPT\/wp-json\/wp\/v2\/product\/1762","targetHints":{"allow":["GET"]}}],"collection":[{"href":"https:\/\/kosmika-trgovina.si\/LPT\/wp-json\/wp\/v2\/product"}],"about":[{"href":"https:\/\/kosmika-trgovina.si\/LPT\/wp-json\/wp\/v2\/types\/product"}],"version-history":[{"count":5,"href":"https:\/\/kosmika-trgovina.si\/LPT\/wp-json\/wp\/v2\/product\/1762\/revisions"}],"predecessor-version":[{"id":1765,"href":"https:\/\/kosmika-trgovina.si\/LPT\/wp-json\/wp\/v2\/product\/1762\/revisions\/1765"}],"wp:featuredmedia":[{"embeddable":true,"href":"https:\/\/kosmika-trgovina.si\/LPT\/wp-json\/wp\/v2\/media\/1772"}],"wp:attachment":[{"href":"https:\/\/kosmika-trgovina.si\/LPT\/wp-json\/wp\/v2\/media?parent=1762"}],"wp:term":[{"taxonomy":"product_brand","embeddable":true,"href":"https:\/\/kosmika-trgovina.si\/LPT\/wp-json\/wp\/v2\/product_brand?post=1762"},{"taxonomy":"product_cat","embeddable":true,"href":"https:\/\/kosmika-trgovina.si\/LPT\/wp-json\/wp\/v2\/product_cat?post=1762"},{"taxonomy":"product_tag","embeddable":true,"href":"https:\/\/kosmika-trgovina.si\/LPT\/wp-json\/wp\/v2\/product_tag?post=1762"}],"curies":[{"name":"wp","href":"https:\/\/api.w.org\/{rel}","templated":true}]}}