{"id":2749,"date":"2021-05-19T12:37:34","date_gmt":"2021-05-19T12:37:34","guid":{"rendered":"https:\/\/kosmika-trgovina.si\/LPT\/?post_type=product&#038;p=2749"},"modified":"2023-02-10T07:38:20","modified_gmt":"2023-02-10T07:38:20","slug":"cistilec-energij-ametist","status":"publish","type":"product","link":"https:\/\/kosmika-trgovina.si\/LPT\/trgovina\/kristali\/cistilec-energij-ametist\/","title":{"rendered":"\u010cistilec energij Ametist"},"content":{"rendered":"","protected":false},"excerpt":{"rendered":"<p>Ametist je energijsko mo\u010dan kristal, ki vpliva tako na prostor kot tudi na ljudi, zato je vsestransko uporaben.<\/p>\n<ul>\n<li>\u010disti energije prostora<\/li>\n<li>prostor polni s pozitivno energijo<\/li>\n<\/ul>\n","protected":false},"featured_media":2797,"template":"","meta":{"site-sidebar-layout":"default","site-content-layout":"default","ast-site-content-layout":"default","site-content-style":"default","site-sidebar-style":"default","ast-global-header-display":"","ast-banner-title-visibility":"","ast-main-header-display":"","ast-hfb-above-header-display":"","ast-hfb-below-header-display":"","ast-hfb-mobile-header-display":"","site-post-title":"","ast-breadcrumbs-content":"","ast-featured-img":"","footer-sml-layout":"","ast-disable-related-posts":"","theme-transparent-header-meta":"default","adv-header-id-meta":"","stick-header-meta":"","header-above-stick-meta":"","header-main-stick-meta":"","header-below-stick-meta":"","astra-migrate-meta-layouts":"default","ast-page-background-enabled":"default","ast-page-background-meta":{"desktop":{"background-color":"var(--ast-global-color-4)","background-image":"","background-repeat":"repeat","background-position":"center center","background-size":"auto","background-attachment":"scroll","background-type":"","background-media":"","overlay-type":"","overlay-color":"","overlay-opacity":"","overlay-gradient":""},"tablet":{"background-color":"","background-image":"","background-repeat":"repeat","background-position":"center center","background-size":"auto","background-attachment":"scroll","background-type":"","background-media":"","overlay-type":"","overlay-color":"","overlay-opacity":"","overlay-gradient":""},"mobile":{"background-color":"","background-image":"","background-repeat":"repeat","background-position":"center center","background-size":"auto","background-attachment":"scroll","background-type":"","background-media":"","overlay-type":"","overlay-color":"","overlay-opacity":"","overlay-gradient":""}},"ast-content-background-meta":{"desktop":{"background-color":"var(--ast-global-color-5)","background-image":"","background-repeat":"repeat","background-position":"center center","background-size":"auto","background-attachment":"scroll","background-type":"","background-media":"","overlay-type":"","overlay-color":"","overlay-opacity":"","overlay-gradient":""},"tablet":{"background-color":"var(--ast-global-color-5)","background-image":"","background-repeat":"repeat","background-position":"center center","background-size":"auto","background-attachment":"scroll","background-type":"","background-media":"","overlay-type":"","overlay-color":"","overlay-opacity":"","overlay-gradient":""},"mobile":{"background-color":"var(--ast-global-color-5)","background-image":"","background-repeat":"repeat","background-position":"center center","background-size":"auto","background-attachment":"scroll","background-type":"","background-media":"","overlay-type":"","overlay-color":"","overlay-opacity":"","overlay-gradient":""}}},"product_brand":[],"product_cat":[55],"product_tag":[],"class_list":{"0":"post-2749","1":"product","2":"type-product","3":"status-publish","4":"has-post-thumbnail","6":"product_cat-kristali","7":"product_shipping_class-brezplacna-dostava","8":"desktop-align-left","9":"tablet-align-left","10":"mobile-align-left","12":"first","13":"outofstock","14":"sale","15":"taxable","16":"shipping-taxable","17":"purchasable","18":"product-type-variable","19":"has-default-attributes"},"yoast_head":"<!-- This site is optimized with the Yoast SEO plugin v27.4 - https:\/\/yoast.com\/product\/yoast-seo-wordpress\/ -->\n<title>\u010cistilec energij Ametist - Kosmika trgovina<\/title>\n<meta name=\"robots\" content=\"index, follow, max-snippet:-1, max-image-preview:large, max-video-preview:-1\" \/>\n<link rel=\"canonical\" href=\"https:\/\/kosmika-trgovina.si\/LPT\/trgovina\/kristali\/cistilec-energij-ametist\/\" \/>\n<meta property=\"og:locale\" content=\"sl_SI\" \/>\n<meta property=\"og:type\" content=\"article\" \/>\n<meta property=\"og:title\" content=\"\u010cistilec energij Ametist - Kosmika trgovina\" \/>\n<meta property=\"og:description\" content=\"Ametist je energijsko mo\u010dan kristal, ki vpliva tako na prostor kot tudi na ljudi, zato je vsestransko uporaben.   \u010disti energije prostora  prostor polni s pozitivno energijo\" \/>\n<meta property=\"og:url\" content=\"https:\/\/kosmika-trgovina.si\/LPT\/trgovina\/kristali\/cistilec-energij-ametist\/\" \/>\n<meta property=\"og:site_name\" content=\"Kosmika trgovina\" \/>\n<meta property=\"article:modified_time\" content=\"2023-02-10T07:38:20+00:00\" \/>\n<meta property=\"og:image\" content=\"https:\/\/kosmika-trgovina.si\/LPT\/wp-content\/uploads\/2021\/05\/ametist-kristal-geoda.png\" \/>\n\t<meta property=\"og:image:width\" content=\"574\" \/>\n\t<meta property=\"og:image:height\" content=\"435\" \/>\n\t<meta property=\"og:image:type\" content=\"image\/png\" \/>\n<meta name=\"twitter:card\" content=\"summary_large_image\" \/>\n<script type=\"application\/ld+json\" class=\"yoast-schema-graph\">{\"@context\":\"https:\\\/\\\/schema.org\",\"@graph\":[{\"@type\":\"WebPage\",\"@id\":\"https:\\\/\\\/kosmika-trgovina.si\\\/LPT\\\/trgovina\\\/kristali\\\/cistilec-energij-ametist\\\/\",\"url\":\"https:\\\/\\\/kosmika-trgovina.si\\\/LPT\\\/trgovina\\\/kristali\\\/cistilec-energij-ametist\\\/\",\"name\":\"\u010cistilec energij Ametist - Kosmika trgovina\",\"isPartOf\":{\"@id\":\"https:\\\/\\\/kosmika-trgovina.si\\\/LPT\\\/#website\"},\"primaryImageOfPage\":{\"@id\":\"https:\\\/\\\/kosmika-trgovina.si\\\/LPT\\\/trgovina\\\/kristali\\\/cistilec-energij-ametist\\\/#primaryimage\"},\"image\":{\"@id\":\"https:\\\/\\\/kosmika-trgovina.si\\\/LPT\\\/trgovina\\\/kristali\\\/cistilec-energij-ametist\\\/#primaryimage\"},\"thumbnailUrl\":\"https:\\\/\\\/kosmika-trgovina.si\\\/LPT\\\/wp-content\\\/uploads\\\/2021\\\/05\\\/ametist-kristal-geoda.png\",\"datePublished\":\"2021-05-19T12:37:34+00:00\",\"dateModified\":\"2023-02-10T07:38:20+00:00\",\"breadcrumb\":{\"@id\":\"https:\\\/\\\/kosmika-trgovina.si\\\/LPT\\\/trgovina\\\/kristali\\\/cistilec-energij-ametist\\\/#breadcrumb\"},\"inLanguage\":\"sl-SI\",\"potentialAction\":[{\"@type\":\"ReadAction\",\"target\":[\"https:\\\/\\\/kosmika-trgovina.si\\\/LPT\\\/trgovina\\\/kristali\\\/cistilec-energij-ametist\\\/\"]}]},{\"@type\":\"ImageObject\",\"inLanguage\":\"sl-SI\",\"@id\":\"https:\\\/\\\/kosmika-trgovina.si\\\/LPT\\\/trgovina\\\/kristali\\\/cistilec-energij-ametist\\\/#primaryimage\",\"url\":\"https:\\\/\\\/kosmika-trgovina.si\\\/LPT\\\/wp-content\\\/uploads\\\/2021\\\/05\\\/ametist-kristal-geoda.png\",\"contentUrl\":\"https:\\\/\\\/kosmika-trgovina.si\\\/LPT\\\/wp-content\\\/uploads\\\/2021\\\/05\\\/ametist-kristal-geoda.png\",\"width\":574,\"height\":435},{\"@type\":\"BreadcrumbList\",\"@id\":\"https:\\\/\\\/kosmika-trgovina.si\\\/LPT\\\/trgovina\\\/kristali\\\/cistilec-energij-ametist\\\/#breadcrumb\",\"itemListElement\":[{\"@type\":\"ListItem\",\"position\":1,\"name\":\"Home\",\"item\":\"https:\\\/\\\/kosmika-trgovina.si\\\/LPT\\\/\"},{\"@type\":\"ListItem\",\"position\":2,\"name\":\"Trgovina\",\"item\":\"https:\\\/\\\/kosmika-trgovina.si\\\/LPT\\\/\"},{\"@type\":\"ListItem\",\"position\":3,\"name\":\"\u010cistilec energij Ametist\"}]},{\"@type\":\"WebSite\",\"@id\":\"https:\\\/\\\/kosmika-trgovina.si\\\/LPT\\\/#website\",\"url\":\"https:\\\/\\\/kosmika-trgovina.si\\\/LPT\\\/\",\"name\":\"Kosmika trgovina\",\"description\":\"Kosmika trgovina\",\"publisher\":{\"@id\":\"https:\\\/\\\/kosmika-trgovina.si\\\/LPT\\\/#organization\"},\"potentialAction\":[{\"@type\":\"SearchAction\",\"target\":{\"@type\":\"EntryPoint\",\"urlTemplate\":\"https:\\\/\\\/kosmika-trgovina.si\\\/LPT\\\/?s={search_term_string}\"},\"query-input\":{\"@type\":\"PropertyValueSpecification\",\"valueRequired\":true,\"valueName\":\"search_term_string\"}}],\"inLanguage\":\"sl-SI\"},{\"@type\":\"Organization\",\"@id\":\"https:\\\/\\\/kosmika-trgovina.si\\\/LPT\\\/#organization\",\"name\":\"Kosmika trgovina\",\"url\":\"https:\\\/\\\/kosmika-trgovina.si\\\/LPT\\\/\",\"logo\":{\"@type\":\"ImageObject\",\"inLanguage\":\"sl-SI\",\"@id\":\"https:\\\/\\\/kosmika-trgovina.si\\\/LPT\\\/#\\\/schema\\\/logo\\\/image\\\/\",\"url\":\"https:\\\/\\\/kosmika-trgovina.si\\\/LPT\\\/wp-content\\\/uploads\\\/2020\\\/01\\\/cropped-horoskop-logo_top-2.png\",\"contentUrl\":\"https:\\\/\\\/kosmika-trgovina.si\\\/LPT\\\/wp-content\\\/uploads\\\/2020\\\/01\\\/cropped-horoskop-logo_top-2.png\",\"width\":404,\"height\":101,\"caption\":\"Kosmika trgovina\"},\"image\":{\"@id\":\"https:\\\/\\\/kosmika-trgovina.si\\\/LPT\\\/#\\\/schema\\\/logo\\\/image\\\/\"}}]}<\/script>\n<!-- \/ Yoast SEO plugin. -->","yoast_head_json":{"title":"\u010cistilec energij Ametist - Kosmika trgovina","robots":{"index":"index","follow":"follow","max-snippet":"max-snippet:-1","max-image-preview":"max-image-preview:large","max-video-preview":"max-video-preview:-1"},"canonical":"https:\/\/kosmika-trgovina.si\/LPT\/trgovina\/kristali\/cistilec-energij-ametist\/","og_locale":"sl_SI","og_type":"article","og_title":"\u010cistilec energij Ametist - Kosmika trgovina","og_description":"Ametist je energijsko mo\u010dan kristal, ki vpliva tako na prostor kot tudi na ljudi, zato je vsestransko uporaben.   \u010disti energije prostora  prostor polni s pozitivno energijo","og_url":"https:\/\/kosmika-trgovina.si\/LPT\/trgovina\/kristali\/cistilec-energij-ametist\/","og_site_name":"Kosmika trgovina","article_modified_time":"2023-02-10T07:38:20+00:00","og_image":[{"width":574,"height":435,"url":"https:\/\/kosmika-trgovina.si\/LPT\/wp-content\/uploads\/2021\/05\/ametist-kristal-geoda.png","type":"image\/png"}],"twitter_card":"summary_large_image","schema":{"@context":"https:\/\/schema.org","@graph":[{"@type":"WebPage","@id":"https:\/\/kosmika-trgovina.si\/LPT\/trgovina\/kristali\/cistilec-energij-ametist\/","url":"https:\/\/kosmika-trgovina.si\/LPT\/trgovina\/kristali\/cistilec-energij-ametist\/","name":"\u010cistilec energij Ametist - Kosmika trgovina","isPartOf":{"@id":"https:\/\/kosmika-trgovina.si\/LPT\/#website"},"primaryImageOfPage":{"@id":"https:\/\/kosmika-trgovina.si\/LPT\/trgovina\/kristali\/cistilec-energij-ametist\/#primaryimage"},"image":{"@id":"https:\/\/kosmika-trgovina.si\/LPT\/trgovina\/kristali\/cistilec-energij-ametist\/#primaryimage"},"thumbnailUrl":"https:\/\/kosmika-trgovina.si\/LPT\/wp-content\/uploads\/2021\/05\/ametist-kristal-geoda.png","datePublished":"2021-05-19T12:37:34+00:00","dateModified":"2023-02-10T07:38:20+00:00","breadcrumb":{"@id":"https:\/\/kosmika-trgovina.si\/LPT\/trgovina\/kristali\/cistilec-energij-ametist\/#breadcrumb"},"inLanguage":"sl-SI","potentialAction":[{"@type":"ReadAction","target":["https:\/\/kosmika-trgovina.si\/LPT\/trgovina\/kristali\/cistilec-energij-ametist\/"]}]},{"@type":"ImageObject","inLanguage":"sl-SI","@id":"https:\/\/kosmika-trgovina.si\/LPT\/trgovina\/kristali\/cistilec-energij-ametist\/#primaryimage","url":"https:\/\/kosmika-trgovina.si\/LPT\/wp-content\/uploads\/2021\/05\/ametist-kristal-geoda.png","contentUrl":"https:\/\/kosmika-trgovina.si\/LPT\/wp-content\/uploads\/2021\/05\/ametist-kristal-geoda.png","width":574,"height":435},{"@type":"BreadcrumbList","@id":"https:\/\/kosmika-trgovina.si\/LPT\/trgovina\/kristali\/cistilec-energij-ametist\/#breadcrumb","itemListElement":[{"@type":"ListItem","position":1,"name":"Home","item":"https:\/\/kosmika-trgovina.si\/LPT\/"},{"@type":"ListItem","position":2,"name":"Trgovina","item":"https:\/\/kosmika-trgovina.si\/LPT\/"},{"@type":"ListItem","position":3,"name":"\u010cistilec energij Ametist"}]},{"@type":"WebSite","@id":"https:\/\/kosmika-trgovina.si\/LPT\/#website","url":"https:\/\/kosmika-trgovina.si\/LPT\/","name":"Kosmika trgovina","description":"Kosmika trgovina","publisher":{"@id":"https:\/\/kosmika-trgovina.si\/LPT\/#organization"},"potentialAction":[{"@type":"SearchAction","target":{"@type":"EntryPoint","urlTemplate":"https:\/\/kosmika-trgovina.si\/LPT\/?s={search_term_string}"},"query-input":{"@type":"PropertyValueSpecification","valueRequired":true,"valueName":"search_term_string"}}],"inLanguage":"sl-SI"},{"@type":"Organization","@id":"https:\/\/kosmika-trgovina.si\/LPT\/#organization","name":"Kosmika trgovina","url":"https:\/\/kosmika-trgovina.si\/LPT\/","logo":{"@type":"ImageObject","inLanguage":"sl-SI","@id":"https:\/\/kosmika-trgovina.si\/LPT\/#\/schema\/logo\/image\/","url":"https:\/\/kosmika-trgovina.si\/LPT\/wp-content\/uploads\/2020\/01\/cropped-horoskop-logo_top-2.png","contentUrl":"https:\/\/kosmika-trgovina.si\/LPT\/wp-content\/uploads\/2020\/01\/cropped-horoskop-logo_top-2.png","width":404,"height":101,"caption":"Kosmika trgovina"},"image":{"@id":"https:\/\/kosmika-trgovina.si\/LPT\/#\/schema\/logo\/image\/"}}]}},"_links":{"self":[{"href":"https:\/\/kosmika-trgovina.si\/LPT\/wp-json\/wp\/v2\/product\/2749","targetHints":{"allow":["GET"]}}],"collection":[{"href":"https:\/\/kosmika-trgovina.si\/LPT\/wp-json\/wp\/v2\/product"}],"about":[{"href":"https:\/\/kosmika-trgovina.si\/LPT\/wp-json\/wp\/v2\/types\/product"}],"version-history":[{"count":2,"href":"https:\/\/kosmika-trgovina.si\/LPT\/wp-json\/wp\/v2\/product\/2749\/revisions"}],"predecessor-version":[{"id":5475,"href":"https:\/\/kosmika-trgovina.si\/LPT\/wp-json\/wp\/v2\/product\/2749\/revisions\/5475"}],"wp:featuredmedia":[{"embeddable":true,"href":"https:\/\/kosmika-trgovina.si\/LPT\/wp-json\/wp\/v2\/media\/2797"}],"wp:attachment":[{"href":"https:\/\/kosmika-trgovina.si\/LPT\/wp-json\/wp\/v2\/media?parent=2749"}],"wp:term":[{"taxonomy":"product_brand","embeddable":true,"href":"https:\/\/kosmika-trgovina.si\/LPT\/wp-json\/wp\/v2\/product_brand?post=2749"},{"taxonomy":"product_cat","embeddable":true,"href":"https:\/\/kosmika-trgovina.si\/LPT\/wp-json\/wp\/v2\/product_cat?post=2749"},{"taxonomy":"product_tag","embeddable":true,"href":"https:\/\/kosmika-trgovina.si\/LPT\/wp-json\/wp\/v2\/product_tag?post=2749"}],"curies":[{"name":"wp","href":"https:\/\/api.w.org\/{rel}","templated":true}]}}