{"id":488,"date":"2020-03-04T14:45:28","date_gmt":"2020-03-04T14:45:28","guid":{"rendered":"https:\/\/kosmika-trgovina.si\/LPT\/?post_type=product&#038;p=488"},"modified":"2022-02-18T09:29:19","modified_gmt":"2022-02-18T09:29:19","slug":"kristalni-par-za-ljubece-rozevec-aventurin","status":"publish","type":"product","link":"https:\/\/kosmika-trgovina.si\/LPT\/trgovina\/kristali\/kristalni-par-za-ljubece-rozevec-aventurin\/","title":{"rendered":"Kristalni pari"},"content":{"rendered":"<p>Izbirate lahko med tremi \u010dudovitimi kombinacijami kristalov za \u017eenske.<\/p>\n<p><strong>Za skrbne<\/strong><\/p>\n<p><strong>Ro\u017eevec<\/strong> je kristal, ki spodbuja ljubezen do sebe, zato je prav\u0161nji za vse, ki v razdajanju ljubezni drugim na to pogosto pozabijo. Spodbudil bo ne\u017enost, \u017eenske energije in nas opomnil, da si vzamemo \u010das zase, za zaslu\u017een po\u010ditek, za stvari, ki nas negujejo in nam vlivajo energijo. Je kristal, ki bi ga morala imeti vsaka \u017eenska.<\/p>\n<p><strong>Mese\u010dev kamen<\/strong> spodbuja mir in blagostanje du\u0161e. Je kot blaginja za du\u0161o, ki jo mu\u010dijo nenehne skrbi. Mese\u010dev kamen spro\u0161\u010da napetost in spodbuja mirno stanje duha. Idealen je za vse, ki jih vedno preve\u010d skrbi. Mese\u010dev kamen je kristal za\u0161\u010dite, varuje tudi pred slabimi mislimi.<\/p>\n<p><strong>Za iz\u010drpane<\/strong><\/p>\n<p><strong>Citrin\u00a0<\/strong>je kristal, ki s svojo pozitivno energijo spodbuja fizi\u010dno telo k regeneraciji in obnovitvi. Pravi je za vse skrbne \u017eenske, ki velikokrat pozabijo na zaslu\u017een po\u010ditek. S citrinom ji boste podarili energijsko osve\u017eitev. Citrin vzpostavlja ravnovesje v energijskem polju in krepi \u010dakro solarnega pleksusa. Je kristal, ki prina\u0161a veselje in sre\u010do v vsak dom.\u00a0Obsidian\u00a0\u0161\u010diti pred pretirano zaskrbljenostjo in izgorelostjo. Pomaga spustiti iz rok stare zamere in stara \u010dustva. Nekateri mu celo pravijo kristal dobrosr\u010dnih ljudi, saj kljub svojem tema\u010dnemu izgledu varuje ravno tiste najbolj ranljive, ki imajo najbolj mehko srce.<\/p>\n<p><strong>Obsidian<\/strong> \u0161\u010diti pred pretirano zaskrbljenostjo in izgorelostjo. Pomaga spustiti iz rok stare zamere in stara \u010dustva. Nekateri mu celo pravijo kristal dobrosr\u010dnih ljudi, saj kljub svojem tema\u010dnemu izgledu varuje ravno tiste najbolj ranljive, ki imajo najbolj mehko srce.<\/p>\n<p><strong>Za ljube\u010de<\/strong><\/p>\n<p><strong>Ro\u017eevec<\/strong> je kristal, ki spodbuja ljubezen do sebe, zato je prav\u0161nji za \u017eenske, \u0161e posebno mame, ki v skrbi za druge rade pozabijo nase. Ro\u017eevec jih bo spodbudil, da si vzamejo \u010das zase, za zaslu\u017een po\u010ditek, da se znova napolnijo z energijo. Je kristal, ki bi ga morala imeti vsaka \u017eenska!<\/p>\n<p><strong>Aventurin<\/strong> je \u0161e posebno povezan s sr\u010dno \u010dakro, njegova pomirjujo\u010da zelenkasta barva prina\u0161a mir in spokojnost v srce. Pomagal bo odstraniti negativna stara \u010dustva in skrbi ter v srcu naredil prostor za nova pozitivna.<\/p>\n","protected":false},"excerpt":{"rendered":"<p>Kristalni pari za mame &#8211; podarite svoji mami sre\u010do in veselje.<\/p>\n","protected":false},"featured_media":497,"template":"","meta":{"site-sidebar-layout":"default","site-content-layout":"default","ast-site-content-layout":"default","site-content-style":"default","site-sidebar-style":"default","ast-global-header-display":"","ast-banner-title-visibility":"","ast-main-header-display":"","ast-hfb-above-header-display":"","ast-hfb-below-header-display":"","ast-hfb-mobile-header-display":"","site-post-title":"","ast-breadcrumbs-content":"","ast-featured-img":"","footer-sml-layout":"","ast-disable-related-posts":"","theme-transparent-header-meta":"default","adv-header-id-meta":"","stick-header-meta":"","header-above-stick-meta":"","header-main-stick-meta":"","header-below-stick-meta":"","astra-migrate-meta-layouts":"default","ast-page-background-enabled":"default","ast-page-background-meta":{"desktop":{"background-color":"var(--ast-global-color-4)","background-image":"","background-repeat":"repeat","background-position":"center center","background-size":"auto","background-attachment":"scroll","background-type":"","background-media":"","overlay-type":"","overlay-color":"","overlay-opacity":"","overlay-gradient":""},"tablet":{"background-color":"","background-image":"","background-repeat":"repeat","background-position":"center center","background-size":"auto","background-attachment":"scroll","background-type":"","background-media":"","overlay-type":"","overlay-color":"","overlay-opacity":"","overlay-gradient":""},"mobile":{"background-color":"","background-image":"","background-repeat":"repeat","background-position":"center center","background-size":"auto","background-attachment":"scroll","background-type":"","background-media":"","overlay-type":"","overlay-color":"","overlay-opacity":"","overlay-gradient":""}},"ast-content-background-meta":{"desktop":{"background-color":"var(--ast-global-color-5)","background-image":"","background-repeat":"repeat","background-position":"center center","background-size":"auto","background-attachment":"scroll","background-type":"","background-media":"","overlay-type":"","overlay-color":"","overlay-opacity":"","overlay-gradient":""},"tablet":{"background-color":"var(--ast-global-color-5)","background-image":"","background-repeat":"repeat","background-position":"center center","background-size":"auto","background-attachment":"scroll","background-type":"","background-media":"","overlay-type":"","overlay-color":"","overlay-opacity":"","overlay-gradient":""},"mobile":{"background-color":"var(--ast-global-color-5)","background-image":"","background-repeat":"repeat","background-position":"center center","background-size":"auto","background-attachment":"scroll","background-type":"","background-media":"","overlay-type":"","overlay-color":"","overlay-opacity":"","overlay-gradient":""}}},"product_brand":[],"product_cat":[55],"product_tag":[118],"class_list":{"0":"post-488","1":"product","2":"type-product","3":"status-publish","4":"has-post-thumbnail","6":"product_cat-kristali","7":"product_tag-kristalni-pari","8":"product_shipping_class-dostava","9":"desktop-align-left","10":"tablet-align-left","11":"mobile-align-left","13":"first","14":"instock","15":"sale","16":"taxable","17":"shipping-taxable","18":"purchasable","19":"product-type-variable"},"yoast_head":"<!-- This site is optimized with the Yoast SEO plugin v27.4 - https:\/\/yoast.com\/product\/yoast-seo-wordpress\/ -->\n<title>Kristalni pari - Kosmika trgovina<\/title>\n<meta name=\"robots\" content=\"index, follow, max-snippet:-1, max-image-preview:large, max-video-preview:-1\" \/>\n<link rel=\"canonical\" href=\"https:\/\/kosmika-trgovina.si\/LPT\/trgovina\/kristali\/kristalni-par-za-ljubece-rozevec-aventurin\/\" \/>\n<meta property=\"og:locale\" content=\"sl_SI\" \/>\n<meta property=\"og:type\" content=\"article\" \/>\n<meta property=\"og:title\" content=\"Kristalni pari - Kosmika trgovina\" \/>\n<meta property=\"og:description\" content=\"Kristalni pari za mame - podarite svoji mami sre\u010do in veselje.\" \/>\n<meta property=\"og:url\" content=\"https:\/\/kosmika-trgovina.si\/LPT\/trgovina\/kristali\/kristalni-par-za-ljubece-rozevec-aventurin\/\" \/>\n<meta property=\"og:site_name\" content=\"Kosmika trgovina\" \/>\n<meta property=\"article:modified_time\" content=\"2022-02-18T09:29:19+00:00\" \/>\n<meta property=\"og:image\" content=\"https:\/\/kosmika-trgovina.si\/LPT\/wp-content\/uploads\/2020\/03\/kristali-darilo-za-materinski-dan.png\" \/>\n\t<meta property=\"og:image:width\" content=\"709\" \/>\n\t<meta property=\"og:image:height\" content=\"704\" \/>\n\t<meta property=\"og:image:type\" content=\"image\/png\" \/>\n<meta name=\"twitter:card\" content=\"summary_large_image\" \/>\n<meta name=\"twitter:label1\" content=\"Est. reading time\" \/>\n\t<meta name=\"twitter:data1\" content=\"2 minuti\" \/>\n<script type=\"application\/ld+json\" class=\"yoast-schema-graph\">{\"@context\":\"https:\\\/\\\/schema.org\",\"@graph\":[{\"@type\":\"WebPage\",\"@id\":\"https:\\\/\\\/kosmika-trgovina.si\\\/LPT\\\/trgovina\\\/kristali\\\/kristalni-par-za-ljubece-rozevec-aventurin\\\/\",\"url\":\"https:\\\/\\\/kosmika-trgovina.si\\\/LPT\\\/trgovina\\\/kristali\\\/kristalni-par-za-ljubece-rozevec-aventurin\\\/\",\"name\":\"Kristalni pari - Kosmika trgovina\",\"isPartOf\":{\"@id\":\"https:\\\/\\\/kosmika-trgovina.si\\\/LPT\\\/#website\"},\"primaryImageOfPage\":{\"@id\":\"https:\\\/\\\/kosmika-trgovina.si\\\/LPT\\\/trgovina\\\/kristali\\\/kristalni-par-za-ljubece-rozevec-aventurin\\\/#primaryimage\"},\"image\":{\"@id\":\"https:\\\/\\\/kosmika-trgovina.si\\\/LPT\\\/trgovina\\\/kristali\\\/kristalni-par-za-ljubece-rozevec-aventurin\\\/#primaryimage\"},\"thumbnailUrl\":\"https:\\\/\\\/kosmika-trgovina.si\\\/LPT\\\/wp-content\\\/uploads\\\/2020\\\/03\\\/kristali-darilo-za-materinski-dan.png\",\"datePublished\":\"2020-03-04T14:45:28+00:00\",\"dateModified\":\"2022-02-18T09:29:19+00:00\",\"breadcrumb\":{\"@id\":\"https:\\\/\\\/kosmika-trgovina.si\\\/LPT\\\/trgovina\\\/kristali\\\/kristalni-par-za-ljubece-rozevec-aventurin\\\/#breadcrumb\"},\"inLanguage\":\"sl-SI\",\"potentialAction\":[{\"@type\":\"ReadAction\",\"target\":[\"https:\\\/\\\/kosmika-trgovina.si\\\/LPT\\\/trgovina\\\/kristali\\\/kristalni-par-za-ljubece-rozevec-aventurin\\\/\"]}]},{\"@type\":\"ImageObject\",\"inLanguage\":\"sl-SI\",\"@id\":\"https:\\\/\\\/kosmika-trgovina.si\\\/LPT\\\/trgovina\\\/kristali\\\/kristalni-par-za-ljubece-rozevec-aventurin\\\/#primaryimage\",\"url\":\"https:\\\/\\\/kosmika-trgovina.si\\\/LPT\\\/wp-content\\\/uploads\\\/2020\\\/03\\\/kristali-darilo-za-materinski-dan.png\",\"contentUrl\":\"https:\\\/\\\/kosmika-trgovina.si\\\/LPT\\\/wp-content\\\/uploads\\\/2020\\\/03\\\/kristali-darilo-za-materinski-dan.png\",\"width\":709,\"height\":704},{\"@type\":\"BreadcrumbList\",\"@id\":\"https:\\\/\\\/kosmika-trgovina.si\\\/LPT\\\/trgovina\\\/kristali\\\/kristalni-par-za-ljubece-rozevec-aventurin\\\/#breadcrumb\",\"itemListElement\":[{\"@type\":\"ListItem\",\"position\":1,\"name\":\"Home\",\"item\":\"https:\\\/\\\/kosmika-trgovina.si\\\/LPT\\\/\"},{\"@type\":\"ListItem\",\"position\":2,\"name\":\"Trgovina\",\"item\":\"https:\\\/\\\/kosmika-trgovina.si\\\/LPT\\\/\"},{\"@type\":\"ListItem\",\"position\":3,\"name\":\"Kristalni pari\"}]},{\"@type\":\"WebSite\",\"@id\":\"https:\\\/\\\/kosmika-trgovina.si\\\/LPT\\\/#website\",\"url\":\"https:\\\/\\\/kosmika-trgovina.si\\\/LPT\\\/\",\"name\":\"Kosmika trgovina\",\"description\":\"Kosmika trgovina\",\"publisher\":{\"@id\":\"https:\\\/\\\/kosmika-trgovina.si\\\/LPT\\\/#organization\"},\"potentialAction\":[{\"@type\":\"SearchAction\",\"target\":{\"@type\":\"EntryPoint\",\"urlTemplate\":\"https:\\\/\\\/kosmika-trgovina.si\\\/LPT\\\/?s={search_term_string}\"},\"query-input\":{\"@type\":\"PropertyValueSpecification\",\"valueRequired\":true,\"valueName\":\"search_term_string\"}}],\"inLanguage\":\"sl-SI\"},{\"@type\":\"Organization\",\"@id\":\"https:\\\/\\\/kosmika-trgovina.si\\\/LPT\\\/#organization\",\"name\":\"Kosmika trgovina\",\"url\":\"https:\\\/\\\/kosmika-trgovina.si\\\/LPT\\\/\",\"logo\":{\"@type\":\"ImageObject\",\"inLanguage\":\"sl-SI\",\"@id\":\"https:\\\/\\\/kosmika-trgovina.si\\\/LPT\\\/#\\\/schema\\\/logo\\\/image\\\/\",\"url\":\"https:\\\/\\\/kosmika-trgovina.si\\\/LPT\\\/wp-content\\\/uploads\\\/2020\\\/01\\\/cropped-horoskop-logo_top-2.png\",\"contentUrl\":\"https:\\\/\\\/kosmika-trgovina.si\\\/LPT\\\/wp-content\\\/uploads\\\/2020\\\/01\\\/cropped-horoskop-logo_top-2.png\",\"width\":404,\"height\":101,\"caption\":\"Kosmika trgovina\"},\"image\":{\"@id\":\"https:\\\/\\\/kosmika-trgovina.si\\\/LPT\\\/#\\\/schema\\\/logo\\\/image\\\/\"}}]}<\/script>\n<!-- \/ Yoast SEO plugin. -->","yoast_head_json":{"title":"Kristalni pari - Kosmika trgovina","robots":{"index":"index","follow":"follow","max-snippet":"max-snippet:-1","max-image-preview":"max-image-preview:large","max-video-preview":"max-video-preview:-1"},"canonical":"https:\/\/kosmika-trgovina.si\/LPT\/trgovina\/kristali\/kristalni-par-za-ljubece-rozevec-aventurin\/","og_locale":"sl_SI","og_type":"article","og_title":"Kristalni pari - Kosmika trgovina","og_description":"Kristalni pari za mame - podarite svoji mami sre\u010do in veselje.","og_url":"https:\/\/kosmika-trgovina.si\/LPT\/trgovina\/kristali\/kristalni-par-za-ljubece-rozevec-aventurin\/","og_site_name":"Kosmika trgovina","article_modified_time":"2022-02-18T09:29:19+00:00","og_image":[{"width":709,"height":704,"url":"https:\/\/kosmika-trgovina.si\/LPT\/wp-content\/uploads\/2020\/03\/kristali-darilo-za-materinski-dan.png","type":"image\/png"}],"twitter_card":"summary_large_image","twitter_misc":{"Est. reading time":"2 minuti"},"schema":{"@context":"https:\/\/schema.org","@graph":[{"@type":"WebPage","@id":"https:\/\/kosmika-trgovina.si\/LPT\/trgovina\/kristali\/kristalni-par-za-ljubece-rozevec-aventurin\/","url":"https:\/\/kosmika-trgovina.si\/LPT\/trgovina\/kristali\/kristalni-par-za-ljubece-rozevec-aventurin\/","name":"Kristalni pari - Kosmika trgovina","isPartOf":{"@id":"https:\/\/kosmika-trgovina.si\/LPT\/#website"},"primaryImageOfPage":{"@id":"https:\/\/kosmika-trgovina.si\/LPT\/trgovina\/kristali\/kristalni-par-za-ljubece-rozevec-aventurin\/#primaryimage"},"image":{"@id":"https:\/\/kosmika-trgovina.si\/LPT\/trgovina\/kristali\/kristalni-par-za-ljubece-rozevec-aventurin\/#primaryimage"},"thumbnailUrl":"https:\/\/kosmika-trgovina.si\/LPT\/wp-content\/uploads\/2020\/03\/kristali-darilo-za-materinski-dan.png","datePublished":"2020-03-04T14:45:28+00:00","dateModified":"2022-02-18T09:29:19+00:00","breadcrumb":{"@id":"https:\/\/kosmika-trgovina.si\/LPT\/trgovina\/kristali\/kristalni-par-za-ljubece-rozevec-aventurin\/#breadcrumb"},"inLanguage":"sl-SI","potentialAction":[{"@type":"ReadAction","target":["https:\/\/kosmika-trgovina.si\/LPT\/trgovina\/kristali\/kristalni-par-za-ljubece-rozevec-aventurin\/"]}]},{"@type":"ImageObject","inLanguage":"sl-SI","@id":"https:\/\/kosmika-trgovina.si\/LPT\/trgovina\/kristali\/kristalni-par-za-ljubece-rozevec-aventurin\/#primaryimage","url":"https:\/\/kosmika-trgovina.si\/LPT\/wp-content\/uploads\/2020\/03\/kristali-darilo-za-materinski-dan.png","contentUrl":"https:\/\/kosmika-trgovina.si\/LPT\/wp-content\/uploads\/2020\/03\/kristali-darilo-za-materinski-dan.png","width":709,"height":704},{"@type":"BreadcrumbList","@id":"https:\/\/kosmika-trgovina.si\/LPT\/trgovina\/kristali\/kristalni-par-za-ljubece-rozevec-aventurin\/#breadcrumb","itemListElement":[{"@type":"ListItem","position":1,"name":"Home","item":"https:\/\/kosmika-trgovina.si\/LPT\/"},{"@type":"ListItem","position":2,"name":"Trgovina","item":"https:\/\/kosmika-trgovina.si\/LPT\/"},{"@type":"ListItem","position":3,"name":"Kristalni pari"}]},{"@type":"WebSite","@id":"https:\/\/kosmika-trgovina.si\/LPT\/#website","url":"https:\/\/kosmika-trgovina.si\/LPT\/","name":"Kosmika trgovina","description":"Kosmika trgovina","publisher":{"@id":"https:\/\/kosmika-trgovina.si\/LPT\/#organization"},"potentialAction":[{"@type":"SearchAction","target":{"@type":"EntryPoint","urlTemplate":"https:\/\/kosmika-trgovina.si\/LPT\/?s={search_term_string}"},"query-input":{"@type":"PropertyValueSpecification","valueRequired":true,"valueName":"search_term_string"}}],"inLanguage":"sl-SI"},{"@type":"Organization","@id":"https:\/\/kosmika-trgovina.si\/LPT\/#organization","name":"Kosmika trgovina","url":"https:\/\/kosmika-trgovina.si\/LPT\/","logo":{"@type":"ImageObject","inLanguage":"sl-SI","@id":"https:\/\/kosmika-trgovina.si\/LPT\/#\/schema\/logo\/image\/","url":"https:\/\/kosmika-trgovina.si\/LPT\/wp-content\/uploads\/2020\/01\/cropped-horoskop-logo_top-2.png","contentUrl":"https:\/\/kosmika-trgovina.si\/LPT\/wp-content\/uploads\/2020\/01\/cropped-horoskop-logo_top-2.png","width":404,"height":101,"caption":"Kosmika trgovina"},"image":{"@id":"https:\/\/kosmika-trgovina.si\/LPT\/#\/schema\/logo\/image\/"}}]}},"_links":{"self":[{"href":"https:\/\/kosmika-trgovina.si\/LPT\/wp-json\/wp\/v2\/product\/488","targetHints":{"allow":["GET"]}}],"collection":[{"href":"https:\/\/kosmika-trgovina.si\/LPT\/wp-json\/wp\/v2\/product"}],"about":[{"href":"https:\/\/kosmika-trgovina.si\/LPT\/wp-json\/wp\/v2\/types\/product"}],"version-history":[{"count":4,"href":"https:\/\/kosmika-trgovina.si\/LPT\/wp-json\/wp\/v2\/product\/488\/revisions"}],"predecessor-version":[{"id":9379,"href":"https:\/\/kosmika-trgovina.si\/LPT\/wp-json\/wp\/v2\/product\/488\/revisions\/9379"}],"wp:featuredmedia":[{"embeddable":true,"href":"https:\/\/kosmika-trgovina.si\/LPT\/wp-json\/wp\/v2\/media\/497"}],"wp:attachment":[{"href":"https:\/\/kosmika-trgovina.si\/LPT\/wp-json\/wp\/v2\/media?parent=488"}],"wp:term":[{"taxonomy":"product_brand","embeddable":true,"href":"https:\/\/kosmika-trgovina.si\/LPT\/wp-json\/wp\/v2\/product_brand?post=488"},{"taxonomy":"product_cat","embeddable":true,"href":"https:\/\/kosmika-trgovina.si\/LPT\/wp-json\/wp\/v2\/product_cat?post=488"},{"taxonomy":"product_tag","embeddable":true,"href":"https:\/\/kosmika-trgovina.si\/LPT\/wp-json\/wp\/v2\/product_tag?post=488"}],"curies":[{"name":"wp","href":"https:\/\/api.w.org\/{rel}","templated":true}]}}