{"id":796,"date":"2020-03-19T13:47:24","date_gmt":"2020-03-19T13:47:24","guid":{"rendered":"https:\/\/kosmika-trgovina.si\/LPT\/?post_type=product&#038;p=796"},"modified":"2024-11-24T08:35:06","modified_gmt":"2024-11-24T08:35:06","slug":"zapestnica-cakre","status":"publish","type":"product","link":"https:\/\/kosmika-trgovina.si\/LPT\/trgovina\/kristali\/zapestnica-cakre\/","title":{"rendered":"Zapestnica \u010dakre"},"content":{"rendered":"<p>Energijsko izredno mo\u010dna zapestnica, izdelana iz kvalitetnih kristalov v barvah \u010daker. Vsak kristal je skrbno izbran in vsak od njih ima pomembno nalogo, saj vsak izmed njih vpliva na dolo\u010deno \u010dakro. \u010cakre so energijske to\u010dke v telesu, v katerih obstoj \u017ee davno ne dvomimo ve\u010d. Z uravnavanjem \u010daker poskrbite za svoje fizi\u010dno, mentalno in duhovno stanje. Zapestnica uravnava yin in yang energije in pomaga k \u010dim bolj\u0161emu energijskemu stanju. Na va\u0161a \u010dustva deluje pomirjujo\u010de. Nosite jo lahko ne glede na leta, zato je primerna tudi za otroke. Uravnove\u0161ene \u010dakre so pogoj za mirno in sre\u010dno \u017eivljenje. Primerna je tudi za vse, ki se borite z odvisnostjo ter se \u017eelite otresti slabih navad. Zapestnica vam bo dala mo\u010dno energijsko podporo.<\/p>\n<ul>\n<li><strong>Zapestnica \u010dakre: Lastnosti<\/strong><br \/>\nuravnove\u0161a energijsko polje<br \/>\nkristali za vse \u010dakre<br \/>\nprepre\u010duje energijske blokade<br \/>\n\u0161\u010diti pred negativnostjo<\/li>\n<\/ul>\n<p><strong>* NAMIG ZA DARILO:<\/strong> Za vse zapestnice je pod dodatki na voljo darilno pakiranje. Poklonite zapestnico, polno pozitivne energije, v elegantni \u010drni \u0161katlici s pentljo. Dodajte samo prisr\u010dno posvetilo in navdu\u0161ite slavljenca ali slavljenko z domiselnim darilom, ki ni samo lepo, ampak tudi koristno.<\/p>\n<p><strong>Kako deluje zapestnica \u010dakre?<\/strong><br \/>\nKristali so izbrani glede na 7 glavnih \u010daker v va\u0161em energijskem telesu. Kristali pa imajo to pomembno prednost, da se njihovo delovaje prilagaja stanju va\u0161ih \u010daker. To pomeni, da bodo tiste \u010dakre, na katerih imate blokade, dobile ve\u010djo energijsko podporo. Kljub temu je zapestnica dobra tudi za vse ostale \u010dakre, saj poskrbi, da se blokada ne premakne zgolj z ene \u010dakre na drugo, pa\u010d pa se za\u010dne proces \u010di\u0161\u010denja blokad in osebne rasti.<\/p>\n<p><strong>Nasvet<\/strong><\/p>\n<p>Sama zapestnica ne naredi \u00bb\u010dude\u017ea\u00ab, potrebna je tudi volja in sprejemanje sveta okoli nas tak\u0161nega, kot je. Zagotovo pa daje energijsko podporo. Veliko ljudi potrebuje samo dodatno energijo, spodbudo, da se lahko v njihovem \u017eivljenju zgodijo pozitivne spremembe. Tako bo zapestnica poskrbela za energije, vi pa zavestno opomnite svoj um, da pozitiva privla\u010di pozitivo.<\/p>\n<p><em><strong>Si to, kar misli\u0161. Zato misli pozitivno.<\/strong><\/em><\/p>\n<p><strong>Zapestnica \u010dakre je na voljo v razli\u010dnih izvedbah.<\/strong><\/p>\n<ul>\n<li><strong>Razli\u010dni kristali<\/strong> \u2013 zapestnica nudi uravnote\u017eeno delovanje na vse \u010dakre hkrati. Obenem pa je zaradi razli\u010dnih barv zelo prakti\u010dna, saj se poda k vsaki barvni kombinaciji. Za popestritev so dodani \u0161e svetle\u010di kamen\u010dki. Kristali po \u010dakrah: jaspis (korenska \u010dakra), karneol (spolna \u010dakra), citrin (solarni pleksus), aventurin (sr\u010dna \u010dakra), turkiz (grlena \u010dakra), sodalit (\u010delna \u010dakra), ametist (kronska \u010dakra).<\/li>\n<li>V svetle\u010di \u010drni barvi osnovne zapestnice \u2013 kristal je <strong>oniks<\/strong>. Dodatna podpora je namenjena za\u0161\u010diti va\u0161ega energijskega polja in podpori za doseganje ciljev. \u010ce se vam torej zdi, da drugi ljudje negativno vplivajo na vas ali da vam vedno kdo nasprotuje, da ne morete dose\u010di svojih ciljev, potem izberite to zapestnico.<\/li>\n<li>V roza barvi osnovne zapestnice \u2013 kristal je <strong>ro\u017eevec<\/strong>. Ta je namenjena predvsem tistim, ki \u017eelite okrepiti ljubezen do sebe ali ljubezen znotraj dolo\u010denega odnosa. \u010ce imate te\u017eave s sprejemanjem sebe, ste preve\u010d samokriti\u010dni ali \u017eelite izbolj\u0161ati svoj ljubezenski odnos, potem izberite to zapestnico.<\/li>\n<li>V mat \u010drni barvi osnovne zapestnice \u2013 kristal je <strong>lava kamen<\/strong>. Zadnje \u010dase je popularen tudi za aromaterapijo, saj ima kristal luknjice, zato ga lahko prepojite z eteri\u010dnim oljem. Lava kamen je posebna oblika strjene lave, ki ima mo\u010dno vibracijo prizemljitve. Priporo\u010damo ga pri te\u017eavah s samozavestjo.<\/li>\n<li>V beli barvi osnovne zapestnice \u2013 kristal je <strong>magnezit<\/strong>. Njegova vibracija spodbuja spro\u0161\u010danje in \u010di\u0161\u010denje aure. Svetujemo ga v primeru preobremenjenosti, prevelike ob\u010dutljivosti za stres in kadar ste obremenjeni z energijami v okolici. Pomaga, \u010de imate ob\u010dutek, da ste nenehno pod pritiskom.<\/li>\n<li>V svetlo modri barvi osnovne zapestnice \u2013 kristal je <strong>turkiz<\/strong>. Znan je kot kristal mo\u010di. Pomaga, da znamo na primeren na\u010din uveljaviti svojo voljo in da lahko re\u010demo ne, kadar nekaj ni dobro za nas. Priporo\u010damo ga tudi v primeru \u017ealosti, \u017ealovanja in depresivnih misli.<\/li>\n<li>V temno modri barvi osnovne zapestnice \u2013 kristal je <strong>lapis lazuli.<\/strong> To je vladarski kristal, ki se pogosto uporablja za dvig osebne mo\u010di in za pretehtane odlo\u010ditve. Pomaga, \u010de ste pred te\u017eko izbiro ali \u010de bi radi v svojem \u017eivljenju vzpostavili nov red.<\/li>\n<li>V zeleni barvi osnovne zapestnice \u2013 kristal je <strong>aventurin<\/strong>. Imenujejo ga tudi sre\u010dni kamen, saj pomaga do bolj\u0161ih energij v ljubezni, poslu in denarju. Njegova vibracija spodbuja rast, zato ga svetujemo vsem, ki imate \u017ee izoblikovane ideje in cilje. Aventurin bo poskrbel, da bo dovolj energije in podpore za uresni\u010ditev.<\/li>\n<li>V prozorni barvi osnovne zapestnice \u2013 kristal je <strong>kamena strela<\/strong>. Znana je kot najbolj univerzalen kristal z u\u010dinkom \u010di\u0161\u010denja in krepitve delovanja drugih kristalov. Priporo\u010damo, da izberete zapestnico s kameno strelo, \u010de menite, da imate mo\u010dne blokade na \u010dakrah.<\/li>\n<li><strong>Ametist \u2013 o<\/strong>dpira kronsko \u010dakro in je \u0161e posebno priporo\u010dljiv, \u010de vas mu\u010dijo glavoboli, nespe\u010dnost ali pa nekako nikoli niste ob pravem trenutku na pravem kraju. Usklajuje z energijo Vesolja.<\/li>\n<li><strong>Hematit<\/strong> \u2013 pomaga za prizemljitev in bolj\u0161i ob\u010dutek varnosti, stabilnosti v \u017eivljenju. \u0160e zlasti odli\u010den, \u010de vas mu\u010dijo strahovi ali \u010de vas stalno skrbi za denar, slu\u017ebo, imetje.<\/li>\n<\/ul>\n<p><strong>Uporaba<\/strong><\/p>\n<p>Zapestnico lahko nosite kot obi\u010dajen nakit.<\/p>\n<p><strong>Vzdr\u017eevanje<\/strong><\/p>\n<p>Pred prvo uporabo splaknite zapestnico pod hladno teko\u010do vodo, jo ne\u017eno osu\u0161ite in jo za kraj\u0161i \u010das postavite na zmerno son\u010dno svetlobo. V nadaljevanju pa vam svetujemo \u010di\u0161\u010denje in polnjenje na svetlobi polne lune. Se pravi pribli\u017eno enkrat mese\u010dno, na no\u010d polne lune, postavite zapestnico na okensko polico ali podobno mesto, najbolje tako, da jo bo polna luna tudi dejansko obsvetila.<\/p>\n","protected":false},"excerpt":{"rendered":"<p>Energijsko izredno mo\u010dna zapestnica, izdelana iz kvalitetnih kristalov v barvah \u010daker. Vsak kristal je skrbno izbran in vsak od njih ima pomembno nalogo, saj vsak izmed njih vpliva na dolo\u010deno \u010dakro. \u010cakre so energijske to\u010dke v telesu, v katerih obstoj \u017ee davno ne dvomimo ve\u010d. Z uravnavanjem \u010daker poskrbite za svoje fizi\u010dno, mentalno in duhovno stanje.<\/p>\n","protected":false},"featured_media":813,"template":"","meta":{"site-sidebar-layout":"default","site-content-layout":"default","ast-site-content-layout":"default","site-content-style":"default","site-sidebar-style":"default","ast-global-header-display":"","ast-banner-title-visibility":"","ast-main-header-display":"","ast-hfb-above-header-display":"","ast-hfb-below-header-display":"","ast-hfb-mobile-header-display":"","site-post-title":"","ast-breadcrumbs-content":"","ast-featured-img":"","footer-sml-layout":"","ast-disable-related-posts":"","theme-transparent-header-meta":"default","adv-header-id-meta":"","stick-header-meta":"","header-above-stick-meta":"","header-main-stick-meta":"","header-below-stick-meta":"","astra-migrate-meta-layouts":"default","ast-page-background-enabled":"default","ast-page-background-meta":{"desktop":{"background-color":"var(--ast-global-color-4)","background-image":"","background-repeat":"repeat","background-position":"center center","background-size":"auto","background-attachment":"scroll","background-type":"","background-media":"","overlay-type":"","overlay-color":"","overlay-opacity":"","overlay-gradient":""},"tablet":{"background-color":"","background-image":"","background-repeat":"repeat","background-position":"center center","background-size":"auto","background-attachment":"scroll","background-type":"","background-media":"","overlay-type":"","overlay-color":"","overlay-opacity":"","overlay-gradient":""},"mobile":{"background-color":"","background-image":"","background-repeat":"repeat","background-position":"center center","background-size":"auto","background-attachment":"scroll","background-type":"","background-media":"","overlay-type":"","overlay-color":"","overlay-opacity":"","overlay-gradient":""}},"ast-content-background-meta":{"desktop":{"background-color":"var(--ast-global-color-5)","background-image":"","background-repeat":"repeat","background-position":"center center","background-size":"auto","background-attachment":"scroll","background-type":"","background-media":"","overlay-type":"","overlay-color":"","overlay-opacity":"","overlay-gradient":""},"tablet":{"background-color":"var(--ast-global-color-5)","background-image":"","background-repeat":"repeat","background-position":"center center","background-size":"auto","background-attachment":"scroll","background-type":"","background-media":"","overlay-type":"","overlay-color":"","overlay-opacity":"","overlay-gradient":""},"mobile":{"background-color":"var(--ast-global-color-5)","background-image":"","background-repeat":"repeat","background-position":"center center","background-size":"auto","background-attachment":"scroll","background-type":"","background-media":"","overlay-type":"","overlay-color":"","overlay-opacity":"","overlay-gradient":""}}},"product_brand":[],"product_cat":[55],"product_tag":[],"class_list":{"0":"post-796","1":"product","2":"type-product","3":"status-publish","4":"has-post-thumbnail","6":"product_cat-kristali","7":"product_shipping_class-brezplacna-dostava","8":"desktop-align-left","9":"tablet-align-left","10":"mobile-align-left","12":"first","13":"instock","14":"taxable","15":"shipping-taxable","16":"purchasable","17":"product-type-variable"},"yoast_head":"<!-- This site is optimized with the Yoast SEO plugin v27.4 - https:\/\/yoast.com\/product\/yoast-seo-wordpress\/ -->\n<title>Zapestnica \u010dakre - Kosmika trgovina<\/title>\n<meta name=\"robots\" content=\"index, follow, max-snippet:-1, max-image-preview:large, max-video-preview:-1\" \/>\n<link rel=\"canonical\" href=\"https:\/\/kosmika-trgovina.si\/LPT\/trgovina\/kristali\/zapestnica-cakre\/\" \/>\n<meta property=\"og:locale\" content=\"sl_SI\" \/>\n<meta property=\"og:type\" content=\"article\" \/>\n<meta property=\"og:title\" content=\"Zapestnica \u010dakre - Kosmika trgovina\" \/>\n<meta property=\"og:description\" content=\"Energijsko izredno mo\u010dna zapestnica, izdelana iz kvalitetnih kristalov v barvah \u010daker. Vsak kristal je skrbno izbran in vsak od njih ima pomembno nalogo, saj vsak izmed njih vpliva na dolo\u010deno \u010dakro. \u010cakre so energijske to\u010dke v telesu, v katerih obstoj \u017ee davno ne dvomimo ve\u010d. Z uravnavanjem \u010daker poskrbite za svoje fizi\u010dno, mentalno in duhovno stanje.\" \/>\n<meta property=\"og:url\" content=\"https:\/\/kosmika-trgovina.si\/LPT\/trgovina\/kristali\/zapestnica-cakre\/\" \/>\n<meta property=\"og:site_name\" content=\"Kosmika trgovina\" \/>\n<meta property=\"article:modified_time\" content=\"2024-11-24T08:35:06+00:00\" \/>\n<meta property=\"og:image\" content=\"https:\/\/kosmika-trgovina.si\/LPT\/wp-content\/uploads\/2020\/03\/\u010cakre-vse.png\" \/>\n\t<meta property=\"og:image:width\" content=\"800\" \/>\n\t<meta property=\"og:image:height\" content=\"800\" \/>\n\t<meta property=\"og:image:type\" content=\"image\/png\" \/>\n<meta name=\"twitter:card\" content=\"summary_large_image\" \/>\n<meta name=\"twitter:label1\" content=\"Est. reading time\" \/>\n\t<meta name=\"twitter:data1\" content=\"5 minut\" \/>\n<script type=\"application\/ld+json\" class=\"yoast-schema-graph\">{\"@context\":\"https:\\\/\\\/schema.org\",\"@graph\":[{\"@type\":\"WebPage\",\"@id\":\"https:\\\/\\\/kosmika-trgovina.si\\\/LPT\\\/trgovina\\\/kristali\\\/zapestnica-cakre\\\/\",\"url\":\"https:\\\/\\\/kosmika-trgovina.si\\\/LPT\\\/trgovina\\\/kristali\\\/zapestnica-cakre\\\/\",\"name\":\"Zapestnica \u010dakre - Kosmika trgovina\",\"isPartOf\":{\"@id\":\"https:\\\/\\\/kosmika-trgovina.si\\\/LPT\\\/#website\"},\"primaryImageOfPage\":{\"@id\":\"https:\\\/\\\/kosmika-trgovina.si\\\/LPT\\\/trgovina\\\/kristali\\\/zapestnica-cakre\\\/#primaryimage\"},\"image\":{\"@id\":\"https:\\\/\\\/kosmika-trgovina.si\\\/LPT\\\/trgovina\\\/kristali\\\/zapestnica-cakre\\\/#primaryimage\"},\"thumbnailUrl\":\"https:\\\/\\\/kosmika-trgovina.si\\\/LPT\\\/wp-content\\\/uploads\\\/2020\\\/03\\\/\u010cakre-vse.png\",\"datePublished\":\"2020-03-19T13:47:24+00:00\",\"dateModified\":\"2024-11-24T08:35:06+00:00\",\"breadcrumb\":{\"@id\":\"https:\\\/\\\/kosmika-trgovina.si\\\/LPT\\\/trgovina\\\/kristali\\\/zapestnica-cakre\\\/#breadcrumb\"},\"inLanguage\":\"sl-SI\",\"potentialAction\":[{\"@type\":\"ReadAction\",\"target\":[\"https:\\\/\\\/kosmika-trgovina.si\\\/LPT\\\/trgovina\\\/kristali\\\/zapestnica-cakre\\\/\"]}]},{\"@type\":\"ImageObject\",\"inLanguage\":\"sl-SI\",\"@id\":\"https:\\\/\\\/kosmika-trgovina.si\\\/LPT\\\/trgovina\\\/kristali\\\/zapestnica-cakre\\\/#primaryimage\",\"url\":\"https:\\\/\\\/kosmika-trgovina.si\\\/LPT\\\/wp-content\\\/uploads\\\/2020\\\/03\\\/\u010cakre-vse.png\",\"contentUrl\":\"https:\\\/\\\/kosmika-trgovina.si\\\/LPT\\\/wp-content\\\/uploads\\\/2020\\\/03\\\/\u010cakre-vse.png\",\"width\":800,\"height\":800},{\"@type\":\"BreadcrumbList\",\"@id\":\"https:\\\/\\\/kosmika-trgovina.si\\\/LPT\\\/trgovina\\\/kristali\\\/zapestnica-cakre\\\/#breadcrumb\",\"itemListElement\":[{\"@type\":\"ListItem\",\"position\":1,\"name\":\"Home\",\"item\":\"https:\\\/\\\/kosmika-trgovina.si\\\/LPT\\\/\"},{\"@type\":\"ListItem\",\"position\":2,\"name\":\"Trgovina\",\"item\":\"https:\\\/\\\/kosmika-trgovina.si\\\/LPT\\\/\"},{\"@type\":\"ListItem\",\"position\":3,\"name\":\"Zapestnica \u010dakre\"}]},{\"@type\":\"WebSite\",\"@id\":\"https:\\\/\\\/kosmika-trgovina.si\\\/LPT\\\/#website\",\"url\":\"https:\\\/\\\/kosmika-trgovina.si\\\/LPT\\\/\",\"name\":\"Kosmika trgovina\",\"description\":\"Kosmika trgovina\",\"publisher\":{\"@id\":\"https:\\\/\\\/kosmika-trgovina.si\\\/LPT\\\/#organization\"},\"potentialAction\":[{\"@type\":\"SearchAction\",\"target\":{\"@type\":\"EntryPoint\",\"urlTemplate\":\"https:\\\/\\\/kosmika-trgovina.si\\\/LPT\\\/?s={search_term_string}\"},\"query-input\":{\"@type\":\"PropertyValueSpecification\",\"valueRequired\":true,\"valueName\":\"search_term_string\"}}],\"inLanguage\":\"sl-SI\"},{\"@type\":\"Organization\",\"@id\":\"https:\\\/\\\/kosmika-trgovina.si\\\/LPT\\\/#organization\",\"name\":\"Kosmika trgovina\",\"url\":\"https:\\\/\\\/kosmika-trgovina.si\\\/LPT\\\/\",\"logo\":{\"@type\":\"ImageObject\",\"inLanguage\":\"sl-SI\",\"@id\":\"https:\\\/\\\/kosmika-trgovina.si\\\/LPT\\\/#\\\/schema\\\/logo\\\/image\\\/\",\"url\":\"https:\\\/\\\/kosmika-trgovina.si\\\/LPT\\\/wp-content\\\/uploads\\\/2020\\\/01\\\/cropped-horoskop-logo_top-2.png\",\"contentUrl\":\"https:\\\/\\\/kosmika-trgovina.si\\\/LPT\\\/wp-content\\\/uploads\\\/2020\\\/01\\\/cropped-horoskop-logo_top-2.png\",\"width\":404,\"height\":101,\"caption\":\"Kosmika trgovina\"},\"image\":{\"@id\":\"https:\\\/\\\/kosmika-trgovina.si\\\/LPT\\\/#\\\/schema\\\/logo\\\/image\\\/\"}}]}<\/script>\n<!-- \/ Yoast SEO plugin. -->","yoast_head_json":{"title":"Zapestnica \u010dakre - Kosmika trgovina","robots":{"index":"index","follow":"follow","max-snippet":"max-snippet:-1","max-image-preview":"max-image-preview:large","max-video-preview":"max-video-preview:-1"},"canonical":"https:\/\/kosmika-trgovina.si\/LPT\/trgovina\/kristali\/zapestnica-cakre\/","og_locale":"sl_SI","og_type":"article","og_title":"Zapestnica \u010dakre - Kosmika trgovina","og_description":"Energijsko izredno mo\u010dna zapestnica, izdelana iz kvalitetnih kristalov v barvah \u010daker. Vsak kristal je skrbno izbran in vsak od njih ima pomembno nalogo, saj vsak izmed njih vpliva na dolo\u010deno \u010dakro. \u010cakre so energijske to\u010dke v telesu, v katerih obstoj \u017ee davno ne dvomimo ve\u010d. Z uravnavanjem \u010daker poskrbite za svoje fizi\u010dno, mentalno in duhovno stanje.","og_url":"https:\/\/kosmika-trgovina.si\/LPT\/trgovina\/kristali\/zapestnica-cakre\/","og_site_name":"Kosmika trgovina","article_modified_time":"2024-11-24T08:35:06+00:00","og_image":[{"width":800,"height":800,"url":"https:\/\/kosmika-trgovina.si\/LPT\/wp-content\/uploads\/2020\/03\/\u010cakre-vse.png","type":"image\/png"}],"twitter_card":"summary_large_image","twitter_misc":{"Est. reading time":"5 minut"},"schema":{"@context":"https:\/\/schema.org","@graph":[{"@type":"WebPage","@id":"https:\/\/kosmika-trgovina.si\/LPT\/trgovina\/kristali\/zapestnica-cakre\/","url":"https:\/\/kosmika-trgovina.si\/LPT\/trgovina\/kristali\/zapestnica-cakre\/","name":"Zapestnica \u010dakre - Kosmika trgovina","isPartOf":{"@id":"https:\/\/kosmika-trgovina.si\/LPT\/#website"},"primaryImageOfPage":{"@id":"https:\/\/kosmika-trgovina.si\/LPT\/trgovina\/kristali\/zapestnica-cakre\/#primaryimage"},"image":{"@id":"https:\/\/kosmika-trgovina.si\/LPT\/trgovina\/kristali\/zapestnica-cakre\/#primaryimage"},"thumbnailUrl":"https:\/\/kosmika-trgovina.si\/LPT\/wp-content\/uploads\/2020\/03\/\u010cakre-vse.png","datePublished":"2020-03-19T13:47:24+00:00","dateModified":"2024-11-24T08:35:06+00:00","breadcrumb":{"@id":"https:\/\/kosmika-trgovina.si\/LPT\/trgovina\/kristali\/zapestnica-cakre\/#breadcrumb"},"inLanguage":"sl-SI","potentialAction":[{"@type":"ReadAction","target":["https:\/\/kosmika-trgovina.si\/LPT\/trgovina\/kristali\/zapestnica-cakre\/"]}]},{"@type":"ImageObject","inLanguage":"sl-SI","@id":"https:\/\/kosmika-trgovina.si\/LPT\/trgovina\/kristali\/zapestnica-cakre\/#primaryimage","url":"https:\/\/kosmika-trgovina.si\/LPT\/wp-content\/uploads\/2020\/03\/\u010cakre-vse.png","contentUrl":"https:\/\/kosmika-trgovina.si\/LPT\/wp-content\/uploads\/2020\/03\/\u010cakre-vse.png","width":800,"height":800},{"@type":"BreadcrumbList","@id":"https:\/\/kosmika-trgovina.si\/LPT\/trgovina\/kristali\/zapestnica-cakre\/#breadcrumb","itemListElement":[{"@type":"ListItem","position":1,"name":"Home","item":"https:\/\/kosmika-trgovina.si\/LPT\/"},{"@type":"ListItem","position":2,"name":"Trgovina","item":"https:\/\/kosmika-trgovina.si\/LPT\/"},{"@type":"ListItem","position":3,"name":"Zapestnica \u010dakre"}]},{"@type":"WebSite","@id":"https:\/\/kosmika-trgovina.si\/LPT\/#website","url":"https:\/\/kosmika-trgovina.si\/LPT\/","name":"Kosmika trgovina","description":"Kosmika trgovina","publisher":{"@id":"https:\/\/kosmika-trgovina.si\/LPT\/#organization"},"potentialAction":[{"@type":"SearchAction","target":{"@type":"EntryPoint","urlTemplate":"https:\/\/kosmika-trgovina.si\/LPT\/?s={search_term_string}"},"query-input":{"@type":"PropertyValueSpecification","valueRequired":true,"valueName":"search_term_string"}}],"inLanguage":"sl-SI"},{"@type":"Organization","@id":"https:\/\/kosmika-trgovina.si\/LPT\/#organization","name":"Kosmika trgovina","url":"https:\/\/kosmika-trgovina.si\/LPT\/","logo":{"@type":"ImageObject","inLanguage":"sl-SI","@id":"https:\/\/kosmika-trgovina.si\/LPT\/#\/schema\/logo\/image\/","url":"https:\/\/kosmika-trgovina.si\/LPT\/wp-content\/uploads\/2020\/01\/cropped-horoskop-logo_top-2.png","contentUrl":"https:\/\/kosmika-trgovina.si\/LPT\/wp-content\/uploads\/2020\/01\/cropped-horoskop-logo_top-2.png","width":404,"height":101,"caption":"Kosmika trgovina"},"image":{"@id":"https:\/\/kosmika-trgovina.si\/LPT\/#\/schema\/logo\/image\/"}}]}},"_links":{"self":[{"href":"https:\/\/kosmika-trgovina.si\/LPT\/wp-json\/wp\/v2\/product\/796","targetHints":{"allow":["GET"]}}],"collection":[{"href":"https:\/\/kosmika-trgovina.si\/LPT\/wp-json\/wp\/v2\/product"}],"about":[{"href":"https:\/\/kosmika-trgovina.si\/LPT\/wp-json\/wp\/v2\/types\/product"}],"version-history":[{"count":3,"href":"https:\/\/kosmika-trgovina.si\/LPT\/wp-json\/wp\/v2\/product\/796\/revisions"}],"predecessor-version":[{"id":2123,"href":"https:\/\/kosmika-trgovina.si\/LPT\/wp-json\/wp\/v2\/product\/796\/revisions\/2123"}],"wp:featuredmedia":[{"embeddable":true,"href":"https:\/\/kosmika-trgovina.si\/LPT\/wp-json\/wp\/v2\/media\/813"}],"wp:attachment":[{"href":"https:\/\/kosmika-trgovina.si\/LPT\/wp-json\/wp\/v2\/media?parent=796"}],"wp:term":[{"taxonomy":"product_brand","embeddable":true,"href":"https:\/\/kosmika-trgovina.si\/LPT\/wp-json\/wp\/v2\/product_brand?post=796"},{"taxonomy":"product_cat","embeddable":true,"href":"https:\/\/kosmika-trgovina.si\/LPT\/wp-json\/wp\/v2\/product_cat?post=796"},{"taxonomy":"product_tag","embeddable":true,"href":"https:\/\/kosmika-trgovina.si\/LPT\/wp-json\/wp\/v2\/product_tag?post=796"}],"curies":[{"name":"wp","href":"https:\/\/api.w.org\/{rel}","templated":true}]}}