{"id":8293,"date":"2022-01-25T11:05:36","date_gmt":"2022-01-25T11:05:36","guid":{"rendered":"https:\/\/kosmika-trgovina.si\/LPT\/?post_type=product&#038;p=8293"},"modified":"2022-02-04T08:40:20","modified_gmt":"2022-02-04T08:40:20","slug":"obesek-srce-rodonit","status":"publish","type":"product","link":"https:\/\/kosmika-trgovina.si\/LPT\/trgovina\/obeski\/obesek-srce-rodonit\/","title":{"rendered":"Obesek srce Rodonit"},"content":{"rendered":"<p>Kristal rodonit pomaga celiti stare rane ter odpreti srce za nove prilo\u017enosti in ljubezen. S tem kristalom lahko se\u017eete globoko v svojo notranjost in najdete svoje bistvo. Spustite od sebe stvari, osebe, \u010dustva, ki vas omejujejo in vam prepre\u010dujejo, da bi izkoristili svoj polni potencial. Obesek srce rodonit vam bo na tej poti sledil kot talisman za podporo va\u0161im novim ciljem. Va\u0161emu srcu bo pomagal odpustiti.<\/p>\n<p><strong>Srce iz kristala rodonit<\/strong><\/p>\n<ul>\n<li>krepi sr\u010dno \u010dakro<\/li>\n<li>odpravlja stara \u010dustva, jih uravnove\u0161a<\/li>\n<li>pomaga preboleti<\/li>\n<li>odpravlja ob\u010dutek tesnobe<\/li>\n<\/ul>\n","protected":false},"excerpt":{"rendered":"<p>Kristal rodonit pomaga celiti stare rane ter odpreti srce za nove prilo\u017enosti in ljubezen. S tem kristalom lahko se\u017eete globoko v svojo notranjost in najdete svoje bistvo. Spustite od sebe stvari, osebe, \u010dustva, ki vas omejujejo in vam prepre\u010dujejo, da bi izkoristili svoj polni potencial. Obesek srce rodonit vam bo na tej poti sledil kot [&hellip;]<\/p>\n","protected":false},"featured_media":9113,"template":"","meta":{"site-sidebar-layout":"default","site-content-layout":"default","ast-site-content-layout":"default","site-content-style":"default","site-sidebar-style":"default","ast-global-header-display":"","ast-banner-title-visibility":"","ast-main-header-display":"","ast-hfb-above-header-display":"","ast-hfb-below-header-display":"","ast-hfb-mobile-header-display":"","site-post-title":"","ast-breadcrumbs-content":"","ast-featured-img":"","footer-sml-layout":"","ast-disable-related-posts":"","theme-transparent-header-meta":"default","adv-header-id-meta":"","stick-header-meta":"","header-above-stick-meta":"","header-main-stick-meta":"","header-below-stick-meta":"","astra-migrate-meta-layouts":"default","ast-page-background-enabled":"default","ast-page-background-meta":{"desktop":{"background-color":"var(--ast-global-color-4)","background-image":"","background-repeat":"repeat","background-position":"center center","background-size":"auto","background-attachment":"scroll","background-type":"","background-media":"","overlay-type":"","overlay-color":"","overlay-opacity":"","overlay-gradient":""},"tablet":{"background-color":"","background-image":"","background-repeat":"repeat","background-position":"center center","background-size":"auto","background-attachment":"scroll","background-type":"","background-media":"","overlay-type":"","overlay-color":"","overlay-opacity":"","overlay-gradient":""},"mobile":{"background-color":"","background-image":"","background-repeat":"repeat","background-position":"center center","background-size":"auto","background-attachment":"scroll","background-type":"","background-media":"","overlay-type":"","overlay-color":"","overlay-opacity":"","overlay-gradient":""}},"ast-content-background-meta":{"desktop":{"background-color":"var(--ast-global-color-5)","background-image":"","background-repeat":"repeat","background-position":"center center","background-size":"auto","background-attachment":"scroll","background-type":"","background-media":"","overlay-type":"","overlay-color":"","overlay-opacity":"","overlay-gradient":""},"tablet":{"background-color":"var(--ast-global-color-5)","background-image":"","background-repeat":"repeat","background-position":"center center","background-size":"auto","background-attachment":"scroll","background-type":"","background-media":"","overlay-type":"","overlay-color":"","overlay-opacity":"","overlay-gradient":""},"mobile":{"background-color":"var(--ast-global-color-5)","background-image":"","background-repeat":"repeat","background-position":"center center","background-size":"auto","background-attachment":"scroll","background-type":"","background-media":"","overlay-type":"","overlay-color":"","overlay-opacity":"","overlay-gradient":""}}},"product_brand":[],"product_cat":[113,116],"product_tag":[],"class_list":{"0":"post-8293","1":"product","2":"type-product","3":"status-publish","4":"has-post-thumbnail","6":"product_cat-obeski","7":"product_cat-srcki","8":"desktop-align-left","9":"tablet-align-left","10":"mobile-align-left","12":"first","13":"instock","14":"taxable","15":"shipping-taxable","16":"purchasable","17":"product-type-simple"},"yoast_head":"<!-- This site is optimized with the Yoast SEO plugin v27.5 - https:\/\/yoast.com\/product\/yoast-seo-wordpress\/ -->\n<title>Obesek srce Rodonit - Kosmika trgovina<\/title>\n<meta name=\"robots\" content=\"index, follow, max-snippet:-1, max-image-preview:large, max-video-preview:-1\" \/>\n<link rel=\"canonical\" href=\"https:\/\/kosmika-trgovina.si\/LPT\/trgovina\/obeski\/obesek-srce-rodonit\/\" \/>\n<meta property=\"og:locale\" content=\"sl_SI\" \/>\n<meta property=\"og:type\" content=\"article\" \/>\n<meta property=\"og:title\" content=\"Obesek srce Rodonit - Kosmika trgovina\" \/>\n<meta property=\"og:description\" content=\"Kristal rodonit pomaga celiti stare rane ter odpreti srce za nove prilo\u017enosti in ljubezen. S tem kristalom lahko se\u017eete globoko v svojo notranjost in najdete svoje bistvo. Spustite od sebe stvari, osebe, \u010dustva, ki vas omejujejo in vam prepre\u010dujejo, da bi izkoristili svoj polni potencial. Obesek srce rodonit vam bo na tej poti sledil kot [&hellip;]\" \/>\n<meta property=\"og:url\" content=\"https:\/\/kosmika-trgovina.si\/LPT\/trgovina\/obeski\/obesek-srce-rodonit\/\" \/>\n<meta property=\"og:site_name\" content=\"Kosmika trgovina\" \/>\n<meta property=\"article:modified_time\" content=\"2022-02-04T08:40:20+00:00\" \/>\n<meta property=\"og:image\" content=\"https:\/\/kosmika-trgovina.si\/LPT\/wp-content\/uploads\/2022\/01\/obesek-srce-rodonit-kosmika.jpg\" \/>\n\t<meta property=\"og:image:width\" content=\"1000\" \/>\n\t<meta property=\"og:image:height\" content=\"1000\" \/>\n\t<meta property=\"og:image:type\" content=\"image\/jpeg\" \/>\n<meta name=\"twitter:card\" content=\"summary_large_image\" \/>\n<script type=\"application\/ld+json\" class=\"yoast-schema-graph\">{\"@context\":\"https:\\\/\\\/schema.org\",\"@graph\":[{\"@type\":\"WebPage\",\"@id\":\"https:\\\/\\\/kosmika-trgovina.si\\\/LPT\\\/trgovina\\\/obeski\\\/obesek-srce-rodonit\\\/\",\"url\":\"https:\\\/\\\/kosmika-trgovina.si\\\/LPT\\\/trgovina\\\/obeski\\\/obesek-srce-rodonit\\\/\",\"name\":\"Obesek srce Rodonit - Kosmika trgovina\",\"isPartOf\":{\"@id\":\"https:\\\/\\\/kosmika-trgovina.si\\\/LPT\\\/#website\"},\"primaryImageOfPage\":{\"@id\":\"https:\\\/\\\/kosmika-trgovina.si\\\/LPT\\\/trgovina\\\/obeski\\\/obesek-srce-rodonit\\\/#primaryimage\"},\"image\":{\"@id\":\"https:\\\/\\\/kosmika-trgovina.si\\\/LPT\\\/trgovina\\\/obeski\\\/obesek-srce-rodonit\\\/#primaryimage\"},\"thumbnailUrl\":\"https:\\\/\\\/kosmika-trgovina.si\\\/LPT\\\/wp-content\\\/uploads\\\/2022\\\/01\\\/obesek-srce-rodonit-kosmika.jpg\",\"datePublished\":\"2022-01-25T11:05:36+00:00\",\"dateModified\":\"2022-02-04T08:40:20+00:00\",\"breadcrumb\":{\"@id\":\"https:\\\/\\\/kosmika-trgovina.si\\\/LPT\\\/trgovina\\\/obeski\\\/obesek-srce-rodonit\\\/#breadcrumb\"},\"inLanguage\":\"sl-SI\",\"potentialAction\":[{\"@type\":\"ReadAction\",\"target\":[\"https:\\\/\\\/kosmika-trgovina.si\\\/LPT\\\/trgovina\\\/obeski\\\/obesek-srce-rodonit\\\/\"]}]},{\"@type\":\"ImageObject\",\"inLanguage\":\"sl-SI\",\"@id\":\"https:\\\/\\\/kosmika-trgovina.si\\\/LPT\\\/trgovina\\\/obeski\\\/obesek-srce-rodonit\\\/#primaryimage\",\"url\":\"https:\\\/\\\/kosmika-trgovina.si\\\/LPT\\\/wp-content\\\/uploads\\\/2022\\\/01\\\/obesek-srce-rodonit-kosmika.jpg\",\"contentUrl\":\"https:\\\/\\\/kosmika-trgovina.si\\\/LPT\\\/wp-content\\\/uploads\\\/2022\\\/01\\\/obesek-srce-rodonit-kosmika.jpg\",\"width\":1000,\"height\":1000,\"caption\":\"Obesek srce rodonit\"},{\"@type\":\"BreadcrumbList\",\"@id\":\"https:\\\/\\\/kosmika-trgovina.si\\\/LPT\\\/trgovina\\\/obeski\\\/obesek-srce-rodonit\\\/#breadcrumb\",\"itemListElement\":[{\"@type\":\"ListItem\",\"position\":1,\"name\":\"Home\",\"item\":\"https:\\\/\\\/kosmika-trgovina.si\\\/LPT\\\/\"},{\"@type\":\"ListItem\",\"position\":2,\"name\":\"Trgovina\",\"item\":\"https:\\\/\\\/kosmika-trgovina.si\\\/LPT\\\/\"},{\"@type\":\"ListItem\",\"position\":3,\"name\":\"Obesek srce Rodonit\"}]},{\"@type\":\"WebSite\",\"@id\":\"https:\\\/\\\/kosmika-trgovina.si\\\/LPT\\\/#website\",\"url\":\"https:\\\/\\\/kosmika-trgovina.si\\\/LPT\\\/\",\"name\":\"Kosmika trgovina\",\"description\":\"Kosmika trgovina\",\"publisher\":{\"@id\":\"https:\\\/\\\/kosmika-trgovina.si\\\/LPT\\\/#organization\"},\"potentialAction\":[{\"@type\":\"SearchAction\",\"target\":{\"@type\":\"EntryPoint\",\"urlTemplate\":\"https:\\\/\\\/kosmika-trgovina.si\\\/LPT\\\/?s={search_term_string}\"},\"query-input\":{\"@type\":\"PropertyValueSpecification\",\"valueRequired\":true,\"valueName\":\"search_term_string\"}}],\"inLanguage\":\"sl-SI\"},{\"@type\":\"Organization\",\"@id\":\"https:\\\/\\\/kosmika-trgovina.si\\\/LPT\\\/#organization\",\"name\":\"Kosmika trgovina\",\"url\":\"https:\\\/\\\/kosmika-trgovina.si\\\/LPT\\\/\",\"logo\":{\"@type\":\"ImageObject\",\"inLanguage\":\"sl-SI\",\"@id\":\"https:\\\/\\\/kosmika-trgovina.si\\\/LPT\\\/#\\\/schema\\\/logo\\\/image\\\/\",\"url\":\"https:\\\/\\\/kosmika-trgovina.si\\\/LPT\\\/wp-content\\\/uploads\\\/2020\\\/01\\\/cropped-horoskop-logo_top-2.png\",\"contentUrl\":\"https:\\\/\\\/kosmika-trgovina.si\\\/LPT\\\/wp-content\\\/uploads\\\/2020\\\/01\\\/cropped-horoskop-logo_top-2.png\",\"width\":404,\"height\":101,\"caption\":\"Kosmika trgovina\"},\"image\":{\"@id\":\"https:\\\/\\\/kosmika-trgovina.si\\\/LPT\\\/#\\\/schema\\\/logo\\\/image\\\/\"}}]}<\/script>\n<!-- \/ Yoast SEO plugin. -->","yoast_head_json":{"title":"Obesek srce Rodonit - Kosmika trgovina","robots":{"index":"index","follow":"follow","max-snippet":"max-snippet:-1","max-image-preview":"max-image-preview:large","max-video-preview":"max-video-preview:-1"},"canonical":"https:\/\/kosmika-trgovina.si\/LPT\/trgovina\/obeski\/obesek-srce-rodonit\/","og_locale":"sl_SI","og_type":"article","og_title":"Obesek srce Rodonit - Kosmika trgovina","og_description":"Kristal rodonit pomaga celiti stare rane ter odpreti srce za nove prilo\u017enosti in ljubezen. S tem kristalom lahko se\u017eete globoko v svojo notranjost in najdete svoje bistvo. Spustite od sebe stvari, osebe, \u010dustva, ki vas omejujejo in vam prepre\u010dujejo, da bi izkoristili svoj polni potencial. Obesek srce rodonit vam bo na tej poti sledil kot [&hellip;]","og_url":"https:\/\/kosmika-trgovina.si\/LPT\/trgovina\/obeski\/obesek-srce-rodonit\/","og_site_name":"Kosmika trgovina","article_modified_time":"2022-02-04T08:40:20+00:00","og_image":[{"width":1000,"height":1000,"url":"https:\/\/kosmika-trgovina.si\/LPT\/wp-content\/uploads\/2022\/01\/obesek-srce-rodonit-kosmika.jpg","type":"image\/jpeg"}],"twitter_card":"summary_large_image","schema":{"@context":"https:\/\/schema.org","@graph":[{"@type":"WebPage","@id":"https:\/\/kosmika-trgovina.si\/LPT\/trgovina\/obeski\/obesek-srce-rodonit\/","url":"https:\/\/kosmika-trgovina.si\/LPT\/trgovina\/obeski\/obesek-srce-rodonit\/","name":"Obesek srce Rodonit - Kosmika trgovina","isPartOf":{"@id":"https:\/\/kosmika-trgovina.si\/LPT\/#website"},"primaryImageOfPage":{"@id":"https:\/\/kosmika-trgovina.si\/LPT\/trgovina\/obeski\/obesek-srce-rodonit\/#primaryimage"},"image":{"@id":"https:\/\/kosmika-trgovina.si\/LPT\/trgovina\/obeski\/obesek-srce-rodonit\/#primaryimage"},"thumbnailUrl":"https:\/\/kosmika-trgovina.si\/LPT\/wp-content\/uploads\/2022\/01\/obesek-srce-rodonit-kosmika.jpg","datePublished":"2022-01-25T11:05:36+00:00","dateModified":"2022-02-04T08:40:20+00:00","breadcrumb":{"@id":"https:\/\/kosmika-trgovina.si\/LPT\/trgovina\/obeski\/obesek-srce-rodonit\/#breadcrumb"},"inLanguage":"sl-SI","potentialAction":[{"@type":"ReadAction","target":["https:\/\/kosmika-trgovina.si\/LPT\/trgovina\/obeski\/obesek-srce-rodonit\/"]}]},{"@type":"ImageObject","inLanguage":"sl-SI","@id":"https:\/\/kosmika-trgovina.si\/LPT\/trgovina\/obeski\/obesek-srce-rodonit\/#primaryimage","url":"https:\/\/kosmika-trgovina.si\/LPT\/wp-content\/uploads\/2022\/01\/obesek-srce-rodonit-kosmika.jpg","contentUrl":"https:\/\/kosmika-trgovina.si\/LPT\/wp-content\/uploads\/2022\/01\/obesek-srce-rodonit-kosmika.jpg","width":1000,"height":1000,"caption":"Obesek srce rodonit"},{"@type":"BreadcrumbList","@id":"https:\/\/kosmika-trgovina.si\/LPT\/trgovina\/obeski\/obesek-srce-rodonit\/#breadcrumb","itemListElement":[{"@type":"ListItem","position":1,"name":"Home","item":"https:\/\/kosmika-trgovina.si\/LPT\/"},{"@type":"ListItem","position":2,"name":"Trgovina","item":"https:\/\/kosmika-trgovina.si\/LPT\/"},{"@type":"ListItem","position":3,"name":"Obesek srce Rodonit"}]},{"@type":"WebSite","@id":"https:\/\/kosmika-trgovina.si\/LPT\/#website","url":"https:\/\/kosmika-trgovina.si\/LPT\/","name":"Kosmika trgovina","description":"Kosmika trgovina","publisher":{"@id":"https:\/\/kosmika-trgovina.si\/LPT\/#organization"},"potentialAction":[{"@type":"SearchAction","target":{"@type":"EntryPoint","urlTemplate":"https:\/\/kosmika-trgovina.si\/LPT\/?s={search_term_string}"},"query-input":{"@type":"PropertyValueSpecification","valueRequired":true,"valueName":"search_term_string"}}],"inLanguage":"sl-SI"},{"@type":"Organization","@id":"https:\/\/kosmika-trgovina.si\/LPT\/#organization","name":"Kosmika trgovina","url":"https:\/\/kosmika-trgovina.si\/LPT\/","logo":{"@type":"ImageObject","inLanguage":"sl-SI","@id":"https:\/\/kosmika-trgovina.si\/LPT\/#\/schema\/logo\/image\/","url":"https:\/\/kosmika-trgovina.si\/LPT\/wp-content\/uploads\/2020\/01\/cropped-horoskop-logo_top-2.png","contentUrl":"https:\/\/kosmika-trgovina.si\/LPT\/wp-content\/uploads\/2020\/01\/cropped-horoskop-logo_top-2.png","width":404,"height":101,"caption":"Kosmika trgovina"},"image":{"@id":"https:\/\/kosmika-trgovina.si\/LPT\/#\/schema\/logo\/image\/"}}]}},"_links":{"self":[{"href":"https:\/\/kosmika-trgovina.si\/LPT\/wp-json\/wp\/v2\/product\/8293","targetHints":{"allow":["GET"]}}],"collection":[{"href":"https:\/\/kosmika-trgovina.si\/LPT\/wp-json\/wp\/v2\/product"}],"about":[{"href":"https:\/\/kosmika-trgovina.si\/LPT\/wp-json\/wp\/v2\/types\/product"}],"version-history":[{"count":1,"href":"https:\/\/kosmika-trgovina.si\/LPT\/wp-json\/wp\/v2\/product\/8293\/revisions"}],"predecessor-version":[{"id":8309,"href":"https:\/\/kosmika-trgovina.si\/LPT\/wp-json\/wp\/v2\/product\/8293\/revisions\/8309"}],"wp:featuredmedia":[{"embeddable":true,"href":"https:\/\/kosmika-trgovina.si\/LPT\/wp-json\/wp\/v2\/media\/9113"}],"wp:attachment":[{"href":"https:\/\/kosmika-trgovina.si\/LPT\/wp-json\/wp\/v2\/media?parent=8293"}],"wp:term":[{"taxonomy":"product_brand","embeddable":true,"href":"https:\/\/kosmika-trgovina.si\/LPT\/wp-json\/wp\/v2\/product_brand?post=8293"},{"taxonomy":"product_cat","embeddable":true,"href":"https:\/\/kosmika-trgovina.si\/LPT\/wp-json\/wp\/v2\/product_cat?post=8293"},{"taxonomy":"product_tag","embeddable":true,"href":"https:\/\/kosmika-trgovina.si\/LPT\/wp-json\/wp\/v2\/product_tag?post=8293"}],"curies":[{"name":"wp","href":"https:\/\/api.w.org\/{rel}","templated":true}]}}