{"id":8366,"date":"2022-01-25T11:27:50","date_gmt":"2022-01-25T11:27:50","guid":{"rendered":"https:\/\/kosmika-trgovina.si\/LPT\/?post_type=product&#038;p=8366"},"modified":"2024-02-26T14:22:10","modified_gmt":"2024-02-26T14:22:10","slug":"obesek-srcek-snezni-obsidian","status":"publish","type":"product","link":"https:\/\/kosmika-trgovina.si\/LPT\/trgovina\/obeski\/obesek-srcek-snezni-obsidian\/","title":{"rendered":"Obesek sr\u010dek Sne\u017eni obsidian"},"content":{"rendered":"<p>Kristal sne\u017eni obsidian \u0161\u010diti pred vdorom tujih energij, vzpostavlja ravnovesje in sre\u010do. Odli\u010dno vpliva tudi na razstrupljanje telesa. Pomaga nam odstraniti ne\u017eelene vzorce vedenja ter okrepi odlo\u010dnost. Ustvari za\u0161\u010dito pred vdorom negativnih energij in \u010dustvenih napadov.<\/p>\n<p><strong>Sr\u010dek iz kristala sne\u017eni obsidian<\/strong><\/p>\n<ul>\n<li>odpravlja negativne energije<\/li>\n<li>\u0161\u010diti pred \u010dustvenimi vampirji<\/li>\n<li>pomaga pri razstrupljanju telesa<\/li>\n<li>prizemljuje<\/li>\n<li>krepi odlo\u010dnost<\/li>\n<li>usmerja k sprejemanju pravilnih odlo\u010ditev<\/li>\n<\/ul>\n","protected":false},"excerpt":{"rendered":"<p>Kristal sne\u017eni obsidian \u0161\u010diti pred vdorom tujih energij, vzpostavlja ravnovesje in sre\u010do. Odli\u010dno vpliva tudi na razstrupljanje telesa. Pomaga nam odstraniti ne\u017eelene vzorce vedenja ter okrepi odlo\u010dnost. Ustvari za\u0161\u010dito pred vdorom negativnih energij in \u010dustvenih napadov. Sr\u010dek iz kristala sne\u017eni obsidian odpravlja negativne energije \u0161\u010diti pred \u010dustvenimi vampirji pomaga pri razstrupljanju telesa prizemljuje krepi odlo\u010dnost [&hellip;]<\/p>\n","protected":false},"featured_media":9115,"template":"","meta":{"site-sidebar-layout":"default","site-content-layout":"default","ast-site-content-layout":"default","site-content-style":"default","site-sidebar-style":"default","ast-global-header-display":"","ast-banner-title-visibility":"","ast-main-header-display":"","ast-hfb-above-header-display":"","ast-hfb-below-header-display":"","ast-hfb-mobile-header-display":"","site-post-title":"","ast-breadcrumbs-content":"","ast-featured-img":"","footer-sml-layout":"","ast-disable-related-posts":"","theme-transparent-header-meta":"default","adv-header-id-meta":"","stick-header-meta":"","header-above-stick-meta":"","header-main-stick-meta":"","header-below-stick-meta":"","astra-migrate-meta-layouts":"set","ast-page-background-enabled":"default","ast-page-background-meta":{"desktop":{"background-color":"var(--ast-global-color-4)","background-image":"","background-repeat":"repeat","background-position":"center center","background-size":"auto","background-attachment":"scroll","background-type":"","background-media":"","overlay-type":"","overlay-color":"","overlay-opacity":"","overlay-gradient":""},"tablet":{"background-color":"","background-image":"","background-repeat":"repeat","background-position":"center center","background-size":"auto","background-attachment":"scroll","background-type":"","background-media":"","overlay-type":"","overlay-color":"","overlay-opacity":"","overlay-gradient":""},"mobile":{"background-color":"","background-image":"","background-repeat":"repeat","background-position":"center center","background-size":"auto","background-attachment":"scroll","background-type":"","background-media":"","overlay-type":"","overlay-color":"","overlay-opacity":"","overlay-gradient":""}},"ast-content-background-meta":{"desktop":{"background-color":"var(--ast-global-color-5)","background-image":"","background-repeat":"repeat","background-position":"center center","background-size":"auto","background-attachment":"scroll","background-type":"","background-media":"","overlay-type":"","overlay-color":"","overlay-opacity":"","overlay-gradient":""},"tablet":{"background-color":"var(--ast-global-color-5)","background-image":"","background-repeat":"repeat","background-position":"center center","background-size":"auto","background-attachment":"scroll","background-type":"","background-media":"","overlay-type":"","overlay-color":"","overlay-opacity":"","overlay-gradient":""},"mobile":{"background-color":"var(--ast-global-color-5)","background-image":"","background-repeat":"repeat","background-position":"center center","background-size":"auto","background-attachment":"scroll","background-type":"","background-media":"","overlay-type":"","overlay-color":"","overlay-opacity":"","overlay-gradient":""}}},"product_brand":[],"product_cat":[113,116],"product_tag":[],"class_list":{"0":"post-8366","1":"product","2":"type-product","3":"status-publish","4":"has-post-thumbnail","6":"product_cat-obeski","7":"product_cat-srcki","8":"desktop-align-left","9":"tablet-align-left","10":"mobile-align-left","12":"first","13":"outofstock","14":"taxable","15":"shipping-taxable","16":"purchasable","17":"product-type-simple"},"yoast_head":"<!-- This site is optimized with the Yoast SEO plugin v27.5 - https:\/\/yoast.com\/product\/yoast-seo-wordpress\/ -->\n<title>Obesek sr\u010dek Sne\u017eni obsidian - Kosmika trgovina<\/title>\n<meta name=\"robots\" content=\"index, follow, max-snippet:-1, max-image-preview:large, max-video-preview:-1\" \/>\n<link rel=\"canonical\" href=\"https:\/\/kosmika-trgovina.si\/LPT\/trgovina\/obeski\/obesek-srcek-snezni-obsidian\/\" \/>\n<meta property=\"og:locale\" content=\"sl_SI\" \/>\n<meta property=\"og:type\" content=\"article\" \/>\n<meta property=\"og:title\" content=\"Obesek sr\u010dek Sne\u017eni obsidian - Kosmika trgovina\" \/>\n<meta property=\"og:description\" content=\"Kristal sne\u017eni obsidian \u0161\u010diti pred vdorom tujih energij, vzpostavlja ravnovesje in sre\u010do. Odli\u010dno vpliva tudi na razstrupljanje telesa. Pomaga nam odstraniti ne\u017eelene vzorce vedenja ter okrepi odlo\u010dnost. Ustvari za\u0161\u010dito pred vdorom negativnih energij in \u010dustvenih napadov. Sr\u010dek iz kristala sne\u017eni obsidian odpravlja negativne energije \u0161\u010diti pred \u010dustvenimi vampirji pomaga pri razstrupljanju telesa prizemljuje krepi odlo\u010dnost [&hellip;]\" \/>\n<meta property=\"og:url\" content=\"https:\/\/kosmika-trgovina.si\/LPT\/trgovina\/obeski\/obesek-srcek-snezni-obsidian\/\" \/>\n<meta property=\"og:site_name\" content=\"Kosmika trgovina\" \/>\n<meta property=\"article:modified_time\" content=\"2024-02-26T14:22:10+00:00\" \/>\n<meta property=\"og:image\" content=\"https:\/\/kosmika-trgovina.si\/LPT\/wp-content\/uploads\/2022\/01\/obesek-srecek-snezni-obsidian-kosmika.jpg\" \/>\n\t<meta property=\"og:image:width\" content=\"1000\" \/>\n\t<meta property=\"og:image:height\" content=\"1000\" \/>\n\t<meta property=\"og:image:type\" content=\"image\/jpeg\" \/>\n<meta name=\"twitter:card\" content=\"summary_large_image\" \/>\n<meta name=\"twitter:label1\" content=\"Est. reading time\" \/>\n\t<meta name=\"twitter:data1\" content=\"1 minuta\" \/>\n<script type=\"application\/ld+json\" class=\"yoast-schema-graph\">{\"@context\":\"https:\\\/\\\/schema.org\",\"@graph\":[{\"@type\":\"WebPage\",\"@id\":\"https:\\\/\\\/kosmika-trgovina.si\\\/LPT\\\/trgovina\\\/obeski\\\/obesek-srcek-snezni-obsidian\\\/\",\"url\":\"https:\\\/\\\/kosmika-trgovina.si\\\/LPT\\\/trgovina\\\/obeski\\\/obesek-srcek-snezni-obsidian\\\/\",\"name\":\"Obesek sr\u010dek Sne\u017eni obsidian - Kosmika trgovina\",\"isPartOf\":{\"@id\":\"https:\\\/\\\/kosmika-trgovina.si\\\/LPT\\\/#website\"},\"primaryImageOfPage\":{\"@id\":\"https:\\\/\\\/kosmika-trgovina.si\\\/LPT\\\/trgovina\\\/obeski\\\/obesek-srcek-snezni-obsidian\\\/#primaryimage\"},\"image\":{\"@id\":\"https:\\\/\\\/kosmika-trgovina.si\\\/LPT\\\/trgovina\\\/obeski\\\/obesek-srcek-snezni-obsidian\\\/#primaryimage\"},\"thumbnailUrl\":\"https:\\\/\\\/kosmika-trgovina.si\\\/LPT\\\/wp-content\\\/uploads\\\/2022\\\/01\\\/obesek-srecek-snezni-obsidian-kosmika.jpg\",\"datePublished\":\"2022-01-25T11:27:50+00:00\",\"dateModified\":\"2024-02-26T14:22:10+00:00\",\"breadcrumb\":{\"@id\":\"https:\\\/\\\/kosmika-trgovina.si\\\/LPT\\\/trgovina\\\/obeski\\\/obesek-srcek-snezni-obsidian\\\/#breadcrumb\"},\"inLanguage\":\"sl-SI\",\"potentialAction\":[{\"@type\":\"ReadAction\",\"target\":[\"https:\\\/\\\/kosmika-trgovina.si\\\/LPT\\\/trgovina\\\/obeski\\\/obesek-srcek-snezni-obsidian\\\/\"]}]},{\"@type\":\"ImageObject\",\"inLanguage\":\"sl-SI\",\"@id\":\"https:\\\/\\\/kosmika-trgovina.si\\\/LPT\\\/trgovina\\\/obeski\\\/obesek-srcek-snezni-obsidian\\\/#primaryimage\",\"url\":\"https:\\\/\\\/kosmika-trgovina.si\\\/LPT\\\/wp-content\\\/uploads\\\/2022\\\/01\\\/obesek-srecek-snezni-obsidian-kosmika.jpg\",\"contentUrl\":\"https:\\\/\\\/kosmika-trgovina.si\\\/LPT\\\/wp-content\\\/uploads\\\/2022\\\/01\\\/obesek-srecek-snezni-obsidian-kosmika.jpg\",\"width\":1000,\"height\":1000,\"caption\":\"Obesek sr\u010dek sne\u017eni obsidian\"},{\"@type\":\"BreadcrumbList\",\"@id\":\"https:\\\/\\\/kosmika-trgovina.si\\\/LPT\\\/trgovina\\\/obeski\\\/obesek-srcek-snezni-obsidian\\\/#breadcrumb\",\"itemListElement\":[{\"@type\":\"ListItem\",\"position\":1,\"name\":\"Home\",\"item\":\"https:\\\/\\\/kosmika-trgovina.si\\\/LPT\\\/\"},{\"@type\":\"ListItem\",\"position\":2,\"name\":\"Trgovina\",\"item\":\"https:\\\/\\\/kosmika-trgovina.si\\\/LPT\\\/\"},{\"@type\":\"ListItem\",\"position\":3,\"name\":\"Obesek sr\u010dek Sne\u017eni obsidian\"}]},{\"@type\":\"WebSite\",\"@id\":\"https:\\\/\\\/kosmika-trgovina.si\\\/LPT\\\/#website\",\"url\":\"https:\\\/\\\/kosmika-trgovina.si\\\/LPT\\\/\",\"name\":\"Kosmika trgovina\",\"description\":\"Kosmika trgovina\",\"publisher\":{\"@id\":\"https:\\\/\\\/kosmika-trgovina.si\\\/LPT\\\/#organization\"},\"potentialAction\":[{\"@type\":\"SearchAction\",\"target\":{\"@type\":\"EntryPoint\",\"urlTemplate\":\"https:\\\/\\\/kosmika-trgovina.si\\\/LPT\\\/?s={search_term_string}\"},\"query-input\":{\"@type\":\"PropertyValueSpecification\",\"valueRequired\":true,\"valueName\":\"search_term_string\"}}],\"inLanguage\":\"sl-SI\"},{\"@type\":\"Organization\",\"@id\":\"https:\\\/\\\/kosmika-trgovina.si\\\/LPT\\\/#organization\",\"name\":\"Kosmika trgovina\",\"url\":\"https:\\\/\\\/kosmika-trgovina.si\\\/LPT\\\/\",\"logo\":{\"@type\":\"ImageObject\",\"inLanguage\":\"sl-SI\",\"@id\":\"https:\\\/\\\/kosmika-trgovina.si\\\/LPT\\\/#\\\/schema\\\/logo\\\/image\\\/\",\"url\":\"https:\\\/\\\/kosmika-trgovina.si\\\/LPT\\\/wp-content\\\/uploads\\\/2020\\\/01\\\/cropped-horoskop-logo_top-2.png\",\"contentUrl\":\"https:\\\/\\\/kosmika-trgovina.si\\\/LPT\\\/wp-content\\\/uploads\\\/2020\\\/01\\\/cropped-horoskop-logo_top-2.png\",\"width\":404,\"height\":101,\"caption\":\"Kosmika trgovina\"},\"image\":{\"@id\":\"https:\\\/\\\/kosmika-trgovina.si\\\/LPT\\\/#\\\/schema\\\/logo\\\/image\\\/\"}}]}<\/script>\n<!-- \/ Yoast SEO plugin. -->","yoast_head_json":{"title":"Obesek sr\u010dek Sne\u017eni obsidian - Kosmika trgovina","robots":{"index":"index","follow":"follow","max-snippet":"max-snippet:-1","max-image-preview":"max-image-preview:large","max-video-preview":"max-video-preview:-1"},"canonical":"https:\/\/kosmika-trgovina.si\/LPT\/trgovina\/obeski\/obesek-srcek-snezni-obsidian\/","og_locale":"sl_SI","og_type":"article","og_title":"Obesek sr\u010dek Sne\u017eni obsidian - Kosmika trgovina","og_description":"Kristal sne\u017eni obsidian \u0161\u010diti pred vdorom tujih energij, vzpostavlja ravnovesje in sre\u010do. Odli\u010dno vpliva tudi na razstrupljanje telesa. Pomaga nam odstraniti ne\u017eelene vzorce vedenja ter okrepi odlo\u010dnost. Ustvari za\u0161\u010dito pred vdorom negativnih energij in \u010dustvenih napadov. Sr\u010dek iz kristala sne\u017eni obsidian odpravlja negativne energije \u0161\u010diti pred \u010dustvenimi vampirji pomaga pri razstrupljanju telesa prizemljuje krepi odlo\u010dnost [&hellip;]","og_url":"https:\/\/kosmika-trgovina.si\/LPT\/trgovina\/obeski\/obesek-srcek-snezni-obsidian\/","og_site_name":"Kosmika trgovina","article_modified_time":"2024-02-26T14:22:10+00:00","og_image":[{"width":1000,"height":1000,"url":"https:\/\/kosmika-trgovina.si\/LPT\/wp-content\/uploads\/2022\/01\/obesek-srecek-snezni-obsidian-kosmika.jpg","type":"image\/jpeg"}],"twitter_card":"summary_large_image","twitter_misc":{"Est. reading time":"1 minuta"},"schema":{"@context":"https:\/\/schema.org","@graph":[{"@type":"WebPage","@id":"https:\/\/kosmika-trgovina.si\/LPT\/trgovina\/obeski\/obesek-srcek-snezni-obsidian\/","url":"https:\/\/kosmika-trgovina.si\/LPT\/trgovina\/obeski\/obesek-srcek-snezni-obsidian\/","name":"Obesek sr\u010dek Sne\u017eni obsidian - Kosmika trgovina","isPartOf":{"@id":"https:\/\/kosmika-trgovina.si\/LPT\/#website"},"primaryImageOfPage":{"@id":"https:\/\/kosmika-trgovina.si\/LPT\/trgovina\/obeski\/obesek-srcek-snezni-obsidian\/#primaryimage"},"image":{"@id":"https:\/\/kosmika-trgovina.si\/LPT\/trgovina\/obeski\/obesek-srcek-snezni-obsidian\/#primaryimage"},"thumbnailUrl":"https:\/\/kosmika-trgovina.si\/LPT\/wp-content\/uploads\/2022\/01\/obesek-srecek-snezni-obsidian-kosmika.jpg","datePublished":"2022-01-25T11:27:50+00:00","dateModified":"2024-02-26T14:22:10+00:00","breadcrumb":{"@id":"https:\/\/kosmika-trgovina.si\/LPT\/trgovina\/obeski\/obesek-srcek-snezni-obsidian\/#breadcrumb"},"inLanguage":"sl-SI","potentialAction":[{"@type":"ReadAction","target":["https:\/\/kosmika-trgovina.si\/LPT\/trgovina\/obeski\/obesek-srcek-snezni-obsidian\/"]}]},{"@type":"ImageObject","inLanguage":"sl-SI","@id":"https:\/\/kosmika-trgovina.si\/LPT\/trgovina\/obeski\/obesek-srcek-snezni-obsidian\/#primaryimage","url":"https:\/\/kosmika-trgovina.si\/LPT\/wp-content\/uploads\/2022\/01\/obesek-srecek-snezni-obsidian-kosmika.jpg","contentUrl":"https:\/\/kosmika-trgovina.si\/LPT\/wp-content\/uploads\/2022\/01\/obesek-srecek-snezni-obsidian-kosmika.jpg","width":1000,"height":1000,"caption":"Obesek sr\u010dek sne\u017eni obsidian"},{"@type":"BreadcrumbList","@id":"https:\/\/kosmika-trgovina.si\/LPT\/trgovina\/obeski\/obesek-srcek-snezni-obsidian\/#breadcrumb","itemListElement":[{"@type":"ListItem","position":1,"name":"Home","item":"https:\/\/kosmika-trgovina.si\/LPT\/"},{"@type":"ListItem","position":2,"name":"Trgovina","item":"https:\/\/kosmika-trgovina.si\/LPT\/"},{"@type":"ListItem","position":3,"name":"Obesek sr\u010dek Sne\u017eni obsidian"}]},{"@type":"WebSite","@id":"https:\/\/kosmika-trgovina.si\/LPT\/#website","url":"https:\/\/kosmika-trgovina.si\/LPT\/","name":"Kosmika trgovina","description":"Kosmika trgovina","publisher":{"@id":"https:\/\/kosmika-trgovina.si\/LPT\/#organization"},"potentialAction":[{"@type":"SearchAction","target":{"@type":"EntryPoint","urlTemplate":"https:\/\/kosmika-trgovina.si\/LPT\/?s={search_term_string}"},"query-input":{"@type":"PropertyValueSpecification","valueRequired":true,"valueName":"search_term_string"}}],"inLanguage":"sl-SI"},{"@type":"Organization","@id":"https:\/\/kosmika-trgovina.si\/LPT\/#organization","name":"Kosmika trgovina","url":"https:\/\/kosmika-trgovina.si\/LPT\/","logo":{"@type":"ImageObject","inLanguage":"sl-SI","@id":"https:\/\/kosmika-trgovina.si\/LPT\/#\/schema\/logo\/image\/","url":"https:\/\/kosmika-trgovina.si\/LPT\/wp-content\/uploads\/2020\/01\/cropped-horoskop-logo_top-2.png","contentUrl":"https:\/\/kosmika-trgovina.si\/LPT\/wp-content\/uploads\/2020\/01\/cropped-horoskop-logo_top-2.png","width":404,"height":101,"caption":"Kosmika trgovina"},"image":{"@id":"https:\/\/kosmika-trgovina.si\/LPT\/#\/schema\/logo\/image\/"}}]}},"_links":{"self":[{"href":"https:\/\/kosmika-trgovina.si\/LPT\/wp-json\/wp\/v2\/product\/8366","targetHints":{"allow":["GET"]}}],"collection":[{"href":"https:\/\/kosmika-trgovina.si\/LPT\/wp-json\/wp\/v2\/product"}],"about":[{"href":"https:\/\/kosmika-trgovina.si\/LPT\/wp-json\/wp\/v2\/types\/product"}],"version-history":[{"count":1,"href":"https:\/\/kosmika-trgovina.si\/LPT\/wp-json\/wp\/v2\/product\/8366\/revisions"}],"predecessor-version":[{"id":8367,"href":"https:\/\/kosmika-trgovina.si\/LPT\/wp-json\/wp\/v2\/product\/8366\/revisions\/8367"}],"wp:featuredmedia":[{"embeddable":true,"href":"https:\/\/kosmika-trgovina.si\/LPT\/wp-json\/wp\/v2\/media\/9115"}],"wp:attachment":[{"href":"https:\/\/kosmika-trgovina.si\/LPT\/wp-json\/wp\/v2\/media?parent=8366"}],"wp:term":[{"taxonomy":"product_brand","embeddable":true,"href":"https:\/\/kosmika-trgovina.si\/LPT\/wp-json\/wp\/v2\/product_brand?post=8366"},{"taxonomy":"product_cat","embeddable":true,"href":"https:\/\/kosmika-trgovina.si\/LPT\/wp-json\/wp\/v2\/product_cat?post=8366"},{"taxonomy":"product_tag","embeddable":true,"href":"https:\/\/kosmika-trgovina.si\/LPT\/wp-json\/wp\/v2\/product_tag?post=8366"}],"curies":[{"name":"wp","href":"https:\/\/api.w.org\/{rel}","templated":true}]}}