{"id":8441,"date":"2022-01-25T12:22:42","date_gmt":"2022-01-25T12:22:42","guid":{"rendered":"https:\/\/kosmika-trgovina.si\/LPT\/?post_type=product&#038;p=8441"},"modified":"2022-01-27T13:49:12","modified_gmt":"2022-01-27T13:49:12","slug":"prasic","status":"publish","type":"product","link":"https:\/\/kosmika-trgovina.si\/LPT\/trgovina\/kitajski-horoskop\/prasic\/","title":{"rendered":"Kristalni par: Pra\u0161i\u010d"},"content":{"rendered":"<p><strong>Kristalni par: ametist in labradorit + sre\u010dni kovanec<\/strong><\/p>\n<p>Plemenitim pra\u0161i\u010dem bo kristal ametist pomagal umiriti misli in odpravljati v stres v situacijah, ki si jih pogosto nakopljejo s svojimi hitrimi odzivi. Prav tako jim bo odprl vrata v svet duhovnosti in razblinjenih iluzij.<\/p>\n<p>Labradorit je kristal jasnega izra\u017eanja misli in \u010dustev, ki deluje kot \u0161\u010dit pred vdorom negativnih energij, zato je primeren kristal za vse, ki veliko delajo z ljudmi. Primeren je prav tako za meditacijo in povezovanje z onstranstvom.<\/p>\n","protected":false},"excerpt":{"rendered":"<p>Kristalni par: ametist in labradorit + sre\u010dni kovanec<\/p>\n","protected":false},"featured_media":8390,"template":"","meta":{"site-sidebar-layout":"default","site-content-layout":"default","ast-site-content-layout":"default","site-content-style":"default","site-sidebar-style":"default","ast-global-header-display":"","ast-banner-title-visibility":"","ast-main-header-display":"","ast-hfb-above-header-display":"","ast-hfb-below-header-display":"","ast-hfb-mobile-header-display":"","site-post-title":"","ast-breadcrumbs-content":"","ast-featured-img":"","footer-sml-layout":"","ast-disable-related-posts":"","theme-transparent-header-meta":"default","adv-header-id-meta":"","stick-header-meta":"","header-above-stick-meta":"","header-main-stick-meta":"","header-below-stick-meta":"","astra-migrate-meta-layouts":"default","ast-page-background-enabled":"default","ast-page-background-meta":{"desktop":{"background-color":"var(--ast-global-color-4)","background-image":"","background-repeat":"repeat","background-position":"center center","background-size":"auto","background-attachment":"scroll","background-type":"","background-media":"","overlay-type":"","overlay-color":"","overlay-opacity":"","overlay-gradient":""},"tablet":{"background-color":"","background-image":"","background-repeat":"repeat","background-position":"center center","background-size":"auto","background-attachment":"scroll","background-type":"","background-media":"","overlay-type":"","overlay-color":"","overlay-opacity":"","overlay-gradient":""},"mobile":{"background-color":"","background-image":"","background-repeat":"repeat","background-position":"center center","background-size":"auto","background-attachment":"scroll","background-type":"","background-media":"","overlay-type":"","overlay-color":"","overlay-opacity":"","overlay-gradient":""}},"ast-content-background-meta":{"desktop":{"background-color":"var(--ast-global-color-5)","background-image":"","background-repeat":"repeat","background-position":"center center","background-size":"auto","background-attachment":"scroll","background-type":"","background-media":"","overlay-type":"","overlay-color":"","overlay-opacity":"","overlay-gradient":""},"tablet":{"background-color":"var(--ast-global-color-5)","background-image":"","background-repeat":"repeat","background-position":"center center","background-size":"auto","background-attachment":"scroll","background-type":"","background-media":"","overlay-type":"","overlay-color":"","overlay-opacity":"","overlay-gradient":""},"mobile":{"background-color":"var(--ast-global-color-5)","background-image":"","background-repeat":"repeat","background-position":"center center","background-size":"auto","background-attachment":"scroll","background-type":"","background-media":"","overlay-type":"","overlay-color":"","overlay-opacity":"","overlay-gradient":""}}},"product_brand":[],"product_cat":[115],"product_tag":[],"class_list":{"0":"post-8441","1":"product","2":"type-product","3":"status-publish","4":"has-post-thumbnail","6":"product_cat-kitajski-horoskop","7":"product_shipping_class-dostava","8":"desktop-align-left","9":"tablet-align-left","10":"mobile-align-left","12":"first","13":"instock","14":"taxable","15":"shipping-taxable","16":"purchasable","17":"product-type-simple"},"yoast_head":"<!-- This site is optimized with the Yoast SEO plugin v27.5 - https:\/\/yoast.com\/product\/yoast-seo-wordpress\/ -->\n<title>Kristalni par: Pra\u0161i\u010d - Kosmika trgovina<\/title>\n<meta name=\"robots\" content=\"index, follow, max-snippet:-1, max-image-preview:large, max-video-preview:-1\" \/>\n<link rel=\"canonical\" href=\"https:\/\/kosmika-trgovina.si\/LPT\/trgovina\/kitajski-horoskop\/prasic\/\" \/>\n<meta property=\"og:locale\" content=\"sl_SI\" \/>\n<meta property=\"og:type\" content=\"article\" \/>\n<meta property=\"og:title\" content=\"Kristalni par: Pra\u0161i\u010d - Kosmika trgovina\" \/>\n<meta property=\"og:description\" content=\"Kristalni par: ametist in labradorit + sre\u010dni kovanec\" \/>\n<meta property=\"og:url\" content=\"https:\/\/kosmika-trgovina.si\/LPT\/trgovina\/kitajski-horoskop\/prasic\/\" \/>\n<meta property=\"og:site_name\" content=\"Kosmika trgovina\" \/>\n<meta property=\"article:modified_time\" content=\"2022-01-27T13:49:12+00:00\" \/>\n<meta property=\"og:image\" content=\"https:\/\/kosmika-trgovina.si\/LPT\/wp-content\/uploads\/2022\/01\/kitajski-horoskop-prasic-ametist-labradorit.jpg\" \/>\n\t<meta property=\"og:image:width\" content=\"999\" \/>\n\t<meta property=\"og:image:height\" content=\"999\" \/>\n\t<meta property=\"og:image:type\" content=\"image\/jpeg\" \/>\n<meta name=\"twitter:card\" content=\"summary_large_image\" \/>\n<script type=\"application\/ld+json\" class=\"yoast-schema-graph\">{\"@context\":\"https:\\\/\\\/schema.org\",\"@graph\":[{\"@type\":\"WebPage\",\"@id\":\"https:\\\/\\\/kosmika-trgovina.si\\\/LPT\\\/trgovina\\\/kitajski-horoskop\\\/prasic\\\/\",\"url\":\"https:\\\/\\\/kosmika-trgovina.si\\\/LPT\\\/trgovina\\\/kitajski-horoskop\\\/prasic\\\/\",\"name\":\"Kristalni par: Pra\u0161i\u010d - Kosmika trgovina\",\"isPartOf\":{\"@id\":\"https:\\\/\\\/kosmika-trgovina.si\\\/LPT\\\/#website\"},\"primaryImageOfPage\":{\"@id\":\"https:\\\/\\\/kosmika-trgovina.si\\\/LPT\\\/trgovina\\\/kitajski-horoskop\\\/prasic\\\/#primaryimage\"},\"image\":{\"@id\":\"https:\\\/\\\/kosmika-trgovina.si\\\/LPT\\\/trgovina\\\/kitajski-horoskop\\\/prasic\\\/#primaryimage\"},\"thumbnailUrl\":\"https:\\\/\\\/kosmika-trgovina.si\\\/LPT\\\/wp-content\\\/uploads\\\/2022\\\/01\\\/kitajski-horoskop-prasic-ametist-labradorit.jpg\",\"datePublished\":\"2022-01-25T12:22:42+00:00\",\"dateModified\":\"2022-01-27T13:49:12+00:00\",\"breadcrumb\":{\"@id\":\"https:\\\/\\\/kosmika-trgovina.si\\\/LPT\\\/trgovina\\\/kitajski-horoskop\\\/prasic\\\/#breadcrumb\"},\"inLanguage\":\"sl-SI\",\"potentialAction\":[{\"@type\":\"ReadAction\",\"target\":[\"https:\\\/\\\/kosmika-trgovina.si\\\/LPT\\\/trgovina\\\/kitajski-horoskop\\\/prasic\\\/\"]}]},{\"@type\":\"ImageObject\",\"inLanguage\":\"sl-SI\",\"@id\":\"https:\\\/\\\/kosmika-trgovina.si\\\/LPT\\\/trgovina\\\/kitajski-horoskop\\\/prasic\\\/#primaryimage\",\"url\":\"https:\\\/\\\/kosmika-trgovina.si\\\/LPT\\\/wp-content\\\/uploads\\\/2022\\\/01\\\/kitajski-horoskop-prasic-ametist-labradorit.jpg\",\"contentUrl\":\"https:\\\/\\\/kosmika-trgovina.si\\\/LPT\\\/wp-content\\\/uploads\\\/2022\\\/01\\\/kitajski-horoskop-prasic-ametist-labradorit.jpg\",\"width\":999,\"height\":999,\"caption\":\"Kristalni par ametist in labradorit\"},{\"@type\":\"BreadcrumbList\",\"@id\":\"https:\\\/\\\/kosmika-trgovina.si\\\/LPT\\\/trgovina\\\/kitajski-horoskop\\\/prasic\\\/#breadcrumb\",\"itemListElement\":[{\"@type\":\"ListItem\",\"position\":1,\"name\":\"Home\",\"item\":\"https:\\\/\\\/kosmika-trgovina.si\\\/LPT\\\/\"},{\"@type\":\"ListItem\",\"position\":2,\"name\":\"Trgovina\",\"item\":\"https:\\\/\\\/kosmika-trgovina.si\\\/LPT\\\/\"},{\"@type\":\"ListItem\",\"position\":3,\"name\":\"Kristalni par: Pra\u0161i\u010d\"}]},{\"@type\":\"WebSite\",\"@id\":\"https:\\\/\\\/kosmika-trgovina.si\\\/LPT\\\/#website\",\"url\":\"https:\\\/\\\/kosmika-trgovina.si\\\/LPT\\\/\",\"name\":\"Kosmika trgovina\",\"description\":\"Kosmika trgovina\",\"publisher\":{\"@id\":\"https:\\\/\\\/kosmika-trgovina.si\\\/LPT\\\/#organization\"},\"potentialAction\":[{\"@type\":\"SearchAction\",\"target\":{\"@type\":\"EntryPoint\",\"urlTemplate\":\"https:\\\/\\\/kosmika-trgovina.si\\\/LPT\\\/?s={search_term_string}\"},\"query-input\":{\"@type\":\"PropertyValueSpecification\",\"valueRequired\":true,\"valueName\":\"search_term_string\"}}],\"inLanguage\":\"sl-SI\"},{\"@type\":\"Organization\",\"@id\":\"https:\\\/\\\/kosmika-trgovina.si\\\/LPT\\\/#organization\",\"name\":\"Kosmika trgovina\",\"url\":\"https:\\\/\\\/kosmika-trgovina.si\\\/LPT\\\/\",\"logo\":{\"@type\":\"ImageObject\",\"inLanguage\":\"sl-SI\",\"@id\":\"https:\\\/\\\/kosmika-trgovina.si\\\/LPT\\\/#\\\/schema\\\/logo\\\/image\\\/\",\"url\":\"https:\\\/\\\/kosmika-trgovina.si\\\/LPT\\\/wp-content\\\/uploads\\\/2020\\\/01\\\/cropped-horoskop-logo_top-2.png\",\"contentUrl\":\"https:\\\/\\\/kosmika-trgovina.si\\\/LPT\\\/wp-content\\\/uploads\\\/2020\\\/01\\\/cropped-horoskop-logo_top-2.png\",\"width\":404,\"height\":101,\"caption\":\"Kosmika trgovina\"},\"image\":{\"@id\":\"https:\\\/\\\/kosmika-trgovina.si\\\/LPT\\\/#\\\/schema\\\/logo\\\/image\\\/\"}}]}<\/script>\n<!-- \/ Yoast SEO plugin. -->","yoast_head_json":{"title":"Kristalni par: Pra\u0161i\u010d - Kosmika trgovina","robots":{"index":"index","follow":"follow","max-snippet":"max-snippet:-1","max-image-preview":"max-image-preview:large","max-video-preview":"max-video-preview:-1"},"canonical":"https:\/\/kosmika-trgovina.si\/LPT\/trgovina\/kitajski-horoskop\/prasic\/","og_locale":"sl_SI","og_type":"article","og_title":"Kristalni par: Pra\u0161i\u010d - Kosmika trgovina","og_description":"Kristalni par: ametist in labradorit + sre\u010dni kovanec","og_url":"https:\/\/kosmika-trgovina.si\/LPT\/trgovina\/kitajski-horoskop\/prasic\/","og_site_name":"Kosmika trgovina","article_modified_time":"2022-01-27T13:49:12+00:00","og_image":[{"width":999,"height":999,"url":"https:\/\/kosmika-trgovina.si\/LPT\/wp-content\/uploads\/2022\/01\/kitajski-horoskop-prasic-ametist-labradorit.jpg","type":"image\/jpeg"}],"twitter_card":"summary_large_image","schema":{"@context":"https:\/\/schema.org","@graph":[{"@type":"WebPage","@id":"https:\/\/kosmika-trgovina.si\/LPT\/trgovina\/kitajski-horoskop\/prasic\/","url":"https:\/\/kosmika-trgovina.si\/LPT\/trgovina\/kitajski-horoskop\/prasic\/","name":"Kristalni par: Pra\u0161i\u010d - Kosmika trgovina","isPartOf":{"@id":"https:\/\/kosmika-trgovina.si\/LPT\/#website"},"primaryImageOfPage":{"@id":"https:\/\/kosmika-trgovina.si\/LPT\/trgovina\/kitajski-horoskop\/prasic\/#primaryimage"},"image":{"@id":"https:\/\/kosmika-trgovina.si\/LPT\/trgovina\/kitajski-horoskop\/prasic\/#primaryimage"},"thumbnailUrl":"https:\/\/kosmika-trgovina.si\/LPT\/wp-content\/uploads\/2022\/01\/kitajski-horoskop-prasic-ametist-labradorit.jpg","datePublished":"2022-01-25T12:22:42+00:00","dateModified":"2022-01-27T13:49:12+00:00","breadcrumb":{"@id":"https:\/\/kosmika-trgovina.si\/LPT\/trgovina\/kitajski-horoskop\/prasic\/#breadcrumb"},"inLanguage":"sl-SI","potentialAction":[{"@type":"ReadAction","target":["https:\/\/kosmika-trgovina.si\/LPT\/trgovina\/kitajski-horoskop\/prasic\/"]}]},{"@type":"ImageObject","inLanguage":"sl-SI","@id":"https:\/\/kosmika-trgovina.si\/LPT\/trgovina\/kitajski-horoskop\/prasic\/#primaryimage","url":"https:\/\/kosmika-trgovina.si\/LPT\/wp-content\/uploads\/2022\/01\/kitajski-horoskop-prasic-ametist-labradorit.jpg","contentUrl":"https:\/\/kosmika-trgovina.si\/LPT\/wp-content\/uploads\/2022\/01\/kitajski-horoskop-prasic-ametist-labradorit.jpg","width":999,"height":999,"caption":"Kristalni par ametist in labradorit"},{"@type":"BreadcrumbList","@id":"https:\/\/kosmika-trgovina.si\/LPT\/trgovina\/kitajski-horoskop\/prasic\/#breadcrumb","itemListElement":[{"@type":"ListItem","position":1,"name":"Home","item":"https:\/\/kosmika-trgovina.si\/LPT\/"},{"@type":"ListItem","position":2,"name":"Trgovina","item":"https:\/\/kosmika-trgovina.si\/LPT\/"},{"@type":"ListItem","position":3,"name":"Kristalni par: Pra\u0161i\u010d"}]},{"@type":"WebSite","@id":"https:\/\/kosmika-trgovina.si\/LPT\/#website","url":"https:\/\/kosmika-trgovina.si\/LPT\/","name":"Kosmika trgovina","description":"Kosmika trgovina","publisher":{"@id":"https:\/\/kosmika-trgovina.si\/LPT\/#organization"},"potentialAction":[{"@type":"SearchAction","target":{"@type":"EntryPoint","urlTemplate":"https:\/\/kosmika-trgovina.si\/LPT\/?s={search_term_string}"},"query-input":{"@type":"PropertyValueSpecification","valueRequired":true,"valueName":"search_term_string"}}],"inLanguage":"sl-SI"},{"@type":"Organization","@id":"https:\/\/kosmika-trgovina.si\/LPT\/#organization","name":"Kosmika trgovina","url":"https:\/\/kosmika-trgovina.si\/LPT\/","logo":{"@type":"ImageObject","inLanguage":"sl-SI","@id":"https:\/\/kosmika-trgovina.si\/LPT\/#\/schema\/logo\/image\/","url":"https:\/\/kosmika-trgovina.si\/LPT\/wp-content\/uploads\/2020\/01\/cropped-horoskop-logo_top-2.png","contentUrl":"https:\/\/kosmika-trgovina.si\/LPT\/wp-content\/uploads\/2020\/01\/cropped-horoskop-logo_top-2.png","width":404,"height":101,"caption":"Kosmika trgovina"},"image":{"@id":"https:\/\/kosmika-trgovina.si\/LPT\/#\/schema\/logo\/image\/"}}]}},"_links":{"self":[{"href":"https:\/\/kosmika-trgovina.si\/LPT\/wp-json\/wp\/v2\/product\/8441","targetHints":{"allow":["GET"]}}],"collection":[{"href":"https:\/\/kosmika-trgovina.si\/LPT\/wp-json\/wp\/v2\/product"}],"about":[{"href":"https:\/\/kosmika-trgovina.si\/LPT\/wp-json\/wp\/v2\/types\/product"}],"version-history":[{"count":2,"href":"https:\/\/kosmika-trgovina.si\/LPT\/wp-json\/wp\/v2\/product\/8441\/revisions"}],"predecessor-version":[{"id":9081,"href":"https:\/\/kosmika-trgovina.si\/LPT\/wp-json\/wp\/v2\/product\/8441\/revisions\/9081"}],"wp:featuredmedia":[{"embeddable":true,"href":"https:\/\/kosmika-trgovina.si\/LPT\/wp-json\/wp\/v2\/media\/8390"}],"wp:attachment":[{"href":"https:\/\/kosmika-trgovina.si\/LPT\/wp-json\/wp\/v2\/media?parent=8441"}],"wp:term":[{"taxonomy":"product_brand","embeddable":true,"href":"https:\/\/kosmika-trgovina.si\/LPT\/wp-json\/wp\/v2\/product_brand?post=8441"},{"taxonomy":"product_cat","embeddable":true,"href":"https:\/\/kosmika-trgovina.si\/LPT\/wp-json\/wp\/v2\/product_cat?post=8441"},{"taxonomy":"product_tag","embeddable":true,"href":"https:\/\/kosmika-trgovina.si\/LPT\/wp-json\/wp\/v2\/product_tag?post=8441"}],"curies":[{"name":"wp","href":"https:\/\/api.w.org\/{rel}","templated":true}]}}